{"id":3658,"date":"2018-03-28T10:03:29","date_gmt":"2018-03-28T10:03:29","guid":{"rendered":"https:\/\/www.destinazores.com\/?page_id=3658"},"modified":"2018-03-28T10:14:09","modified_gmt":"2018-03-28T10:14:09","slug":"o-que-sao-cookies","status":"publish","type":"page","link":"https:\/\/www.destinazores.com\/pt-pt\/o-que-sao-cookies\/","title":{"rendered":"O que s\u00e3o cookies"},"content":{"rendered":"<p>Cookies s\u00e3o pequenas unidades de dados enviadas a partir de um website e armazenadas no dispositivo do utilizador enquanto este navega no website. Os cookies t\u00eam v\u00e1rias fun\u00e7\u00f5es diferentes, tais como permitir que o website conhe\u00e7a a sua atividade anterior no site, para que a utiliza\u00e7\u00e3o que faz do site seja mais eficiente e agrad\u00e1vel, lembrando-se das suas prefer\u00eancias, permitindo-lhe navegar pelo site e autenticando-o caso se tenha registado no site ou se pretender efetuar uma compra atrav\u00e9s do site. Os cookies podem tamb\u00e9m ajudar a que os an\u00fancios que visualiza online sejam mais relevantes para si e para os seus interesses.<\/p>\n<p>A utiliza\u00e7\u00e3o de cookies n\u00e3o danifica o seu computador de qualquer forma e s\u00e3o normalmente eliminados de forma autom\u00e1tica ap\u00f3s um determinado per\u00edodo de tempo (por exemplo, tr\u00eas meses).<\/p>\n<p><strong>Este site usa cookies?<\/strong><\/p>\n<p>Sim. Como praticamente todos os websites, usamos cookies no site. Isto permite-nos identificar que o mesmo utilizador regressou ao site, quantos utilizadores visitaram o site, as p\u00e1ginas a que acederam e se ocorreram quaisquer problemas t\u00e9cnicos no carregamento das p\u00e1ginas ou na navega\u00e7\u00e3o pelo site. Ao recolher estas informa\u00e7\u00f5es, ficamos a saber que partes do nosso site s\u00e3o mais interessantes ou \u00fateis para os nossos utilizadores e podemos monitorizar o interesse geral. Tamb\u00e9m permite identificar problemas t\u00e9cnicos com o site. Isto, por sua vez, ajuda a garantir que tudo est\u00e1 a trabalhar de forma adequada, ajudando-nos a melhorar a oferta aos nossos visitantes.<\/p>\n<p>Tamb\u00e9m utilizamos cookies para personalizar conte\u00fado e an\u00fancios, fornecer funcionalidades de redes sociais e analisar o nosso tr\u00e1fego. Partilhamos informa\u00e7\u00f5es acerca da sua utiliza\u00e7\u00e3o do site com os nossos parceiros de redes sociais, publicidade e an\u00e1lise.<\/p>\n<p><strong>Sou obrigado a aceitar cookies para utilizar este website?<\/strong><\/p>\n<p>N\u00e3o. Pode desativar a utiliza\u00e7\u00e3o de cookies, desativando a fun\u00e7\u00e3o de cookies do seu navegador. No entanto, algumas partes do site, bem como da maioria dos outros sites, n\u00e3o ir\u00e3o funcionar corretamente caso opte por faz\u00ea-lo. Por exemplo, se pretender efetuar uma compra atrav\u00e9s do site ou inserir uma palavra-passe para aceder a uma \u00e1rea restrita, s\u00f3 poder\u00e1 faz\u00ea-lo caso o site consiga autenticar a sua identidade atrav\u00e9s de cookies.<\/p>\n<p><strong>Que tipos de cookies s\u00e3o utilizados?<\/strong><\/p>\n<p>Cookies estritamente necess\u00e1rios (ou essenciais). Estes cookies s\u00e3o essenciais para lhe permitir deslocar-se num website e utilizar as suas funcionalidades, como servi\u00e7os que solicitou. Sem estes cookies, esses servi\u00e7os n\u00e3o estariam dispon\u00edveis para si. Isto inclui, por exemplo, navegar como utilizador registado, aceder a \u00e1reas seguras do site ou efetuar compras atrav\u00e9s do site.<\/p>\n<p>Cookies de desempenho. Estes cookies recolhem informa\u00e7\u00f5es sobre a forma como os visitantes utilizam um website, tal como as p\u00e1ginas que os utilizadores visualizam com mais frequ\u00eancia e se receberam mensagens de erro das p\u00e1ginas web. Estes cookies n\u00e3o recolhem informa\u00e7\u00f5es que possam identificar um visitante. As informa\u00e7\u00f5es recolhidas s\u00e3o agregadas e an\u00f3nimas. S\u00f3 s\u00e3o utilizadas para melhorar a forma como o website funciona.<\/p>\n<p>Cookies de funcionalidades. Estes cookies permitem que o website se lembre das escolhas que faz (tal como nome de utilizador, idioma ou regi\u00e3o onde se encontra). Isto, por sua vez, permite que o site lhe ofere\u00e7a funcionalidades melhoradas e mais personalizadas, dando-lhe uma melhor experi\u00eancia durante a utiliza\u00e7\u00e3o. As informa\u00e7\u00f5es recolhidas por estes cookies s\u00e3o normalmente tornadas an\u00f3nimas e n\u00e3o incluem a sua atividade de navega\u00e7\u00e3o noutros websites.<\/p>\n<p><strong>O que acontece se autorizar cookies no meu browser?<\/strong><\/p>\n<p>Exceto se desativar estas tecnologias, ao utilizar o este website e os servi\u00e7os online, aceita que podemos colocar cookies e tecnologias associadas no seu dispositivo.<\/p>\n<p><strong>O que s\u00e3o web beacons?<\/strong><\/p>\n<p>Algumas p\u00e1ginas do site poder\u00e3o conter web beacons (tamb\u00e9m conhecidos por tags de Internet, tags de pixel e GIF transparentes). Utilizamos web beacons para ajudar a apresentar os conte\u00fados aos utilizadores e a gerar estat\u00edsticas sobre tr\u00e1fego e tend\u00eancias da Internet. Os web beacons n\u00e3o o conseguem identificar individualmente.<\/p>\n<p><strong>Como posso retirar o consentimento da utiliza\u00e7\u00e3o de cookies ou de tecnologias semelhantes?<\/strong><\/p>\n<p>Pode definir o seu navegador para impedir a utiliza\u00e7\u00e3o de cookies. Se o fizer, pode continuar a navegar no website, mas poder\u00e1 n\u00e3o conseguir utilizar algumas das suas funcionalidades.<\/p>\n","protected":false},"excerpt":{"rendered":"<p>Cookies s\u00e3o pequenas unidades de dados enviadas a partir de um website e armazenadas no dispositivo do utilizador enquanto este navega no website. Os cookies t\u00eam v\u00e1rias fun\u00e7\u00f5es diferentes, tais como permitir que o website conhe\u00e7a a sua atividade anterior no site, para que a utiliza\u00e7\u00e3o que faz do site seja mais eficiente e agrad\u00e1vel, lembrando-se das suas prefer\u00eancias, permitindo-lhe &hellip;<\/p>\n","protected":false},"author":1,"featured_media":0,"parent":0,"menu_order":0,"comment_status":"closed","ping_status":"closed","template":"templates\/page-sidebar-right.php","meta":{"ngg_post_thumbnail":0,"footnotes":""},"class_list":["post-3658","page","type-page","status-publish","hentry"],"yoast_head":"<!-- This site is optimized with the Yoast SEO plugin v24.9 - https:\/\/yoast.com\/wordpress\/plugins\/seo\/ -->\n<title>O que s\u00e3o cookies - Destinazores<\/title>\n<meta name=\"robots\" content=\"index, follow, max-snippet:-1, max-image-preview:large, max-video-preview:-1\" \/>\n<link rel=\"canonical\" href=\"https:\/\/www.destinazores.com\/pt-pt\/o-que-sao-cookies\/\" \/>\n<meta property=\"og:locale\" content=\"pt_PT\" \/>\n<meta property=\"og:type\" content=\"article\" \/>\n<meta property=\"og:title\" content=\"O que s\u00e3o cookies - Destinazores\" \/>\n<meta property=\"og:description\" content=\"Cookies s\u00e3o pequenas unidades de dados enviadas a partir de um website e armazenadas no dispositivo do utilizador enquanto este navega no website. Os cookies t\u00eam v\u00e1rias fun\u00e7\u00f5es diferentes, tais como permitir que o website conhe\u00e7a a sua atividade anterior no site, para que a utiliza\u00e7\u00e3o que faz do site seja mais eficiente e agrad\u00e1vel, lembrando-se das suas prefer\u00eancias, permitindo-lhe &hellip;\" \/>\n<meta property=\"og:url\" content=\"https:\/\/www.destinazores.com\/pt-pt\/o-que-sao-cookies\/\" \/>\n<meta property=\"og:site_name\" content=\"Destinazores\" \/>\n<meta property=\"article:publisher\" content=\"https:\/\/www.facebook.com\/destinazores\" \/>\n<meta property=\"article:modified_time\" content=\"2018-03-28T10:14:09+00:00\" \/>\n<meta property=\"og:image\" content=\"https:\/\/www.destinazores.com\/wp-content\/uploads\/2022\/11\/64.jpg\" \/>\n\t<meta property=\"og:image:width\" content=\"1080\" \/>\n\t<meta property=\"og:image:height\" content=\"1080\" \/>\n\t<meta property=\"og:image:type\" content=\"image\/jpeg\" \/>\n<meta name=\"twitter:card\" content=\"summary_large_image\" \/>\n<meta name=\"twitter:label1\" content=\"Tempo estimado de leitura\" \/>\n\t<meta name=\"twitter:data1\" content=\"4 minutos\" \/>\n<script type=\"application\/ld+json\" class=\"yoast-schema-graph\">{\"@context\":\"https:\/\/schema.org\",\"@graph\":[{\"@type\":\"WebPage\",\"@id\":\"https:\/\/www.destinazores.com\/pt-pt\/o-que-sao-cookies\/\",\"url\":\"https:\/\/www.destinazores.com\/pt-pt\/o-que-sao-cookies\/\",\"name\":\"O que s\u00e3o cookies - Destinazores\",\"isPartOf\":{\"@id\":\"https:\/\/www.destinazores.com\/en\/#website\"},\"datePublished\":\"2018-03-28T10:03:29+00:00\",\"dateModified\":\"2018-03-28T10:14:09+00:00\",\"breadcrumb\":{\"@id\":\"https:\/\/www.destinazores.com\/pt-pt\/o-que-sao-cookies\/#breadcrumb\"},\"inLanguage\":\"pt-PT\",\"potentialAction\":[{\"@type\":\"ReadAction\",\"target\":[\"https:\/\/www.destinazores.com\/pt-pt\/o-que-sao-cookies\/\"]}]},{\"@type\":\"BreadcrumbList\",\"@id\":\"https:\/\/www.destinazores.com\/pt-pt\/o-que-sao-cookies\/#breadcrumb\",\"itemListElement\":[{\"@type\":\"ListItem\",\"position\":1,\"name\":\"In\u00edcio\",\"item\":\"https:\/\/www.destinazores.com\/en\/\"},{\"@type\":\"ListItem\",\"position\":2,\"name\":\"O que s\u00e3o cookies\"}]},{\"@type\":\"WebSite\",\"@id\":\"https:\/\/www.destinazores.com\/en\/#website\",\"url\":\"https:\/\/www.destinazores.com\/en\/\",\"name\":\"Destinazores\",\"description\":\"Um Para\u00edso Natural\",\"publisher\":{\"@id\":\"https:\/\/www.destinazores.com\/en\/#organization\"},\"potentialAction\":[{\"@type\":\"SearchAction\",\"target\":{\"@type\":\"EntryPoint\",\"urlTemplate\":\"https:\/\/www.destinazores.com\/en\/?s={search_term_string}\"},\"query-input\":{\"@type\":\"PropertyValueSpecification\",\"valueRequired\":true,\"valueName\":\"search_term_string\"}}],\"inLanguage\":\"pt-PT\"},{\"@type\":\"Organization\",\"@id\":\"https:\/\/www.destinazores.com\/en\/#organization\",\"name\":\"LGM - Gest\u00e3o de Suportes Publicit\u00e1rios\",\"url\":\"https:\/\/www.destinazores.com\/en\/\",\"logo\":{\"@type\":\"ImageObject\",\"inLanguage\":\"pt-PT\",\"@id\":\"https:\/\/www.destinazores.com\/en\/#\/schema\/logo\/image\/\",\"url\":\"https:\/\/www.destinazores.com\/wp-content\/uploads\/2018\/04\/cropped-favicon.png\",\"contentUrl\":\"https:\/\/www.destinazores.com\/wp-content\/uploads\/2018\/04\/cropped-favicon.png\",\"width\":512,\"height\":512,\"caption\":\"LGM - Gest\u00e3o de Suportes Publicit\u00e1rios\"},\"image\":{\"@id\":\"https:\/\/www.destinazores.com\/en\/#\/schema\/logo\/image\/\"},\"sameAs\":[\"https:\/\/www.facebook.com\/destinazores\",\"https:\/\/www.instagram.com\/destinazoresguide\/\"]}]}<\/script>\n<!-- \/ Yoast SEO plugin. -->","yoast_head_json":{"title":"O que s\u00e3o cookies - Destinazores","robots":{"index":"index","follow":"follow","max-snippet":"max-snippet:-1","max-image-preview":"max-image-preview:large","max-video-preview":"max-video-preview:-1"},"canonical":"https:\/\/www.destinazores.com\/pt-pt\/o-que-sao-cookies\/","og_locale":"pt_PT","og_type":"article","og_title":"O que s\u00e3o cookies - Destinazores","og_description":"Cookies s\u00e3o pequenas unidades de dados enviadas a partir de um website e armazenadas no dispositivo do utilizador enquanto este navega no website. Os cookies t\u00eam v\u00e1rias fun\u00e7\u00f5es diferentes, tais como permitir que o website conhe\u00e7a a sua atividade anterior no site, para que a utiliza\u00e7\u00e3o que faz do site seja mais eficiente e agrad\u00e1vel, lembrando-se das suas prefer\u00eancias, permitindo-lhe &hellip;","og_url":"https:\/\/www.destinazores.com\/pt-pt\/o-que-sao-cookies\/","og_site_name":"Destinazores","article_publisher":"https:\/\/www.facebook.com\/destinazores","article_modified_time":"2018-03-28T10:14:09+00:00","og_image":[{"width":1080,"height":1080,"url":"https:\/\/www.destinazores.com\/wp-content\/uploads\/2022\/11\/64.jpg","type":"image\/jpeg"}],"twitter_card":"summary_large_image","twitter_misc":{"Tempo estimado de leitura":"4 minutos"},"schema":{"@context":"https:\/\/schema.org","@graph":[{"@type":"WebPage","@id":"https:\/\/www.destinazores.com\/pt-pt\/o-que-sao-cookies\/","url":"https:\/\/www.destinazores.com\/pt-pt\/o-que-sao-cookies\/","name":"O que s\u00e3o cookies - Destinazores","isPartOf":{"@id":"https:\/\/www.destinazores.com\/en\/#website"},"datePublished":"2018-03-28T10:03:29+00:00","dateModified":"2018-03-28T10:14:09+00:00","breadcrumb":{"@id":"https:\/\/www.destinazores.com\/pt-pt\/o-que-sao-cookies\/#breadcrumb"},"inLanguage":"pt-PT","potentialAction":[{"@type":"ReadAction","target":["https:\/\/www.destinazores.com\/pt-pt\/o-que-sao-cookies\/"]}]},{"@type":"BreadcrumbList","@id":"https:\/\/www.destinazores.com\/pt-pt\/o-que-sao-cookies\/#breadcrumb","itemListElement":[{"@type":"ListItem","position":1,"name":"In\u00edcio","item":"https:\/\/www.destinazores.com\/en\/"},{"@type":"ListItem","position":2,"name":"O que s\u00e3o cookies"}]},{"@type":"WebSite","@id":"https:\/\/www.destinazores.com\/en\/#website","url":"https:\/\/www.destinazores.com\/en\/","name":"Destinazores","description":"Um Para\u00edso Natural","publisher":{"@id":"https:\/\/www.destinazores.com\/en\/#organization"},"potentialAction":[{"@type":"SearchAction","target":{"@type":"EntryPoint","urlTemplate":"https:\/\/www.destinazores.com\/en\/?s={search_term_string}"},"query-input":{"@type":"PropertyValueSpecification","valueRequired":true,"valueName":"search_term_string"}}],"inLanguage":"pt-PT"},{"@type":"Organization","@id":"https:\/\/www.destinazores.com\/en\/#organization","name":"LGM - Gest\u00e3o de Suportes Publicit\u00e1rios","url":"https:\/\/www.destinazores.com\/en\/","logo":{"@type":"ImageObject","inLanguage":"pt-PT","@id":"https:\/\/www.destinazores.com\/en\/#\/schema\/logo\/image\/","url":"https:\/\/www.destinazores.com\/wp-content\/uploads\/2018\/04\/cropped-favicon.png","contentUrl":"https:\/\/www.destinazores.com\/wp-content\/uploads\/2018\/04\/cropped-favicon.png","width":512,"height":512,"caption":"LGM - Gest\u00e3o de Suportes Publicit\u00e1rios"},"image":{"@id":"https:\/\/www.destinazores.com\/en\/#\/schema\/logo\/image\/"},"sameAs":["https:\/\/www.facebook.com\/destinazores","https:\/\/www.instagram.com\/destinazoresguide\/"]}]}},"_links":{"self":[{"href":"https:\/\/www.destinazores.com\/pt-pt\/wp-json\/wp\/v2\/pages\/3658","targetHints":{"allow":["GET"]}}],"collection":[{"href":"https:\/\/www.destinazores.com\/pt-pt\/wp-json\/wp\/v2\/pages"}],"about":[{"href":"https:\/\/www.destinazores.com\/pt-pt\/wp-json\/wp\/v2\/types\/page"}],"author":[{"embeddable":true,"href":"https:\/\/www.destinazores.com\/pt-pt\/wp-json\/wp\/v2\/users\/1"}],"replies":[{"embeddable":true,"href":"https:\/\/www.destinazores.com\/pt-pt\/wp-json\/wp\/v2\/comments?post=3658"}],"version-history":[{"count":1,"href":"https:\/\/www.destinazores.com\/pt-pt\/wp-json\/wp\/v2\/pages\/3658\/revisions"}],"predecessor-version":[{"id":3659,"href":"https:\/\/www.destinazores.com\/pt-pt\/wp-json\/wp\/v2\/pages\/3658\/revisions\/3659"}],"wp:attachment":[{"href":"https:\/\/www.destinazores.com\/pt-pt\/wp-json\/wp\/v2\/media?parent=3658"}],"curies":[{"name":"wp","href":"https:\/\/api.w.org\/{rel}","templated":true}]}}