{"id":3670,"date":"2018-03-28T15:27:52","date_gmt":"2018-03-28T15:27:52","guid":{"rendered":"https:\/\/www.destinazores.com\/?page_id=3670"},"modified":"2025-04-23T14:52:14","modified_gmt":"2025-04-23T14:52:14","slug":"formulario-de-registo","status":"publish","type":"page","link":"https:\/\/www.destinazores.com\/pt-pt\/formulario-de-registo\/","title":{"rendered":"Formul\u00e1rio de Registo"},"content":{"rendered":"<script async src=\"https:\/\/pagead2.googlesyndication.com\/pagead\/js\/adsbygoogle.js?client=ca-pub-7076871797896649\"\n     crossorigin=\"anonymous\"><\/script>\n<ins class=\"adsbygoogle\"\n     style=\"display:block; text-align:center;\"\n     data-ad-layout=\"in-article\"\n     data-ad-format=\"fluid\"\n     data-ad-client=\"ca-pub-7076871797896649\"\n     data-ad-slot=\"8994419233\"><\/ins>\n<script>\n     (adsbygoogle = window.adsbygoogle || []).push({});\n<\/script>\n<div role=\"form\" class=\"wpcf7\" id=\"wpcf7-f3649-o1\" lang=\"pt-PT\" dir=\"ltr\">\n<div class=\"screen-reader-response\"><\/div>\n<form action=\"\/pt-pt\/wp-json\/wp\/v2\/pages\/3670#wpcf7-f3649-o1\" method=\"post\" class=\"wpcf7-form\" enctype=\"multipart\/form-data\" novalidate=\"novalidate\">\n<div style=\"display: none;\">\n<input type=\"hidden\" name=\"_wpcf7\" value=\"3649\" \/>\n<input type=\"hidden\" name=\"_wpcf7_version\" value=\"5.1.7\" \/>\n<input type=\"hidden\" name=\"_wpcf7_locale\" value=\"pt_PT\" \/>\n<input type=\"hidden\" name=\"_wpcf7_unit_tag\" value=\"wpcf7-f3649-o1\" \/>\n<input type=\"hidden\" name=\"_wpcf7_container_post\" value=\"0\" \/>\n<input type=\"hidden\" name=\"g-recaptcha-response\" value=\"\" \/>\n<\/div>\n<style>\na.tip {\n    text-decoration: none;\n    margin-left: 15px;\n}\na.tip:hover {\n    cursor: help;\n    position: relative\n}\na.tip span {\n    display: none\n}\na.tip:hover span {\n    border: #c0c0c0 1px dotted;\n    padding: 5px 20px 5px 5px;\n    display: block;\n    z-index: 100;\n    background: url(..\/images\/status-info.png) #f0f0f0 no-repeat 100% 5%;\n    left: 0px;\n    margin: 10px;\n    width: 350px;\n    position: absolute;\n    top: 10px;\n    text-decoration: none\n}<\/p>\n<\/style>\n<div class=\"row\">\n<div class=\"col-sm-12 col-md-6\">\n<h3>OS SEUS DADOS DE CONTACTO<\/h3>\n<p>Nome <span class=\"wpcf7-form-control-wrap your-name\"><input type=\"text\" name=\"your-name\" value=\"\" size=\"40\" class=\"wpcf7-form-control wpcf7-text wpcf7-validates-as-required\" aria-required=\"true\" aria-invalid=\"false\" placeholder=\"O seu nome\" \/><\/span><br \/>\nE-mail <span class=\"wpcf7-form-control-wrap your-email\"><input type=\"email\" name=\"your-email\" value=\"\" size=\"40\" class=\"wpcf7-form-control wpcf7-text wpcf7-email wpcf7-validates-as-required wpcf7-validates-as-email\" aria-required=\"true\" aria-invalid=\"false\" placeholder=\"O seu e-mail\" \/><\/span><br \/>\nTelefone <span class=\"wpcf7-form-control-wrap telefone\"><input type=\"text\" name=\"telefone\" value=\"\" size=\"40\" class=\"wpcf7-form-control wpcf7-text\" aria-invalid=\"false\" placeholder=\"O seu telefone\" \/><\/span> <\/label>\n<\/div>\n<div class=\"col-sm-12 col-md-6\">\n<img decoding=\"async\" src=\"https:\/\/www.destinazores.com\/wp-content\/uploads\/2018\/03\/vantagens-registo.jpg\">\n<\/div>\n<\/div>\n<div class=\"row\">\n<div class=\"col-sm-12 col-sm-6\">\n<h3>DADOS DA EMPRESA<\/h3>\n<p>Nome <span class=\"wpcf7-form-control-wrap nome-empresa\"><input type=\"text\" name=\"nome-empresa\" value=\"\" size=\"40\" class=\"wpcf7-form-control wpcf7-text\" aria-invalid=\"false\" placeholder=\"Nome da empresa\" \/><\/span><br \/>\nMorada <span class=\"wpcf7-form-control-wrap morada\"><input type=\"text\" name=\"morada\" value=\"\" size=\"40\" class=\"wpcf7-form-control wpcf7-text\" aria-invalid=\"false\" placeholder=\"Morada da empresa\" \/><\/span><br \/>\nMorada (linha 2) <span class=\"wpcf7-form-control-wrap morada2\"><input type=\"text\" name=\"morada2\" value=\"\" size=\"40\" class=\"wpcf7-form-control wpcf7-text\" aria-invalid=\"false\" placeholder=\"Morada (linha 2)\" \/><\/span><br \/>\nContribuinte <span class=\"wpcf7-form-control-wrap contribuinte\"><input type=\"text\" name=\"contribuinte\" value=\"\" size=\"40\" class=\"wpcf7-form-control wpcf7-text\" aria-invalid=\"false\" placeholder=\"Contribuinte\" \/><\/span><br \/>\nTelefone <span class=\"wpcf7-form-control-wrap telefone-empresa\"><input type=\"text\" name=\"telefone-empresa\" value=\"\" size=\"40\" class=\"wpcf7-form-control wpcf7-text\" aria-invalid=\"false\" placeholder=\"Telefone\" \/><\/span><br \/>\nTelem\u00f3vel <span class=\"wpcf7-form-control-wrap telemovel-empresa\"><input type=\"text\" name=\"telemovel-empresa\" value=\"\" size=\"40\" class=\"wpcf7-form-control wpcf7-text\" aria-invalid=\"false\" placeholder=\"Telem\u00f3vel\" \/><\/span><\/label><br \/>\nE-mail <span class=\"wpcf7-form-control-wrap email-empresa\"><input type=\"text\" name=\"email-empresa\" value=\"\" size=\"40\" class=\"wpcf7-form-control wpcf7-text\" aria-invalid=\"false\" placeholder=\"E-mail da empresa\" \/><\/span><\/label><\/p>\n<h3>COORDENADAS GPS<\/h3>\n<p>Latitude <span class=\"wpcf7-form-control-wrap latitude\"><input type=\"text\" name=\"latitude\" value=\"\" size=\"40\" class=\"wpcf7-form-control wpcf7-text\" aria-invalid=\"false\" placeholder=\"Latitude\" \/><\/span><br \/>\nLongitude <span class=\"wpcf7-form-control-wrap longitude\"><input type=\"text\" name=\"longitude\" value=\"\" size=\"40\" class=\"wpcf7-form-control wpcf7-text\" aria-invalid=\"false\" placeholder=\"Longitude\" \/><\/span><\/p>\n<h3>TERMOS E CONDI\u00c7\u00d5ES<\/h3>\n<p>Aceito os termos e condi\u00e7\u00f5es de Destinazores <span class=\"wpcf7-form-control-wrap acceptance\"><span class=\"wpcf7-form-control wpcf7-acceptance\"><span class=\"wpcf7-list-item\"><input type=\"checkbox\" name=\"acceptance\" value=\"1\" aria-invalid=\"false\" \/><\/span><\/span><\/span><br \/>\nPara ver a nossa pol\u00edtica de privacidade <a href=\"https:\/\/www.destinazores.com\/politica-de-privacidade\" target=\"_blank\">clique aqui<\/a>\n<\/div>\n<div class=\"col-sm-12 col-sm-6\">\n<h3>PRESEN\u00c7A NA INTERNET<\/h3>\n<p>Website <span class=\"wpcf7-form-control-wrap website\"><input type=\"text\" name=\"website\" value=\"\" size=\"40\" class=\"wpcf7-form-control wpcf7-text\" aria-invalid=\"false\" placeholder=\"O seu website\" \/><\/span><br \/>\nFacebook <span class=\"wpcf7-form-control-wrap facebook\"><input type=\"text\" name=\"facebook\" value=\"\" size=\"40\" class=\"wpcf7-form-control wpcf7-text\" aria-invalid=\"false\" placeholder=\"O seu link Facebook\" \/><\/span><br \/>\nTripAdvisor <span class=\"wpcf7-form-control-wrap tripadvisor\"><input type=\"text\" name=\"tripadvisor\" value=\"\" size=\"40\" class=\"wpcf7-form-control wpcf7-text\" aria-invalid=\"false\" placeholder=\"O seu link TripAdvisor\" \/><\/span><br \/>\nInstagram <span class=\"wpcf7-form-control-wrap instagram\"><input type=\"text\" name=\"instagram\" value=\"\" size=\"40\" class=\"wpcf7-form-control wpcf7-text\" aria-invalid=\"false\" placeholder=\"O seu link Instagram\" \/><\/span><br \/>\nReservas <span class=\"wpcf7-form-control-wrap reservas\"><input type=\"text\" name=\"reservas\" value=\"\" size=\"40\" class=\"wpcf7-form-control wpcf7-text\" aria-invalid=\"false\" placeholder=\"O seu link para reservas\" \/><\/span><br \/>\nYoutube <span class=\"wpcf7-form-control-wrap youtube\"><input type=\"text\" name=\"youtube\" value=\"\" size=\"40\" class=\"wpcf7-form-control wpcf7-text\" aria-invalid=\"false\" placeholder=\"O seu link Youtube\" \/><\/span><br \/>\nGaleria de fotos <span class=\"wpcf7-form-control-wrap google-photos\"><input type=\"text\" name=\"google-photos\" value=\"\" size=\"40\" class=\"wpcf7-form-control wpcf7-text\" aria-invalid=\"false\" placeholder=\"O seu link de fotos\" \/><\/span><\/p>\n<p><label>Imagem de destaque <span class=\"wpcf7-form-control-wrap imagem-destaque\"><input type=\"file\" name=\"imagem-destaque\" size=\"40\" class=\"wpcf7-form-control wpcf7-file\" accept=\".png,.jpg,.jpeg\" aria-invalid=\"false\" \/><\/span><\/label><a class=\"tip\"><img decoding=\"async\" style=\"width: 25px\" src=\"https:\/\/www.destinazores.com\/wp-content\/uploads\/2018\/03\/informacao.png\"><br \/>\n<span>Tenha em conta que a imagem dever\u00e1 ter qualidade suficiente para ecr\u00e3s de grandes dimens\u00f5es. A Destinazores reserva o direito de proceder a tratamento inform\u00e1tico de imagens antes da respetiva publica\u00e7\u00e3o.<\/span><\/a><\/p>\n<p>Apresenta\u00e7\u00e3o <span class=\"wpcf7-form-control-wrap empresa-texto\"><textarea name=\"empresa-texto\" cols=\"40\" rows=\"10\" class=\"wpcf7-form-control wpcf7-textarea\" aria-invalid=\"false\" placeholder=\"Texto de apresenta\u00e7\u00e3o da sua empresa\"><\/textarea><\/span><br \/>\nOutros dados <span class=\"wpcf7-form-control-wrap empresa-obs\"><textarea name=\"empresa-obs\" cols=\"40\" rows=\"10\" class=\"wpcf7-form-control wpcf7-textarea\" aria-invalid=\"false\" placeholder=\"Outros dados relevantes da sua empresa\"><\/textarea><\/span><br \/>\n<br><br \/>\n<input type=\"submit\" value=\"Enviar\" class=\"wpcf7-form-control wpcf7-submit\" \/><\/p>\n\n<\/div>\n<\/div>\n<div class=\"wpcf7-response-output wpcf7-display-none\"><\/div><\/form><\/div>\n","protected":false},"excerpt":{"rendered":"","protected":false},"author":1,"featured_media":0,"parent":0,"menu_order":0,"comment_status":"closed","ping_status":"closed","template":"","meta":{"ngg_post_thumbnail":0,"footnotes":""},"class_list":["post-3670","page","type-page","status-publish","hentry"],"yoast_head":"<!-- This site is optimized with the Yoast SEO plugin v24.9 - https:\/\/yoast.com\/wordpress\/plugins\/seo\/ -->\n<title>Formul\u00e1rio de Registo - Destinazores<\/title>\n<meta name=\"robots\" content=\"index, follow, max-snippet:-1, max-image-preview:large, max-video-preview:-1\" \/>\n<link rel=\"canonical\" href=\"https:\/\/www.destinazores.com\/pt-pt\/formulario-de-registo\/\" \/>\n<meta property=\"og:locale\" content=\"pt_PT\" \/>\n<meta property=\"og:type\" content=\"article\" \/>\n<meta property=\"og:title\" content=\"Formul\u00e1rio de Registo - Destinazores\" \/>\n<meta property=\"og:url\" content=\"https:\/\/www.destinazores.com\/pt-pt\/formulario-de-registo\/\" \/>\n<meta property=\"og:site_name\" content=\"Destinazores\" \/>\n<meta property=\"article:publisher\" content=\"https:\/\/www.facebook.com\/destinazores\" \/>\n<meta property=\"article:modified_time\" content=\"2025-04-23T14:52:14+00:00\" \/>\n<meta property=\"og:image\" content=\"https:\/\/www.destinazores.com\/wp-content\/uploads\/2022\/11\/64.jpg\" \/>\n\t<meta property=\"og:image:width\" content=\"1080\" \/>\n\t<meta property=\"og:image:height\" content=\"1080\" \/>\n\t<meta property=\"og:image:type\" content=\"image\/jpeg\" \/>\n<meta name=\"twitter:card\" content=\"summary_large_image\" \/>\n<meta name=\"twitter:label1\" content=\"Tempo estimado de leitura\" \/>\n\t<meta name=\"twitter:data1\" content=\"1 minuto\" \/>\n<script type=\"application\/ld+json\" class=\"yoast-schema-graph\">{\"@context\":\"https:\/\/schema.org\",\"@graph\":[{\"@type\":\"WebPage\",\"@id\":\"https:\/\/www.destinazores.com\/pt-pt\/formulario-de-registo\/\",\"url\":\"https:\/\/www.destinazores.com\/pt-pt\/formulario-de-registo\/\",\"name\":\"Formul\u00e1rio de Registo - Destinazores\",\"isPartOf\":{\"@id\":\"https:\/\/www.destinazores.com\/en\/#website\"},\"datePublished\":\"2018-03-28T15:27:52+00:00\",\"dateModified\":\"2025-04-23T14:52:14+00:00\",\"breadcrumb\":{\"@id\":\"https:\/\/www.destinazores.com\/pt-pt\/formulario-de-registo\/#breadcrumb\"},\"inLanguage\":\"pt-PT\",\"potentialAction\":[{\"@type\":\"ReadAction\",\"target\":[\"https:\/\/www.destinazores.com\/pt-pt\/formulario-de-registo\/\"]}]},{\"@type\":\"BreadcrumbList\",\"@id\":\"https:\/\/www.destinazores.com\/pt-pt\/formulario-de-registo\/#breadcrumb\",\"itemListElement\":[{\"@type\":\"ListItem\",\"position\":1,\"name\":\"In\u00edcio\",\"item\":\"https:\/\/www.destinazores.com\/en\/\"},{\"@type\":\"ListItem\",\"position\":2,\"name\":\"Formul\u00e1rio de Registo\"}]},{\"@type\":\"WebSite\",\"@id\":\"https:\/\/www.destinazores.com\/en\/#website\",\"url\":\"https:\/\/www.destinazores.com\/en\/\",\"name\":\"Destinazores\",\"description\":\"Um Para\u00edso Natural\",\"publisher\":{\"@id\":\"https:\/\/www.destinazores.com\/en\/#organization\"},\"potentialAction\":[{\"@type\":\"SearchAction\",\"target\":{\"@type\":\"EntryPoint\",\"urlTemplate\":\"https:\/\/www.destinazores.com\/en\/?s={search_term_string}\"},\"query-input\":{\"@type\":\"PropertyValueSpecification\",\"valueRequired\":true,\"valueName\":\"search_term_string\"}}],\"inLanguage\":\"pt-PT\"},{\"@type\":\"Organization\",\"@id\":\"https:\/\/www.destinazores.com\/en\/#organization\",\"name\":\"LGM - Gest\u00e3o de Suportes Publicit\u00e1rios\",\"url\":\"https:\/\/www.destinazores.com\/en\/\",\"logo\":{\"@type\":\"ImageObject\",\"inLanguage\":\"pt-PT\",\"@id\":\"https:\/\/www.destinazores.com\/en\/#\/schema\/logo\/image\/\",\"url\":\"https:\/\/www.destinazores.com\/wp-content\/uploads\/2018\/04\/cropped-favicon.png\",\"contentUrl\":\"https:\/\/www.destinazores.com\/wp-content\/uploads\/2018\/04\/cropped-favicon.png\",\"width\":512,\"height\":512,\"caption\":\"LGM - Gest\u00e3o de Suportes Publicit\u00e1rios\"},\"image\":{\"@id\":\"https:\/\/www.destinazores.com\/en\/#\/schema\/logo\/image\/\"},\"sameAs\":[\"https:\/\/www.facebook.com\/destinazores\",\"https:\/\/www.instagram.com\/destinazoresguide\/\"]}]}<\/script>\n<!-- \/ Yoast SEO plugin. -->","yoast_head_json":{"title":"Formul\u00e1rio de Registo - Destinazores","robots":{"index":"index","follow":"follow","max-snippet":"max-snippet:-1","max-image-preview":"max-image-preview:large","max-video-preview":"max-video-preview:-1"},"canonical":"https:\/\/www.destinazores.com\/pt-pt\/formulario-de-registo\/","og_locale":"pt_PT","og_type":"article","og_title":"Formul\u00e1rio de Registo - Destinazores","og_url":"https:\/\/www.destinazores.com\/pt-pt\/formulario-de-registo\/","og_site_name":"Destinazores","article_publisher":"https:\/\/www.facebook.com\/destinazores","article_modified_time":"2025-04-23T14:52:14+00:00","og_image":[{"width":1080,"height":1080,"url":"https:\/\/www.destinazores.com\/wp-content\/uploads\/2022\/11\/64.jpg","type":"image\/jpeg"}],"twitter_card":"summary_large_image","twitter_misc":{"Tempo estimado de leitura":"1 minuto"},"schema":{"@context":"https:\/\/schema.org","@graph":[{"@type":"WebPage","@id":"https:\/\/www.destinazores.com\/pt-pt\/formulario-de-registo\/","url":"https:\/\/www.destinazores.com\/pt-pt\/formulario-de-registo\/","name":"Formul\u00e1rio de Registo - Destinazores","isPartOf":{"@id":"https:\/\/www.destinazores.com\/en\/#website"},"datePublished":"2018-03-28T15:27:52+00:00","dateModified":"2025-04-23T14:52:14+00:00","breadcrumb":{"@id":"https:\/\/www.destinazores.com\/pt-pt\/formulario-de-registo\/#breadcrumb"},"inLanguage":"pt-PT","potentialAction":[{"@type":"ReadAction","target":["https:\/\/www.destinazores.com\/pt-pt\/formulario-de-registo\/"]}]},{"@type":"BreadcrumbList","@id":"https:\/\/www.destinazores.com\/pt-pt\/formulario-de-registo\/#breadcrumb","itemListElement":[{"@type":"ListItem","position":1,"name":"In\u00edcio","item":"https:\/\/www.destinazores.com\/en\/"},{"@type":"ListItem","position":2,"name":"Formul\u00e1rio de Registo"}]},{"@type":"WebSite","@id":"https:\/\/www.destinazores.com\/en\/#website","url":"https:\/\/www.destinazores.com\/en\/","name":"Destinazores","description":"Um Para\u00edso Natural","publisher":{"@id":"https:\/\/www.destinazores.com\/en\/#organization"},"potentialAction":[{"@type":"SearchAction","target":{"@type":"EntryPoint","urlTemplate":"https:\/\/www.destinazores.com\/en\/?s={search_term_string}"},"query-input":{"@type":"PropertyValueSpecification","valueRequired":true,"valueName":"search_term_string"}}],"inLanguage":"pt-PT"},{"@type":"Organization","@id":"https:\/\/www.destinazores.com\/en\/#organization","name":"LGM - Gest\u00e3o de Suportes Publicit\u00e1rios","url":"https:\/\/www.destinazores.com\/en\/","logo":{"@type":"ImageObject","inLanguage":"pt-PT","@id":"https:\/\/www.destinazores.com\/en\/#\/schema\/logo\/image\/","url":"https:\/\/www.destinazores.com\/wp-content\/uploads\/2018\/04\/cropped-favicon.png","contentUrl":"https:\/\/www.destinazores.com\/wp-content\/uploads\/2018\/04\/cropped-favicon.png","width":512,"height":512,"caption":"LGM - Gest\u00e3o de Suportes Publicit\u00e1rios"},"image":{"@id":"https:\/\/www.destinazores.com\/en\/#\/schema\/logo\/image\/"},"sameAs":["https:\/\/www.facebook.com\/destinazores","https:\/\/www.instagram.com\/destinazoresguide\/"]}]}},"_links":{"self":[{"href":"https:\/\/www.destinazores.com\/pt-pt\/wp-json\/wp\/v2\/pages\/3670","targetHints":{"allow":["GET"]}}],"collection":[{"href":"https:\/\/www.destinazores.com\/pt-pt\/wp-json\/wp\/v2\/pages"}],"about":[{"href":"https:\/\/www.destinazores.com\/pt-pt\/wp-json\/wp\/v2\/types\/page"}],"author":[{"embeddable":true,"href":"https:\/\/www.destinazores.com\/pt-pt\/wp-json\/wp\/v2\/users\/1"}],"replies":[{"embeddable":true,"href":"https:\/\/www.destinazores.com\/pt-pt\/wp-json\/wp\/v2\/comments?post=3670"}],"version-history":[{"count":13,"href":"https:\/\/www.destinazores.com\/pt-pt\/wp-json\/wp\/v2\/pages\/3670\/revisions"}],"predecessor-version":[{"id":14481,"href":"https:\/\/www.destinazores.com\/pt-pt\/wp-json\/wp\/v2\/pages\/3670\/revisions\/14481"}],"wp:attachment":[{"href":"https:\/\/www.destinazores.com\/pt-pt\/wp-json\/wp\/v2\/media?parent=3670"}],"curies":[{"name":"wp","href":"https:\/\/api.w.org\/{rel}","templated":true}]}}