{"id":59,"date":"2015-09-20T07:16:15","date_gmt":"2015-09-20T12:16:15","guid":{"rendered":"http:\/\/para.llel.us\/themes\/goexplore\/demo\/?page_id=59"},"modified":"2018-04-30T13:05:27","modified_gmt":"2018-04-30T13:05:27","slug":"noticias","status":"publish","type":"page","link":"https:\/\/www.destinazores.com\/pt-pt\/noticias\/","title":{"rendered":"Not\u00edcias"},"content":{"rendered":"\n<!-- NOTE: If you need to make changes to this file, copy it to your current theme's main\n\tdirectory so your changes won't be overwritten when the plugin is upgraded. -->\n\n<!-- Post Wrap Start-->\n<div class=\"post hentry ivycat-post\">\n\n\t<!-- \tThis outputs the post TITLE -->\n\t<h2 class=\"entry-title\"><a href=\"https:\/\/www.destinazores.com\/pt-pt\/inauguracao-de-trilho\/\">Novo trilho no Pico Bartolomeu<\/a><\/h2>\n\n\t<!-- \tThis outputs the post EXCERPT.  To display full content including images and html,\n\t\treplace the_excerpt(); with the_content();  below. -->\n\t<div class=\"entry-summary\">\n\t\t\t<\/div>\n\n\t<!--\tThis outputs the post META information -->\n\t<div class=\"entry-utility\">\n\t\t\t\t\t<span class=\"cat-links\">\n\t\t\t\t<span class=\"entry-utility-prep entry-utility-prep-cat-links\">Posted in<\/span> <a href=\"https:\/\/www.destinazores.com\/pt-pt\/category\/acores\/\" rel=\"category tag\">A\u00e7ores<\/a>, <a href=\"https:\/\/www.destinazores.com\/pt-pt\/category\/destaques\/\" rel=\"category tag\">Destaques<\/a>, <a href=\"https:\/\/www.destinazores.com\/pt-pt\/category\/turismo\/\" rel=\"category tag\">Turismo<\/a>\t\t\t<\/span>\n\t\t\t<span class=\"meta-sep\">|<\/span>\n\t\t\t\t\t\t<span class=\"comments-link\">\n\t\t\t<span>Coment\u00e1rios fechados<span class=\"screen-reader-text\"> em Novo trilho no Pico Bartolomeu<\/span><\/span>\t\t<\/span>\n\t\t\t<\/div>\n<\/div>\n<!-- \/\/ Post Wrap End -->\n\n<!-- NOTE: If you need to make changes to this file, copy it to your current theme's main\n\tdirectory so your changes won't be overwritten when the plugin is upgraded. -->\n\n<!-- Post Wrap Start-->\n<div class=\"post hentry ivycat-post\">\n\n\t<!-- \tThis outputs the post TITLE -->\n\t<h2 class=\"entry-title\"><a href=\"https:\/\/www.destinazores.com\/pt-pt\/do-pico-a-praia\/\">Do Pico \u00e0 praia em Santa Maria<\/a><\/h2>\n\n\t<!-- \tThis outputs the post EXCERPT.  To display full content including images and html,\n\t\treplace the_excerpt(); with the_content();  below. -->\n\t<div class=\"entry-summary\">\n\t\t<p>Concentra\u00e7\u00e3o: 13h30 junto \u00e0 Ermida de Santo Amaro, onde ser\u00e1 disponibilizado transporte at\u00e9 ao in\u00edcio do trilho. Inscri\u00e7\u00f5es limitadas a 12 pessoas, com uma idade m\u00ednima recomendada de 12 anos. Todos os menores dever\u00e3o ser acompanhados por um adulto respons\u00e1vel. Envia email para geral@maredeagosto.com e garante o teu lugar no trilho fant\u00e1stico que temos preparado para ti!<\/p>\n\t<\/div>\n\n\t<!--\tThis outputs the post META information -->\n\t<div class=\"entry-utility\">\n\t\t\t\t\t<span class=\"cat-links\">\n\t\t\t\t<span class=\"entry-utility-prep entry-utility-prep-cat-links\">Posted in<\/span> <a href=\"https:\/\/www.destinazores.com\/pt-pt\/category\/acores\/\" rel=\"category tag\">A\u00e7ores<\/a>, <a href=\"https:\/\/www.destinazores.com\/pt-pt\/category\/destaques\/\" rel=\"category tag\">Destaques<\/a>, <a href=\"https:\/\/www.destinazores.com\/pt-pt\/category\/santa-maria\/\" rel=\"category tag\">Santa Maria<\/a>, <a href=\"https:\/\/www.destinazores.com\/pt-pt\/category\/turismo\/\" rel=\"category tag\">Turismo<\/a>\t\t\t<\/span>\n\t\t\t<span class=\"meta-sep\">|<\/span>\n\t\t\t\t\t\t<span class=\"comments-link\">\n\t\t\t<a href=\"https:\/\/www.destinazores.com\/pt-pt\/do-pico-a-praia\/#respond\">Leave a comment<\/a>\t\t<\/span>\n\t\t\t<\/div>\n<\/div>\n<!-- \/\/ Post Wrap End -->\n\n<!-- NOTE: If you need to make changes to this file, copy it to your current theme's main\n\tdirectory so your changes won't be overwritten when the plugin is upgraded. -->\n\n<!-- Post Wrap Start-->\n<div class=\"post hentry ivycat-post\">\n\n\t<!-- \tThis outputs the post TITLE -->\n\t<h2 class=\"entry-title\"><a href=\"https:\/\/www.destinazores.com\/pt-pt\/webinar-terceira\/\">Webinar em Angra do Hero\u00edsmo<\/a><\/h2>\n\n\t<!-- \tThis outputs the post EXCERPT.  To display full content including images and html,\n\t\treplace the_excerpt(); with the_content();  below. -->\n\t<div class=\"entry-summary\">\n\t\t<p>A confer\u00eancia ter\u00e1 transmiss\u00e3o em direto na p\u00e1gina de facebook do IAC e s\u00e3o convidados&nbsp;o historiador Francisco Maduro-Dias, o presidente da dire\u00e7\u00e3o da AGITA, Paulo Jorge Bettencourt e a guia int\u00e9rprete Maria das Merc\u00eas Pacheco, para a conversa que ser\u00e1 moderada por Andreia Fernandes, da dire\u00e7\u00e3o do IAC. Segundo os promotores do evento &#8220;com este iniciativa pretende-se despertar a consci\u00eancia &hellip;<\/p>\n\t<\/div>\n\n\t<!--\tThis outputs the post META information -->\n\t<div class=\"entry-utility\">\n\t\t\t\t\t<span class=\"cat-links\">\n\t\t\t\t<span class=\"entry-utility-prep entry-utility-prep-cat-links\">Posted in<\/span> <a href=\"https:\/\/www.destinazores.com\/pt-pt\/category\/acores\/\" rel=\"category tag\">A\u00e7ores<\/a>, <a href=\"https:\/\/www.destinazores.com\/pt-pt\/category\/destaques\/\" rel=\"category tag\">Destaques<\/a>, <a href=\"https:\/\/www.destinazores.com\/pt-pt\/category\/turismo\/\" rel=\"category tag\">Turismo<\/a>\t\t\t<\/span>\n\t\t\t<span class=\"meta-sep\">|<\/span>\n\t\t\t\t\t\t<span class=\"comments-link\">\n\t\t\t<a href=\"https:\/\/www.destinazores.com\/pt-pt\/webinar-terceira\/#respond\">Leave a comment<\/a>\t\t<\/span>\n\t\t\t<\/div>\n<\/div>\n<!-- \/\/ Post Wrap End -->\n\n<!-- NOTE: If you need to make changes to this file, copy it to your current theme's main\n\tdirectory so your changes won't be overwritten when the plugin is upgraded. -->\n\n<!-- Post Wrap Start-->\n<div class=\"post hentry ivycat-post\">\n\n\t<!-- \tThis outputs the post TITLE -->\n\t<h2 class=\"entry-title\"><a href=\"https:\/\/www.destinazores.com\/pt-pt\/lagoa-do-fogo-destaque\/\">Lagoa do Fogo em destaque na Europa<\/a><\/h2>\n\n\t<!-- \tThis outputs the post EXCERPT.  To display full content including images and html,\n\t\treplace the_excerpt(); with the_content();  below. -->\n\t<div class=\"entry-summary\">\n\t\t<p>Segundo o portal Sapo Viagens, a Lagoa do Fogo foi eleita pela European Best Destination como uma das 18 mais belas paisagens da Europa. Segundo o referido portal, &#8220;Por toda a Europa existem paisagens de cortar a respira\u00e7\u00e3o. Desde paisagens intocadas a aldeias encantadoras junto ao lago, passando por florestas coloridas e ilhas tranquilas, na Europa existe um pouco de &hellip;<\/p>\n\t<\/div>\n\n\t<!--\tThis outputs the post META information -->\n\t<div class=\"entry-utility\">\n\t\t\t\t\t<span class=\"cat-links\">\n\t\t\t\t<span class=\"entry-utility-prep entry-utility-prep-cat-links\">Posted in<\/span> <a href=\"https:\/\/www.destinazores.com\/pt-pt\/category\/acores\/\" rel=\"category tag\">A\u00e7ores<\/a>, <a href=\"https:\/\/www.destinazores.com\/pt-pt\/category\/destaques\/\" rel=\"category tag\">Destaques<\/a>, <a href=\"https:\/\/www.destinazores.com\/pt-pt\/category\/turismo\/\" rel=\"category tag\">Turismo<\/a>\t\t\t<\/span>\n\t\t\t<span class=\"meta-sep\">|<\/span>\n\t\t\t\t\t\t<span class=\"comments-link\">\n\t\t\t<a href=\"https:\/\/www.destinazores.com\/pt-pt\/lagoa-do-fogo-destaque\/#respond\">Leave a comment<\/a>\t\t<\/span>\n\t\t\t<\/div>\n<\/div>\n<!-- \/\/ Post Wrap End -->\n\n<!-- NOTE: If you need to make changes to this file, copy it to your current theme's main\n\tdirectory so your changes won't be overwritten when the plugin is upgraded. -->\n\n<!-- Post Wrap Start-->\n<div class=\"post hentry ivycat-post\">\n\n\t<!-- \tThis outputs the post TITLE -->\n\t<h2 class=\"entry-title\"><a href=\"https:\/\/www.destinazores.com\/pt-pt\/consegue-cheirar-as-imagens\/\">Consegue cheirar as imagens?<\/a><\/h2>\n\n\t<!-- \tThis outputs the post EXCERPT.  To display full content including images and html,\n\t\treplace the_excerpt(); with the_content();  below. -->\n\t<div class=\"entry-summary\">\n\t\t<p>A foto de cima foi tirada onde se confeciona o famoso cozido das Furnas. A atividade vulc\u00e2nica \u00e9 intensa e toda a zona tem um cheiro forte e \u00fanico. Uma fam\u00edlia passeia por um local de dif\u00edcil acesso. Trata-se da margem da Lagoa do Fogo, onde o cheiro da \u00e1gua doce misturado com a humidade permitem cheirar esta foto sem &hellip;<\/p>\n\t<\/div>\n\n\t<!--\tThis outputs the post META information -->\n\t<div class=\"entry-utility\">\n\t\t\t\t\t<span class=\"cat-links\">\n\t\t\t\t<span class=\"entry-utility-prep entry-utility-prep-cat-links\">Posted in<\/span> <a href=\"https:\/\/www.destinazores.com\/pt-pt\/category\/acores\/\" rel=\"category tag\">A\u00e7ores<\/a>, <a href=\"https:\/\/www.destinazores.com\/pt-pt\/category\/destaques\/\" rel=\"category tag\">Destaques<\/a>, <a href=\"https:\/\/www.destinazores.com\/pt-pt\/category\/turismo\/\" rel=\"category tag\">Turismo<\/a>\t\t\t<\/span>\n\t\t\t<span class=\"meta-sep\">|<\/span>\n\t\t\t\t\t\t<span class=\"comments-link\">\n\t\t\t<a href=\"https:\/\/www.destinazores.com\/pt-pt\/consegue-cheirar-as-imagens\/#respond\">Leave a comment<\/a>\t\t<\/span>\n\t\t\t<\/div>\n<\/div>\n<!-- \/\/ Post Wrap End -->\n\n<!-- NOTE: If you need to make changes to this file, copy it to your current theme's main\n\tdirectory so your changes won't be overwritten when the plugin is upgraded. -->\n\n<!-- Post Wrap Start-->\n<div class=\"post hentry ivycat-post\">\n\n\t<!-- \tThis outputs the post TITLE -->\n\t<h2 class=\"entry-title\"><a href=\"https:\/\/www.destinazores.com\/pt-pt\/outono-nas-furnas\/\">Outono nas Furnas<\/a><\/h2>\n\n\t<!-- \tThis outputs the post EXCERPT.  To display full content including images and html,\n\t\treplace the_excerpt(); with the_content();  below. -->\n\t<div class=\"entry-summary\">\n\t\t\t<\/div>\n\n\t<!--\tThis outputs the post META information -->\n\t<div class=\"entry-utility\">\n\t\t\t\t\t<span class=\"cat-links\">\n\t\t\t\t<span class=\"entry-utility-prep entry-utility-prep-cat-links\">Posted in<\/span> <a href=\"https:\/\/www.destinazores.com\/pt-pt\/category\/acores\/\" rel=\"category tag\">A\u00e7ores<\/a>, <a href=\"https:\/\/www.destinazores.com\/pt-pt\/category\/destaques\/\" rel=\"category tag\">Destaques<\/a>, <a href=\"https:\/\/www.destinazores.com\/pt-pt\/category\/turismo\/\" rel=\"category tag\">Turismo<\/a>\t\t\t<\/span>\n\t\t\t<span class=\"meta-sep\">|<\/span>\n\t\t\t\t\t\t<span class=\"comments-link\">\n\t\t\t<a href=\"https:\/\/www.destinazores.com\/pt-pt\/outono-nas-furnas\/#respond\">Leave a comment<\/a>\t\t<\/span>\n\t\t\t<\/div>\n<\/div>\n<!-- \/\/ Post Wrap End -->\n\n<!-- NOTE: If you need to make changes to this file, copy it to your current theme's main\n\tdirectory so your changes won't be overwritten when the plugin is upgraded. -->\n\n<!-- Post Wrap Start-->\n<div class=\"post hentry ivycat-post\">\n\n\t<!-- \tThis outputs the post TITLE -->\n\t<h2 class=\"entry-title\"><a href=\"https:\/\/www.destinazores.com\/pt-pt\/sabe-onde-fica\/\">Sabe onde fica?<\/a><\/h2>\n\n\t<!-- \tThis outputs the post EXCERPT.  To display full content including images and html,\n\t\treplace the_excerpt(); with the_content();  below. -->\n\t<div class=\"entry-summary\">\n\t\t\t<\/div>\n\n\t<!--\tThis outputs the post META information -->\n\t<div class=\"entry-utility\">\n\t\t\t\t\t<span class=\"cat-links\">\n\t\t\t\t<span class=\"entry-utility-prep entry-utility-prep-cat-links\">Posted in<\/span> <a href=\"https:\/\/www.destinazores.com\/pt-pt\/category\/acores\/\" rel=\"category tag\">A\u00e7ores<\/a>, <a href=\"https:\/\/www.destinazores.com\/pt-pt\/category\/destaques\/\" rel=\"category tag\">Destaques<\/a>, <a href=\"https:\/\/www.destinazores.com\/pt-pt\/category\/turismo\/\" rel=\"category tag\">Turismo<\/a>\t\t\t<\/span>\n\t\t\t<span class=\"meta-sep\">|<\/span>\n\t\t\t\t\t\t<span class=\"comments-link\">\n\t\t\t<a href=\"https:\/\/www.destinazores.com\/pt-pt\/sabe-onde-fica\/#respond\">Leave a comment<\/a>\t\t<\/span>\n\t\t\t<\/div>\n<\/div>\n<!-- \/\/ Post Wrap End -->\n\n<!-- NOTE: If you need to make changes to this file, copy it to your current theme's main\n\tdirectory so your changes won't be overwritten when the plugin is upgraded. -->\n\n<!-- Post Wrap Start-->\n<div class=\"post hentry ivycat-post\">\n\n\t<!-- \tThis outputs the post TITLE -->\n\t<h2 class=\"entry-title\"><a href=\"https:\/\/www.destinazores.com\/pt-pt\/fumarolas-furnas\/\">Tantas fumarolas nas Furnas! Porqu\u00ea?<\/a><\/h2>\n\n\t<!-- \tThis outputs the post EXCERPT.  To display full content including images and html,\n\t\treplace the_excerpt(); with the_content();  below. -->\n\t<div class=\"entry-summary\">\n\t\t\t<\/div>\n\n\t<!--\tThis outputs the post META information -->\n\t<div class=\"entry-utility\">\n\t\t\t\t\t<span class=\"cat-links\">\n\t\t\t\t<span class=\"entry-utility-prep entry-utility-prep-cat-links\">Posted in<\/span> <a href=\"https:\/\/www.destinazores.com\/pt-pt\/category\/acores\/\" rel=\"category tag\">A\u00e7ores<\/a>, <a href=\"https:\/\/www.destinazores.com\/pt-pt\/category\/destaques\/\" rel=\"category tag\">Destaques<\/a>, <a href=\"https:\/\/www.destinazores.com\/pt-pt\/category\/turismo\/\" rel=\"category tag\">Turismo<\/a>\t\t\t<\/span>\n\t\t\t<span class=\"meta-sep\">|<\/span>\n\t\t\t\t\t\t<span class=\"comments-link\">\n\t\t\t<a href=\"https:\/\/www.destinazores.com\/pt-pt\/fumarolas-furnas\/#respond\">Leave a comment<\/a>\t\t<\/span>\n\t\t\t<\/div>\n<\/div>\n<!-- \/\/ Post Wrap End -->\n\n<!-- NOTE: If you need to make changes to this file, copy it to your current theme's main\n\tdirectory so your changes won't be overwritten when the plugin is upgraded. -->\n\n<!-- Post Wrap Start-->\n<div class=\"post hentry ivycat-post\">\n\n\t<!-- \tThis outputs the post TITLE -->\n\t<h2 class=\"entry-title\"><a href=\"https:\/\/www.destinazores.com\/pt-pt\/explorar-a-ribeira-grande\/\">Explorar a Ribeira Grande<\/a><\/h2>\n\n\t<!-- \tThis outputs the post EXCERPT.  To display full content including images and html,\n\t\treplace the_excerpt(); with the_content();  below. -->\n\t<div class=\"entry-summary\">\n\t\t\t<\/div>\n\n\t<!--\tThis outputs the post META information -->\n\t<div class=\"entry-utility\">\n\t\t\t\t\t<span class=\"cat-links\">\n\t\t\t\t<span class=\"entry-utility-prep entry-utility-prep-cat-links\">Posted in<\/span> <a href=\"https:\/\/www.destinazores.com\/pt-pt\/category\/destaques\/\" rel=\"category tag\">Destaques<\/a>, <a href=\"https:\/\/www.destinazores.com\/pt-pt\/category\/sao-miguel\/\" rel=\"category tag\">S\u00e3o Miguel<\/a>, <a href=\"https:\/\/www.destinazores.com\/pt-pt\/category\/turismo\/\" rel=\"category tag\">Turismo<\/a>\t\t\t<\/span>\n\t\t\t<span class=\"meta-sep\">|<\/span>\n\t\t\t\t\t\t<span class=\"comments-link\">\n\t\t\t<a href=\"https:\/\/www.destinazores.com\/pt-pt\/explorar-a-ribeira-grande\/#respond\">Leave a comment<\/a>\t\t<\/span>\n\t\t\t<\/div>\n<\/div>\n<!-- \/\/ Post Wrap End -->\n\n<!-- NOTE: If you need to make changes to this file, copy it to your current theme's main\n\tdirectory so your changes won't be overwritten when the plugin is upgraded. -->\n\n<!-- Post Wrap Start-->\n<div class=\"post hentry ivycat-post\">\n\n\t<!-- \tThis outputs the post TITLE -->\n\t<h2 class=\"entry-title\"><a href=\"https:\/\/www.destinazores.com\/pt-pt\/rabo-de-peixe-origens-e-tradicoes\/\">Rabo de Peixe, origens e tradi\u00e7\u00f5es<\/a><\/h2>\n\n\t<!-- \tThis outputs the post EXCERPT.  To display full content including images and html,\n\t\treplace the_excerpt(); with the_content();  below. -->\n\t<div class=\"entry-summary\">\n\t\t<p>O segundo dia da atividade, no dia 20 de setembro a partir das 9h30, ser\u00e1 dedicado a \u201cRabo de Peixe, origens e costumes\u201d atrav\u00e9s de um passeio guiado pela zona costeira da vila com o intuito de dar a conhecer e valorizar a riqueza cultural e tradi\u00e7\u00f5es existentes.<\/p>\n\t<\/div>\n\n\t<!--\tThis outputs the post META information -->\n\t<div class=\"entry-utility\">\n\t\t\t\t\t<span class=\"cat-links\">\n\t\t\t\t<span class=\"entry-utility-prep entry-utility-prep-cat-links\">Posted in<\/span> <a href=\"https:\/\/www.destinazores.com\/pt-pt\/category\/acores\/\" rel=\"category tag\">A\u00e7ores<\/a>, <a href=\"https:\/\/www.destinazores.com\/pt-pt\/category\/destaques\/\" rel=\"category tag\">Destaques<\/a>, <a href=\"https:\/\/www.destinazores.com\/pt-pt\/category\/sao-miguel\/\" rel=\"category tag\">S\u00e3o Miguel<\/a>, <a href=\"https:\/\/www.destinazores.com\/pt-pt\/category\/turismo\/\" rel=\"category tag\">Turismo<\/a>\t\t\t<\/span>\n\t\t\t<span class=\"meta-sep\">|<\/span>\n\t\t\t\t\t\t<span class=\"comments-link\">\n\t\t\t<a href=\"https:\/\/www.destinazores.com\/pt-pt\/rabo-de-peixe-origens-e-tradicoes\/#respond\">Leave a comment<\/a>\t\t<\/span>\n\t\t\t<\/div>\n<\/div>\n<!-- \/\/ Post Wrap End -->\n<div class='pip-nav'><ul> <li class='pip-nav-next'><a href=\"https:\/\/www.destinazores.com\/pt-pt\/wp-json\/wp\/v2\/pages\/59\/page\/2\/\" >Next<\/a><\/li><\/ul><\/div>\n","protected":false},"excerpt":{"rendered":"","protected":false},"author":1,"featured_media":0,"parent":0,"menu_order":0,"comment_status":"closed","ping_status":"closed","template":"templates\/page-sidebar-right.php","meta":{"ngg_post_thumbnail":0,"footnotes":""},"class_list":["post-59","page","type-page","status-publish","hentry"],"yoast_head":"<!-- This site is optimized with the Yoast SEO plugin v24.9 - https:\/\/yoast.com\/wordpress\/plugins\/seo\/ -->\n<title>Not\u00edcias e eventos dos A\u00e7ores<\/title>\n<meta name=\"description\" content=\"\u00daltimas not\u00edcias sobre os A\u00e7ores sempre dispon\u00edvel em Destinazores\" \/>\n<meta name=\"robots\" content=\"index, follow, max-snippet:-1, max-image-preview:large, max-video-preview:-1\" \/>\n<link rel=\"canonical\" href=\"https:\/\/www.destinazores.com\/pt-pt\/noticias\/\" \/>\n<meta property=\"og:locale\" content=\"pt_PT\" \/>\n<meta property=\"og:type\" content=\"article\" \/>\n<meta property=\"og:title\" content=\"Not\u00edcias e eventos dos A\u00e7ores\" \/>\n<meta property=\"og:description\" content=\"\u00daltimas not\u00edcias sobre os A\u00e7ores sempre dispon\u00edvel em Destinazores\" \/>\n<meta property=\"og:url\" content=\"https:\/\/www.destinazores.com\/pt-pt\/noticias\/\" \/>\n<meta property=\"og:site_name\" content=\"Destinazores\" \/>\n<meta property=\"article:publisher\" content=\"https:\/\/www.facebook.com\/destinazores\" \/>\n<meta property=\"article:modified_time\" content=\"2018-04-30T13:05:27+00:00\" \/>\n<meta property=\"og:image\" content=\"https:\/\/www.destinazores.com\/wp-content\/uploads\/2022\/11\/64.jpg\" \/>\n\t<meta property=\"og:image:width\" content=\"1080\" \/>\n\t<meta property=\"og:image:height\" content=\"1080\" \/>\n\t<meta property=\"og:image:type\" content=\"image\/jpeg\" \/>\n<meta name=\"twitter:card\" content=\"summary_large_image\" \/>\n<script type=\"application\/ld+json\" class=\"yoast-schema-graph\">{\"@context\":\"https:\/\/schema.org\",\"@graph\":[{\"@type\":\"WebPage\",\"@id\":\"https:\/\/www.destinazores.com\/pt-pt\/noticias\/\",\"url\":\"https:\/\/www.destinazores.com\/pt-pt\/noticias\/\",\"name\":\"Not\u00edcias e eventos dos A\u00e7ores\",\"isPartOf\":{\"@id\":\"https:\/\/www.destinazores.com\/en\/#website\"},\"datePublished\":\"2015-09-20T12:16:15+00:00\",\"dateModified\":\"2018-04-30T13:05:27+00:00\",\"description\":\"\u00daltimas not\u00edcias sobre os A\u00e7ores sempre dispon\u00edvel em Destinazores\",\"breadcrumb\":{\"@id\":\"https:\/\/www.destinazores.com\/pt-pt\/noticias\/#breadcrumb\"},\"inLanguage\":\"pt-PT\",\"potentialAction\":[{\"@type\":\"ReadAction\",\"target\":[\"https:\/\/www.destinazores.com\/pt-pt\/noticias\/\"]}]},{\"@type\":\"BreadcrumbList\",\"@id\":\"https:\/\/www.destinazores.com\/pt-pt\/noticias\/#breadcrumb\",\"itemListElement\":[{\"@type\":\"ListItem\",\"position\":1,\"name\":\"In\u00edcio\",\"item\":\"https:\/\/www.destinazores.com\/en\/\"},{\"@type\":\"ListItem\",\"position\":2,\"name\":\"Not\u00edcias\"}]},{\"@type\":\"WebSite\",\"@id\":\"https:\/\/www.destinazores.com\/en\/#website\",\"url\":\"https:\/\/www.destinazores.com\/en\/\",\"name\":\"Destinazores\",\"description\":\"Um Para\u00edso Natural\",\"publisher\":{\"@id\":\"https:\/\/www.destinazores.com\/en\/#organization\"},\"potentialAction\":[{\"@type\":\"SearchAction\",\"target\":{\"@type\":\"EntryPoint\",\"urlTemplate\":\"https:\/\/www.destinazores.com\/en\/?s={search_term_string}\"},\"query-input\":{\"@type\":\"PropertyValueSpecification\",\"valueRequired\":true,\"valueName\":\"search_term_string\"}}],\"inLanguage\":\"pt-PT\"},{\"@type\":\"Organization\",\"@id\":\"https:\/\/www.destinazores.com\/en\/#organization\",\"name\":\"LGM - Gest\u00e3o de Suportes Publicit\u00e1rios\",\"url\":\"https:\/\/www.destinazores.com\/en\/\",\"logo\":{\"@type\":\"ImageObject\",\"inLanguage\":\"pt-PT\",\"@id\":\"https:\/\/www.destinazores.com\/en\/#\/schema\/logo\/image\/\",\"url\":\"https:\/\/www.destinazores.com\/wp-content\/uploads\/2018\/04\/cropped-favicon.png\",\"contentUrl\":\"https:\/\/www.destinazores.com\/wp-content\/uploads\/2018\/04\/cropped-favicon.png\",\"width\":512,\"height\":512,\"caption\":\"LGM - Gest\u00e3o de Suportes Publicit\u00e1rios\"},\"image\":{\"@id\":\"https:\/\/www.destinazores.com\/en\/#\/schema\/logo\/image\/\"},\"sameAs\":[\"https:\/\/www.facebook.com\/destinazores\",\"https:\/\/www.instagram.com\/destinazoresguide\/\"]}]}<\/script>\n<!-- \/ Yoast SEO plugin. -->","yoast_head_json":{"title":"Not\u00edcias e eventos dos A\u00e7ores","description":"\u00daltimas not\u00edcias sobre os A\u00e7ores sempre dispon\u00edvel em Destinazores","robots":{"index":"index","follow":"follow","max-snippet":"max-snippet:-1","max-image-preview":"max-image-preview:large","max-video-preview":"max-video-preview:-1"},"canonical":"https:\/\/www.destinazores.com\/pt-pt\/noticias\/","og_locale":"pt_PT","og_type":"article","og_title":"Not\u00edcias e eventos dos A\u00e7ores","og_description":"\u00daltimas not\u00edcias sobre os A\u00e7ores sempre dispon\u00edvel em Destinazores","og_url":"https:\/\/www.destinazores.com\/pt-pt\/noticias\/","og_site_name":"Destinazores","article_publisher":"https:\/\/www.facebook.com\/destinazores","article_modified_time":"2018-04-30T13:05:27+00:00","og_image":[{"width":1080,"height":1080,"url":"https:\/\/www.destinazores.com\/wp-content\/uploads\/2022\/11\/64.jpg","type":"image\/jpeg"}],"twitter_card":"summary_large_image","schema":{"@context":"https:\/\/schema.org","@graph":[{"@type":"WebPage","@id":"https:\/\/www.destinazores.com\/pt-pt\/noticias\/","url":"https:\/\/www.destinazores.com\/pt-pt\/noticias\/","name":"Not\u00edcias e eventos dos A\u00e7ores","isPartOf":{"@id":"https:\/\/www.destinazores.com\/en\/#website"},"datePublished":"2015-09-20T12:16:15+00:00","dateModified":"2018-04-30T13:05:27+00:00","description":"\u00daltimas not\u00edcias sobre os A\u00e7ores sempre dispon\u00edvel em Destinazores","breadcrumb":{"@id":"https:\/\/www.destinazores.com\/pt-pt\/noticias\/#breadcrumb"},"inLanguage":"pt-PT","potentialAction":[{"@type":"ReadAction","target":["https:\/\/www.destinazores.com\/pt-pt\/noticias\/"]}]},{"@type":"BreadcrumbList","@id":"https:\/\/www.destinazores.com\/pt-pt\/noticias\/#breadcrumb","itemListElement":[{"@type":"ListItem","position":1,"name":"In\u00edcio","item":"https:\/\/www.destinazores.com\/en\/"},{"@type":"ListItem","position":2,"name":"Not\u00edcias"}]},{"@type":"WebSite","@id":"https:\/\/www.destinazores.com\/en\/#website","url":"https:\/\/www.destinazores.com\/en\/","name":"Destinazores","description":"Um Para\u00edso Natural","publisher":{"@id":"https:\/\/www.destinazores.com\/en\/#organization"},"potentialAction":[{"@type":"SearchAction","target":{"@type":"EntryPoint","urlTemplate":"https:\/\/www.destinazores.com\/en\/?s={search_term_string}"},"query-input":{"@type":"PropertyValueSpecification","valueRequired":true,"valueName":"search_term_string"}}],"inLanguage":"pt-PT"},{"@type":"Organization","@id":"https:\/\/www.destinazores.com\/en\/#organization","name":"LGM - Gest\u00e3o de Suportes Publicit\u00e1rios","url":"https:\/\/www.destinazores.com\/en\/","logo":{"@type":"ImageObject","inLanguage":"pt-PT","@id":"https:\/\/www.destinazores.com\/en\/#\/schema\/logo\/image\/","url":"https:\/\/www.destinazores.com\/wp-content\/uploads\/2018\/04\/cropped-favicon.png","contentUrl":"https:\/\/www.destinazores.com\/wp-content\/uploads\/2018\/04\/cropped-favicon.png","width":512,"height":512,"caption":"LGM - Gest\u00e3o de Suportes Publicit\u00e1rios"},"image":{"@id":"https:\/\/www.destinazores.com\/en\/#\/schema\/logo\/image\/"},"sameAs":["https:\/\/www.facebook.com\/destinazores","https:\/\/www.instagram.com\/destinazoresguide\/"]}]}},"_links":{"self":[{"href":"https:\/\/www.destinazores.com\/pt-pt\/wp-json\/wp\/v2\/pages\/59","targetHints":{"allow":["GET"]}}],"collection":[{"href":"https:\/\/www.destinazores.com\/pt-pt\/wp-json\/wp\/v2\/pages"}],"about":[{"href":"https:\/\/www.destinazores.com\/pt-pt\/wp-json\/wp\/v2\/types\/page"}],"author":[{"embeddable":true,"href":"https:\/\/www.destinazores.com\/pt-pt\/wp-json\/wp\/v2\/users\/1"}],"replies":[{"embeddable":true,"href":"https:\/\/www.destinazores.com\/pt-pt\/wp-json\/wp\/v2\/comments?post=59"}],"version-history":[{"count":6,"href":"https:\/\/www.destinazores.com\/pt-pt\/wp-json\/wp\/v2\/pages\/59\/revisions"}],"predecessor-version":[{"id":5362,"href":"https:\/\/www.destinazores.com\/pt-pt\/wp-json\/wp\/v2\/pages\/59\/revisions\/5362"}],"wp:attachment":[{"href":"https:\/\/www.destinazores.com\/pt-pt\/wp-json\/wp\/v2\/media?parent=59"}],"curies":[{"name":"wp","href":"https:\/\/api.w.org\/{rel}","templated":true}]}}