{"id":61,"date":"2015-09-20T07:18:25","date_gmt":"2015-09-20T12:18:25","guid":{"rendered":"http:\/\/para.llel.us\/themes\/goexplore\/demo\/?page_id=61"},"modified":"2025-04-23T14:45:50","modified_gmt":"2025-04-23T14:45:50","slug":"contactos","status":"publish","type":"page","link":"https:\/\/www.destinazores.com\/pt-pt\/contactos\/","title":{"rendered":"Contactos"},"content":{"rendered":"<div style=\"text-align: center;\">\n<h2>Entre em contacto connosco.<\/h2>\n<p class=\"lead\">Procura alguma coisa ou tem sugest\u00f5es de destinos?<br \/>\nFale sobre isso!<\/p>\n<div class=\"row\">\n<hr class=\"small\">\n<div style=\"width: 600px; text-align: left; margin: 0 auto;\">\n<div role=\"form\" class=\"wpcf7\" id=\"wpcf7-f6-o1\" lang=\"pt-PT\" dir=\"ltr\">\n<div class=\"screen-reader-response\"><\/div>\n<form action=\"\/pt-pt\/wp-json\/wp\/v2\/pages\/61#wpcf7-f6-o1\" method=\"post\" class=\"wpcf7-form\" novalidate=\"novalidate\">\n<div style=\"display: none;\">\n<input type=\"hidden\" name=\"_wpcf7\" value=\"6\" \/>\n<input type=\"hidden\" name=\"_wpcf7_version\" value=\"5.1.7\" \/>\n<input type=\"hidden\" name=\"_wpcf7_locale\" value=\"pt_PT\" \/>\n<input type=\"hidden\" name=\"_wpcf7_unit_tag\" value=\"wpcf7-f6-o1\" \/>\n<input type=\"hidden\" name=\"_wpcf7_container_post\" value=\"0\" \/>\n<input type=\"hidden\" name=\"g-recaptcha-response\" value=\"\" \/>\n<\/div>\n<p><span class=\"wpcf7-form-control-wrap your-name\"><input type=\"text\" name=\"your-name\" value=\"\" size=\"40\" class=\"wpcf7-form-control wpcf7-text wpcf7-validates-as-required\" aria-required=\"true\" aria-invalid=\"false\" placeholder=\"O seu nome\" \/><\/span><br \/>\n<span class=\"wpcf7-form-control-wrap email-submetido\"><input type=\"email\" name=\"email-submetido\" value=\"\" size=\"40\" class=\"wpcf7-form-control wpcf7-text wpcf7-email wpcf7-validates-as-required wpcf7-validates-as-email\" aria-required=\"true\" aria-invalid=\"false\" placeholder=\"O seu email\" \/><\/span><br \/>\n<span class=\"wpcf7-form-control-wrap your-subject\"><input type=\"text\" name=\"your-subject\" value=\"\" size=\"40\" class=\"wpcf7-form-control wpcf7-text\" aria-invalid=\"false\" placeholder=\"Assunto\" \/><\/span><br \/>\n<span class=\"wpcf7-form-control-wrap your-message\"><textarea name=\"your-message\" cols=\"40\" rows=\"10\" class=\"wpcf7-form-control wpcf7-textarea\" aria-invalid=\"false\" placeholder=\"A sua mensagem\"><\/textarea><\/span><\/p>\n\n<p><br><br \/>\n<input type=\"submit\" value=\"Enviar\" class=\"wpcf7-form-control wpcf7-submit\" \/><\/p>\n<div class=\"wpcf7-response-output wpcf7-display-none\"><\/div><\/form><\/div>\n<div style=\"width: 600px; text-align: left; margin: 0 auto;\">Destinazores \u00e9 uma marca registada de<\/div>\n<div style=\"width: 600px; text-align: left; margin: 0 auto;\">LGM &#8211; Gest\u00e3o de Suportes Publicit\u00e1rios, Lda<\/div>\n<div>\n<div>Bairro Arcanjo Lar, N\u00ba11 &#8211; Cave<\/div>\n<div>Ponta Delgada &#8211; A\u00e7ores<\/div>\n<\/div>\n<div>Tel: +351 296 287 240<\/div>\n<\/div>\n<\/div>\n<\/div>\n<div style=\"text-align: center;\">\n<div class=\"row\">\n<div style=\"width: 600px; text-align: left; margin: 0 auto;\">\n<div id=\"tel\">E-mails: geral@lgm-pub.com | comercial@lgm-pub.com | geral@destinazores.com<\/div>\n<div id=\"tel\">\n<div>&nbsp;<\/div>\n<\/div>\n<\/div>\n<\/div>\n<\/div>\n","protected":false},"excerpt":{"rendered":"<p>Entre em contacto connosco. Procura alguma coisa ou tem sugest\u00f5es de destinos? Fale sobre isso! Destinazores \u00e9 uma marca registada de LGM &#8211; Gest\u00e3o de Suportes Publicit\u00e1rios, Lda Bairro Arcanjo Lar, N\u00ba11 &#8211; Cave Ponta Delgada &#8211; A\u00e7ores Tel: +351 296 287 240 E-mails: geral@lgm-pub.com | comercial@lgm-pub.com | geral@destinazores.com &nbsp;<\/p>\n","protected":false},"author":1,"featured_media":6253,"parent":0,"menu_order":0,"comment_status":"closed","ping_status":"closed","template":"templates\/page-sidebar-right.php","meta":{"ngg_post_thumbnail":0,"footnotes":""},"class_list":["post-61","page","type-page","status-publish","has-post-thumbnail","hentry"],"yoast_head":"<!-- This site is optimized with the Yoast SEO plugin v24.9 - https:\/\/yoast.com\/wordpress\/plugins\/seo\/ -->\n<title>Contactos - Destinazores<\/title>\n<meta name=\"description\" content=\"Fale connosco: envie d\u00favidas ou sugest\u00f5es de destinos. A equipa Destinazores responde rapidamente para tornar a sua viagem inesquec\u00edvel!\" \/>\n<meta name=\"robots\" content=\"index, follow, max-snippet:-1, max-image-preview:large, max-video-preview:-1\" \/>\n<link rel=\"canonical\" href=\"https:\/\/www.destinazores.com\/pt-pt\/contactos\/\" \/>\n<meta property=\"og:locale\" content=\"pt_PT\" \/>\n<meta property=\"og:type\" content=\"article\" \/>\n<meta property=\"og:title\" content=\"Contactos - Destinazores\" \/>\n<meta property=\"og:description\" content=\"Fale connosco: envie d\u00favidas ou sugest\u00f5es de destinos. A equipa Destinazores responde rapidamente para tornar a sua viagem inesquec\u00edvel!\" \/>\n<meta property=\"og:url\" content=\"https:\/\/www.destinazores.com\/pt-pt\/contactos\/\" \/>\n<meta property=\"og:site_name\" content=\"Destinazores\" \/>\n<meta property=\"article:publisher\" content=\"https:\/\/www.facebook.com\/destinazores\" \/>\n<meta property=\"article:modified_time\" content=\"2025-04-23T14:45:50+00:00\" \/>\n<meta property=\"og:image\" content=\"https:\/\/www.destinazores.com\/wp-content\/uploads\/2018\/06\/contacto.jpg\" \/>\n\t<meta property=\"og:image:width\" content=\"1920\" \/>\n\t<meta property=\"og:image:height\" content=\"1080\" \/>\n\t<meta property=\"og:image:type\" content=\"image\/jpeg\" \/>\n<meta name=\"twitter:card\" content=\"summary_large_image\" \/>\n<meta name=\"twitter:label1\" content=\"Tempo estimado de leitura\" \/>\n\t<meta name=\"twitter:data1\" content=\"1 minuto\" \/>\n<script type=\"application\/ld+json\" class=\"yoast-schema-graph\">{\"@context\":\"https:\/\/schema.org\",\"@graph\":[{\"@type\":\"WebPage\",\"@id\":\"https:\/\/www.destinazores.com\/pt-pt\/contactos\/\",\"url\":\"https:\/\/www.destinazores.com\/pt-pt\/contactos\/\",\"name\":\"Contactos - Destinazores\",\"isPartOf\":{\"@id\":\"https:\/\/www.destinazores.com\/en\/#website\"},\"primaryImageOfPage\":{\"@id\":\"https:\/\/www.destinazores.com\/pt-pt\/contactos\/#primaryimage\"},\"image\":{\"@id\":\"https:\/\/www.destinazores.com\/pt-pt\/contactos\/#primaryimage\"},\"thumbnailUrl\":\"https:\/\/www.destinazores.com\/wp-content\/uploads\/2018\/06\/contacto.jpg\",\"datePublished\":\"2015-09-20T12:18:25+00:00\",\"dateModified\":\"2025-04-23T14:45:50+00:00\",\"description\":\"Fale connosco: envie d\u00favidas ou sugest\u00f5es de destinos. A equipa Destinazores responde rapidamente para tornar a sua viagem inesquec\u00edvel!\",\"breadcrumb\":{\"@id\":\"https:\/\/www.destinazores.com\/pt-pt\/contactos\/#breadcrumb\"},\"inLanguage\":\"pt-PT\",\"potentialAction\":[{\"@type\":\"ReadAction\",\"target\":[\"https:\/\/www.destinazores.com\/pt-pt\/contactos\/\"]}]},{\"@type\":\"ImageObject\",\"inLanguage\":\"pt-PT\",\"@id\":\"https:\/\/www.destinazores.com\/pt-pt\/contactos\/#primaryimage\",\"url\":\"https:\/\/www.destinazores.com\/wp-content\/uploads\/2018\/06\/contacto.jpg\",\"contentUrl\":\"https:\/\/www.destinazores.com\/wp-content\/uploads\/2018\/06\/contacto.jpg\",\"width\":1920,\"height\":1080},{\"@type\":\"BreadcrumbList\",\"@id\":\"https:\/\/www.destinazores.com\/pt-pt\/contactos\/#breadcrumb\",\"itemListElement\":[{\"@type\":\"ListItem\",\"position\":1,\"name\":\"In\u00edcio\",\"item\":\"https:\/\/www.destinazores.com\/en\/\"},{\"@type\":\"ListItem\",\"position\":2,\"name\":\"Contactos\"}]},{\"@type\":\"WebSite\",\"@id\":\"https:\/\/www.destinazores.com\/en\/#website\",\"url\":\"https:\/\/www.destinazores.com\/en\/\",\"name\":\"Destinazores\",\"description\":\"Um Para\u00edso Natural\",\"publisher\":{\"@id\":\"https:\/\/www.destinazores.com\/en\/#organization\"},\"potentialAction\":[{\"@type\":\"SearchAction\",\"target\":{\"@type\":\"EntryPoint\",\"urlTemplate\":\"https:\/\/www.destinazores.com\/en\/?s={search_term_string}\"},\"query-input\":{\"@type\":\"PropertyValueSpecification\",\"valueRequired\":true,\"valueName\":\"search_term_string\"}}],\"inLanguage\":\"pt-PT\"},{\"@type\":\"Organization\",\"@id\":\"https:\/\/www.destinazores.com\/en\/#organization\",\"name\":\"LGM - Gest\u00e3o de Suportes Publicit\u00e1rios\",\"url\":\"https:\/\/www.destinazores.com\/en\/\",\"logo\":{\"@type\":\"ImageObject\",\"inLanguage\":\"pt-PT\",\"@id\":\"https:\/\/www.destinazores.com\/en\/#\/schema\/logo\/image\/\",\"url\":\"https:\/\/www.destinazores.com\/wp-content\/uploads\/2018\/04\/cropped-favicon.png\",\"contentUrl\":\"https:\/\/www.destinazores.com\/wp-content\/uploads\/2018\/04\/cropped-favicon.png\",\"width\":512,\"height\":512,\"caption\":\"LGM - Gest\u00e3o de Suportes Publicit\u00e1rios\"},\"image\":{\"@id\":\"https:\/\/www.destinazores.com\/en\/#\/schema\/logo\/image\/\"},\"sameAs\":[\"https:\/\/www.facebook.com\/destinazores\",\"https:\/\/www.instagram.com\/destinazoresguide\/\"]}]}<\/script>\n<!-- \/ Yoast SEO plugin. -->","yoast_head_json":{"title":"Contactos - Destinazores","description":"Fale connosco: envie d\u00favidas ou sugest\u00f5es de destinos. A equipa Destinazores responde rapidamente para tornar a sua viagem inesquec\u00edvel!","robots":{"index":"index","follow":"follow","max-snippet":"max-snippet:-1","max-image-preview":"max-image-preview:large","max-video-preview":"max-video-preview:-1"},"canonical":"https:\/\/www.destinazores.com\/pt-pt\/contactos\/","og_locale":"pt_PT","og_type":"article","og_title":"Contactos - Destinazores","og_description":"Fale connosco: envie d\u00favidas ou sugest\u00f5es de destinos. A equipa Destinazores responde rapidamente para tornar a sua viagem inesquec\u00edvel!","og_url":"https:\/\/www.destinazores.com\/pt-pt\/contactos\/","og_site_name":"Destinazores","article_publisher":"https:\/\/www.facebook.com\/destinazores","article_modified_time":"2025-04-23T14:45:50+00:00","og_image":[{"width":1920,"height":1080,"url":"https:\/\/www.destinazores.com\/wp-content\/uploads\/2018\/06\/contacto.jpg","type":"image\/jpeg"}],"twitter_card":"summary_large_image","twitter_misc":{"Tempo estimado de leitura":"1 minuto"},"schema":{"@context":"https:\/\/schema.org","@graph":[{"@type":"WebPage","@id":"https:\/\/www.destinazores.com\/pt-pt\/contactos\/","url":"https:\/\/www.destinazores.com\/pt-pt\/contactos\/","name":"Contactos - Destinazores","isPartOf":{"@id":"https:\/\/www.destinazores.com\/en\/#website"},"primaryImageOfPage":{"@id":"https:\/\/www.destinazores.com\/pt-pt\/contactos\/#primaryimage"},"image":{"@id":"https:\/\/www.destinazores.com\/pt-pt\/contactos\/#primaryimage"},"thumbnailUrl":"https:\/\/www.destinazores.com\/wp-content\/uploads\/2018\/06\/contacto.jpg","datePublished":"2015-09-20T12:18:25+00:00","dateModified":"2025-04-23T14:45:50+00:00","description":"Fale connosco: envie d\u00favidas ou sugest\u00f5es de destinos. A equipa Destinazores responde rapidamente para tornar a sua viagem inesquec\u00edvel!","breadcrumb":{"@id":"https:\/\/www.destinazores.com\/pt-pt\/contactos\/#breadcrumb"},"inLanguage":"pt-PT","potentialAction":[{"@type":"ReadAction","target":["https:\/\/www.destinazores.com\/pt-pt\/contactos\/"]}]},{"@type":"ImageObject","inLanguage":"pt-PT","@id":"https:\/\/www.destinazores.com\/pt-pt\/contactos\/#primaryimage","url":"https:\/\/www.destinazores.com\/wp-content\/uploads\/2018\/06\/contacto.jpg","contentUrl":"https:\/\/www.destinazores.com\/wp-content\/uploads\/2018\/06\/contacto.jpg","width":1920,"height":1080},{"@type":"BreadcrumbList","@id":"https:\/\/www.destinazores.com\/pt-pt\/contactos\/#breadcrumb","itemListElement":[{"@type":"ListItem","position":1,"name":"In\u00edcio","item":"https:\/\/www.destinazores.com\/en\/"},{"@type":"ListItem","position":2,"name":"Contactos"}]},{"@type":"WebSite","@id":"https:\/\/www.destinazores.com\/en\/#website","url":"https:\/\/www.destinazores.com\/en\/","name":"Destinazores","description":"Um Para\u00edso Natural","publisher":{"@id":"https:\/\/www.destinazores.com\/en\/#organization"},"potentialAction":[{"@type":"SearchAction","target":{"@type":"EntryPoint","urlTemplate":"https:\/\/www.destinazores.com\/en\/?s={search_term_string}"},"query-input":{"@type":"PropertyValueSpecification","valueRequired":true,"valueName":"search_term_string"}}],"inLanguage":"pt-PT"},{"@type":"Organization","@id":"https:\/\/www.destinazores.com\/en\/#organization","name":"LGM - Gest\u00e3o de Suportes Publicit\u00e1rios","url":"https:\/\/www.destinazores.com\/en\/","logo":{"@type":"ImageObject","inLanguage":"pt-PT","@id":"https:\/\/www.destinazores.com\/en\/#\/schema\/logo\/image\/","url":"https:\/\/www.destinazores.com\/wp-content\/uploads\/2018\/04\/cropped-favicon.png","contentUrl":"https:\/\/www.destinazores.com\/wp-content\/uploads\/2018\/04\/cropped-favicon.png","width":512,"height":512,"caption":"LGM - Gest\u00e3o de Suportes Publicit\u00e1rios"},"image":{"@id":"https:\/\/www.destinazores.com\/en\/#\/schema\/logo\/image\/"},"sameAs":["https:\/\/www.facebook.com\/destinazores","https:\/\/www.instagram.com\/destinazoresguide\/"]}]}},"_links":{"self":[{"href":"https:\/\/www.destinazores.com\/pt-pt\/wp-json\/wp\/v2\/pages\/61","targetHints":{"allow":["GET"]}}],"collection":[{"href":"https:\/\/www.destinazores.com\/pt-pt\/wp-json\/wp\/v2\/pages"}],"about":[{"href":"https:\/\/www.destinazores.com\/pt-pt\/wp-json\/wp\/v2\/types\/page"}],"author":[{"embeddable":true,"href":"https:\/\/www.destinazores.com\/pt-pt\/wp-json\/wp\/v2\/users\/1"}],"replies":[{"embeddable":true,"href":"https:\/\/www.destinazores.com\/pt-pt\/wp-json\/wp\/v2\/comments?post=61"}],"version-history":[{"count":2,"href":"https:\/\/www.destinazores.com\/pt-pt\/wp-json\/wp\/v2\/pages\/61\/revisions"}],"predecessor-version":[{"id":3669,"href":"https:\/\/www.destinazores.com\/pt-pt\/wp-json\/wp\/v2\/pages\/61\/revisions\/3669"}],"wp:featuredmedia":[{"embeddable":true,"href":"https:\/\/www.destinazores.com\/pt-pt\/wp-json\/wp\/v2\/media\/6253"}],"wp:attachment":[{"href":"https:\/\/www.destinazores.com\/pt-pt\/wp-json\/wp\/v2\/media?parent=61"}],"curies":[{"name":"wp","href":"https:\/\/api.w.org\/{rel}","templated":true}]}}