{"id":883,"date":"2017-12-10T11:34:35","date_gmt":"2017-12-10T11:34:35","guid":{"rendered":"https:\/\/www.destinazores.com\/?page_id=883"},"modified":"2025-04-23T14:41:08","modified_gmt":"2025-04-23T14:41:08","slug":"atividade-economica","status":"publish","type":"page","link":"https:\/\/www.destinazores.com\/pt-pt\/atividade-economica\/","title":{"rendered":"Atividade Econ\u00f3mica"},"content":{"rendered":"<p>A popula\u00e7\u00e3o distribui-se irregularmente pelas ilhas, concentrando-se em S\u00e3o Miguel a gran\u00adde maioria dos residentes, 53%, seguindo-se a Terceira (23,5%), o Pico (6,4%), Faial (6,3%), S\u00e3o Jorge (4,3%), Santa Maria (2,5%), Gracio\u00adsa (2,2%), Flores (1,8%) e finalmente o Corvo com apenas 0,2% da popula\u00e7\u00e3o a\u00e7oriana.<\/p>\n<p>Situando-se a popula\u00e7\u00e3o activa \u00e0 volta dos 100.000 indiv\u00edduos, ela reparte-se em 22% no Sector Prim\u00e1rio, 26% no Sector Secund\u00e1rio e 52% no Terci\u00e1rio.&nbsp;<\/p>\n<p>Na pecu\u00e1ria, o gado bovino ocupa lugar de destaque, sendo o leite a principal produ\u00e7\u00e3o deste sector e excelente mat\u00e9ria-prima para a labora\u00e7\u00e3o dos seus derivados, manteiga, queijo e leite em p\u00f3.&nbsp;<\/p>\n<p>Por outro lado, a produ\u00e7\u00e3o de carne de \u00f3ptima qualidade destina-se em grande parte \u00e0 expor\u00adta\u00e7\u00e3o, especialmente para o continente Portu\u00adgu\u00eas e para a Regi\u00e3o Aut\u00f3noma da Madeira.&nbsp;<\/p>\n<p>No que respeita \u00e0 produ\u00e7\u00e3o de carne de su\u00ed\u00adno e seus derivados, bem como \u00e0 produ\u00e7\u00e3o de ovos, principal produto da avicultura regional, destinam-se sobretudo ao abastecimento do mercado regional.<\/p>\n<p>No Campo das Pescas, pela extens\u00e3o da ZEE dos A\u00e7ores, os mares a\u00e7orianos constituem uma das grandes potencialidades da Regi\u00e3o, oferecendo grande riqueza em diversidade e qualidade de esp\u00e9cies. No ramo industrial, a captura de tun\u00eddeos ocupa o lugar cimeiro, en\u00adquanto que na pesca artesanal, o chicharro, o goraz, o congro, a abr\u00f3tea e a cavala s\u00e3o as esp\u00e9cies mais capturadas.&nbsp;<\/p>\n<p>Das Ind\u00fastrias Transformadoras existentes na Regi\u00e3o, as ligadas \u00e0 \u201calimenta\u00e7\u00e3o, bebidas e tabaco\u201d ocupam o 1\u00ba lugar em n\u00famero, logo seguidas da \u201cInd\u00fastria de Madeira\u201d, sendo em S\u00e3o Miguel onde se encontram o maior n\u00famero dessas Empresas.&nbsp;<br \/>\nA energia t\u00e9rmica constitui a base da produ\u00ad\u00e7\u00e3o de electricidade da Regi\u00e3o, embora esta esteja estudando outras fontes energ\u00e9ticas al\u00adternativas, como a geot\u00e9rmica, a h\u00eddrica e a e\u00f3lica.&nbsp;<\/p>\n<p>A n\u00edvel do Sector Terci\u00e1rio, a dispers\u00e3o geo\u00adgr\u00e1fica das ilhas do arquip\u00e9lago gera significati\u00adva movimenta\u00e7\u00e3o de mercadorias nos aeropor\u00adtos e portos regionais, sobretudo pela troca de produtos inter-ilhas que permite suprir essen\u00adcialmente as car\u00eancias naturais das ilhas mais pequenas.&nbsp;<\/p>\n<p>Por outro lado, a mesma dispers\u00e3o geogr\u00e1fi\u00adca, aliada \u00e0 dist\u00e2ncia que separa a Regi\u00e3o do Continente Portugu\u00eas, origina grande tr\u00e1fego de passageiros nos aeroportos regionais, seja para a troca de servi\u00e7os inter-ilhas ou na circula\u00e7\u00e3o de turistas de ilha para ilha, seja no tr\u00e2nsito de pessoas de e para a Regi\u00e3o.&nbsp;<\/p>\n<p>Al\u00e9m disso, as trocas comerciais com o exte\u00adrior, atrav\u00e9s da importa\u00e7\u00e3o de cereais, combus\u00adt\u00edveis, maquinaria e material de transporte e de mat\u00e9rias-primas e da exporta\u00e7\u00e3o sobretudo de conservas de peixe, essencialmente as de atum destinadas ao mercado italiano, de produtos l\u00e1cteos, pescado, madeira e alguns produtos agr\u00edcolas, assumem papel de relevo no contexto da economia regional.&nbsp;<\/p>\n<p>Representando uma pequena percentagem desta economia, mas porque sem d\u00favida cons\u00adtituem produtos com um certo cunho regional, constituindo mesmo alguns deles \u201ccompra obri\u00adgat\u00f3ria\u201d para quem visita os A\u00e7ores, a Beterra\u00adba, o Tabaco, o Ch\u00e1, o Maracuj\u00e1 e o Anan\u00e1s, este para ser consumido sobretudo em fresco, podem considerar-se como as principais cultu\u00adras industriais A\u00e7oreanas que, depois de trans\u00adformadas, ou abastecem o mercado local ou s\u00e3o exportadas.&nbsp;<\/p>\n<p>O anan\u00e1s (Ananassa Sativus, Lindl.) que se cultiva em estufas na ilha de S.Miguel, circuns\u00adcrita aos concelhos de Ponta Delgada, Lagoa e Vila Franca do Campo, na costa sul de S\u00e3o Miguel, \u00e9 origin\u00e1rio da Am\u00e9rica do Sul e foi introduzido na mesma ilha, como planta orna\u00admental, nos meados do s\u00e9culo XIX.&nbsp;A sua cultura visou primeiramente o abaste\u00adcimento das casas abastadas, sendo a mesma desde o in\u00edcio praticada em estufas aquecidas apenas pelo sol. As primeiras estufas datam de 1864.&nbsp;As estufas s\u00e3o sempre rectangulares, cobertas de vidro caiado formando duas \u00e1guas com in\u00adclina\u00e7\u00e3o aproximada de 33\u00ba. Na parte superior da cobertura, os \u201calboios\u201d servem para regular a temperatura do interior da estufa e para fazer a ventila\u00e7\u00e3o na fase final da cultura. Resultado de todo um laborioso processo, que ao longo dos anos se tem pautado por um aperfei\u00e7oa\u00admento das t\u00e9cnicas utilizadas com vista a uma cada vez melhor qualidade, o Anan\u00e1s de S\u00e3o Miguel atingiu j\u00e1 o estatuto de \u201crecorda\u00e7\u00e3o da ilha\u201d, para quem a visita.&nbsp;<\/p>\n<p>Por outro lado, a cultura da Beterraba saca\u00adrina que se pratica em S\u00e3o Miguel h\u00e1 pouco mais de 100 anos e que no in\u00edcio se destinava \u00e0 produ\u00e7\u00e3o de \u00e1lcool, representa hoje uma ac\u00adtividade industrial com alguma import\u00e2ncia na economia da ilha, abastecendo as suas ramas a \u00fanica f\u00e1brica de labora\u00e7\u00e3o de a\u00e7\u00facar existente na Regi\u00e3o.&nbsp;<\/p>\n<p>De igual modo, a produ\u00e7\u00e3o do Tabaco tamb\u00e9m cultivado na ilha de S\u00e3o Miguel, assegura o fun\u00adcionamento das f\u00e1bricas a\u00ed existentes, ocupando assim esta planta um dos lugares cimeiros na escala das culturas industriais da Regi\u00e3o.&nbsp;<br \/>\nAinda em S\u00e3o Miguel, destaque talvez para outras duas culturas cujas produ\u00e7\u00f5es, embora n\u00e3o sendo das mais significativas em quantida\u00adde, s\u00e3o no entanto produtos que real\u00e7am pela sua qualidade, sendo por isso muito procurados e apreciados, n\u00e3o s\u00f3 pelos residentes, como tamb\u00e9m por aqueles que a ilha visitam, como \u00e9 o caso:&nbsp;<\/p>\n<ul>\n<li>do Maracuj\u00e1, apreciado fruto que pode ser consumido em fresco ou em do\u00e7aria, mas cuja aplica\u00e7\u00e3o principal \u00e9 a sua utiliza\u00e7\u00e3o como mat\u00e9ria-prima no fabrico de uma t\u00edpica, aro\u00adm\u00e1tica e saborosa bebida espirituosa, o \u201cLicor de Maracuj\u00e1\u201d;&nbsp;<\/li>\n<li>e do Ch\u00e1, cuja planta foi trazida da China para os A\u00e7ores por volta do ano de 1801, sendo primeiramente cultivada na ilha Terceira e es\u00adtendendo-se, algumas dezenas de anos mais tarde, a S\u00e3o Miguel, aonde se deslocaram pro\u00adpositadamente dois Chineses para ensinar aos seus produtores os segredos da cultura e da fabrica\u00e7\u00e3o desta deliciosa bebida.&nbsp;<\/li>\n<\/ul>\n<p>Actualmente circunscritas a uma zona muito localizada daquela \u00faltima ilha, as planta\u00e7\u00f5es do ch\u00e1 sobressaem na paisagem da Gorreana, pela forma pitoresca das suas vi\u00e7osas e verdes plantas arbustivas.&nbsp;<\/p>\n","protected":false},"excerpt":{"rendered":"<p>A popula\u00e7\u00e3o distribui-se irregularmente pelas ilhas, concentrando-se em S\u00e3o Miguel a gran\u00adde maioria dos residentes, 53%, seguindo-se a Terceira (23,5%), o Pico (6,4%), Faial (6,3%), S\u00e3o Jorge (4,3%), Santa Maria (2,5%), Gracio\u00adsa (2,2%), Flores (1,8%) e finalmente o Corvo com apenas 0,2% da popula\u00e7\u00e3o a\u00e7oriana. Situando-se a popula\u00e7\u00e3o activa \u00e0 volta dos 100.000 indiv\u00edduos, ela reparte-se em 22% no Sector &hellip;<\/p>\n","protected":false},"author":1,"featured_media":6053,"parent":0,"menu_order":0,"comment_status":"closed","ping_status":"closed","template":"templates\/page-sidebar-right.php","meta":{"ngg_post_thumbnail":0,"footnotes":""},"class_list":["post-883","page","type-page","status-publish","has-post-thumbnail","hentry"],"yoast_head":"<!-- This site is optimized with the Yoast SEO plugin v24.9 - https:\/\/yoast.com\/wordpress\/plugins\/seo\/ -->\n<title>Atividade Econ\u00f3mica - Destinazores<\/title>\n<meta name=\"description\" content=\"Economia a\u00e7oriana: pecu\u00e1ria, pesca, ind\u00fastrias l\u00e1cteas e tun\u00eddeos, energia e turismo inter\u2011ilhas impulsionam um arquip\u00e9lago em crescimento.\" \/>\n<meta name=\"robots\" content=\"index, follow, max-snippet:-1, max-image-preview:large, max-video-preview:-1\" \/>\n<link rel=\"canonical\" href=\"https:\/\/www.destinazores.com\/pt-pt\/atividade-economica\/\" \/>\n<meta property=\"og:locale\" content=\"pt_PT\" \/>\n<meta property=\"og:type\" content=\"article\" \/>\n<meta property=\"og:title\" content=\"Atividade Econ\u00f3mica - Destinazores\" \/>\n<meta property=\"og:description\" content=\"Economia a\u00e7oriana: pecu\u00e1ria, pesca, ind\u00fastrias l\u00e1cteas e tun\u00eddeos, energia e turismo inter\u2011ilhas impulsionam um arquip\u00e9lago em crescimento.\" \/>\n<meta property=\"og:url\" content=\"https:\/\/www.destinazores.com\/pt-pt\/atividade-economica\/\" \/>\n<meta property=\"og:site_name\" content=\"Destinazores\" \/>\n<meta property=\"article:publisher\" content=\"https:\/\/www.facebook.com\/destinazores\" \/>\n<meta property=\"article:modified_time\" content=\"2025-04-23T14:41:08+00:00\" \/>\n<meta property=\"og:image\" content=\"https:\/\/www.destinazores.com\/wp-content\/uploads\/2018\/06\/Ch\u00e1-Gorreana-5.jpg\" \/>\n\t<meta property=\"og:image:width\" content=\"2048\" \/>\n\t<meta property=\"og:image:height\" content=\"1536\" \/>\n\t<meta property=\"og:image:type\" content=\"image\/jpeg\" \/>\n<meta name=\"twitter:card\" content=\"summary_large_image\" \/>\n<meta name=\"twitter:label1\" content=\"Tempo estimado de leitura\" \/>\n\t<meta name=\"twitter:data1\" content=\"6 minutos\" \/>\n<script type=\"application\/ld+json\" class=\"yoast-schema-graph\">{\"@context\":\"https:\/\/schema.org\",\"@graph\":[{\"@type\":\"WebPage\",\"@id\":\"https:\/\/www.destinazores.com\/pt-pt\/atividade-economica\/\",\"url\":\"https:\/\/www.destinazores.com\/pt-pt\/atividade-economica\/\",\"name\":\"Atividade Econ\u00f3mica - Destinazores\",\"isPartOf\":{\"@id\":\"https:\/\/www.destinazores.com\/en\/#website\"},\"primaryImageOfPage\":{\"@id\":\"https:\/\/www.destinazores.com\/pt-pt\/atividade-economica\/#primaryimage\"},\"image\":{\"@id\":\"https:\/\/www.destinazores.com\/pt-pt\/atividade-economica\/#primaryimage\"},\"thumbnailUrl\":\"https:\/\/www.destinazores.com\/wp-content\/uploads\/2018\/06\/Ch\u00e1-Gorreana-5.jpg\",\"datePublished\":\"2017-12-10T11:34:35+00:00\",\"dateModified\":\"2025-04-23T14:41:08+00:00\",\"description\":\"Economia a\u00e7oriana: pecu\u00e1ria, pesca, ind\u00fastrias l\u00e1cteas e tun\u00eddeos, energia e turismo inter\u2011ilhas impulsionam um arquip\u00e9lago em crescimento.\",\"breadcrumb\":{\"@id\":\"https:\/\/www.destinazores.com\/pt-pt\/atividade-economica\/#breadcrumb\"},\"inLanguage\":\"pt-PT\",\"potentialAction\":[{\"@type\":\"ReadAction\",\"target\":[\"https:\/\/www.destinazores.com\/pt-pt\/atividade-economica\/\"]}]},{\"@type\":\"ImageObject\",\"inLanguage\":\"pt-PT\",\"@id\":\"https:\/\/www.destinazores.com\/pt-pt\/atividade-economica\/#primaryimage\",\"url\":\"https:\/\/www.destinazores.com\/wp-content\/uploads\/2018\/06\/Ch\u00e1-Gorreana-5.jpg\",\"contentUrl\":\"https:\/\/www.destinazores.com\/wp-content\/uploads\/2018\/06\/Ch\u00e1-Gorreana-5.jpg\",\"width\":2048,\"height\":1536,\"caption\":\"Ch\u00e1 Gorreana\"},{\"@type\":\"BreadcrumbList\",\"@id\":\"https:\/\/www.destinazores.com\/pt-pt\/atividade-economica\/#breadcrumb\",\"itemListElement\":[{\"@type\":\"ListItem\",\"position\":1,\"name\":\"In\u00edcio\",\"item\":\"https:\/\/www.destinazores.com\/en\/\"},{\"@type\":\"ListItem\",\"position\":2,\"name\":\"Atividade Econ\u00f3mica\"}]},{\"@type\":\"WebSite\",\"@id\":\"https:\/\/www.destinazores.com\/en\/#website\",\"url\":\"https:\/\/www.destinazores.com\/en\/\",\"name\":\"Destinazores\",\"description\":\"Um Para\u00edso Natural\",\"publisher\":{\"@id\":\"https:\/\/www.destinazores.com\/en\/#organization\"},\"potentialAction\":[{\"@type\":\"SearchAction\",\"target\":{\"@type\":\"EntryPoint\",\"urlTemplate\":\"https:\/\/www.destinazores.com\/en\/?s={search_term_string}\"},\"query-input\":{\"@type\":\"PropertyValueSpecification\",\"valueRequired\":true,\"valueName\":\"search_term_string\"}}],\"inLanguage\":\"pt-PT\"},{\"@type\":\"Organization\",\"@id\":\"https:\/\/www.destinazores.com\/en\/#organization\",\"name\":\"LGM - Gest\u00e3o de Suportes Publicit\u00e1rios\",\"url\":\"https:\/\/www.destinazores.com\/en\/\",\"logo\":{\"@type\":\"ImageObject\",\"inLanguage\":\"pt-PT\",\"@id\":\"https:\/\/www.destinazores.com\/en\/#\/schema\/logo\/image\/\",\"url\":\"https:\/\/www.destinazores.com\/wp-content\/uploads\/2018\/04\/cropped-favicon.png\",\"contentUrl\":\"https:\/\/www.destinazores.com\/wp-content\/uploads\/2018\/04\/cropped-favicon.png\",\"width\":512,\"height\":512,\"caption\":\"LGM - Gest\u00e3o de Suportes Publicit\u00e1rios\"},\"image\":{\"@id\":\"https:\/\/www.destinazores.com\/en\/#\/schema\/logo\/image\/\"},\"sameAs\":[\"https:\/\/www.facebook.com\/destinazores\",\"https:\/\/www.instagram.com\/destinazoresguide\/\"]}]}<\/script>\n<!-- \/ Yoast SEO plugin. -->","yoast_head_json":{"title":"Atividade Econ\u00f3mica - Destinazores","description":"Economia a\u00e7oriana: pecu\u00e1ria, pesca, ind\u00fastrias l\u00e1cteas e tun\u00eddeos, energia e turismo inter\u2011ilhas impulsionam um arquip\u00e9lago em crescimento.","robots":{"index":"index","follow":"follow","max-snippet":"max-snippet:-1","max-image-preview":"max-image-preview:large","max-video-preview":"max-video-preview:-1"},"canonical":"https:\/\/www.destinazores.com\/pt-pt\/atividade-economica\/","og_locale":"pt_PT","og_type":"article","og_title":"Atividade Econ\u00f3mica - Destinazores","og_description":"Economia a\u00e7oriana: pecu\u00e1ria, pesca, ind\u00fastrias l\u00e1cteas e tun\u00eddeos, energia e turismo inter\u2011ilhas impulsionam um arquip\u00e9lago em crescimento.","og_url":"https:\/\/www.destinazores.com\/pt-pt\/atividade-economica\/","og_site_name":"Destinazores","article_publisher":"https:\/\/www.facebook.com\/destinazores","article_modified_time":"2025-04-23T14:41:08+00:00","og_image":[{"width":2048,"height":1536,"url":"https:\/\/www.destinazores.com\/wp-content\/uploads\/2018\/06\/Ch\u00e1-Gorreana-5.jpg","type":"image\/jpeg"}],"twitter_card":"summary_large_image","twitter_misc":{"Tempo estimado de leitura":"6 minutos"},"schema":{"@context":"https:\/\/schema.org","@graph":[{"@type":"WebPage","@id":"https:\/\/www.destinazores.com\/pt-pt\/atividade-economica\/","url":"https:\/\/www.destinazores.com\/pt-pt\/atividade-economica\/","name":"Atividade Econ\u00f3mica - Destinazores","isPartOf":{"@id":"https:\/\/www.destinazores.com\/en\/#website"},"primaryImageOfPage":{"@id":"https:\/\/www.destinazores.com\/pt-pt\/atividade-economica\/#primaryimage"},"image":{"@id":"https:\/\/www.destinazores.com\/pt-pt\/atividade-economica\/#primaryimage"},"thumbnailUrl":"https:\/\/www.destinazores.com\/wp-content\/uploads\/2018\/06\/Ch\u00e1-Gorreana-5.jpg","datePublished":"2017-12-10T11:34:35+00:00","dateModified":"2025-04-23T14:41:08+00:00","description":"Economia a\u00e7oriana: pecu\u00e1ria, pesca, ind\u00fastrias l\u00e1cteas e tun\u00eddeos, energia e turismo inter\u2011ilhas impulsionam um arquip\u00e9lago em crescimento.","breadcrumb":{"@id":"https:\/\/www.destinazores.com\/pt-pt\/atividade-economica\/#breadcrumb"},"inLanguage":"pt-PT","potentialAction":[{"@type":"ReadAction","target":["https:\/\/www.destinazores.com\/pt-pt\/atividade-economica\/"]}]},{"@type":"ImageObject","inLanguage":"pt-PT","@id":"https:\/\/www.destinazores.com\/pt-pt\/atividade-economica\/#primaryimage","url":"https:\/\/www.destinazores.com\/wp-content\/uploads\/2018\/06\/Ch\u00e1-Gorreana-5.jpg","contentUrl":"https:\/\/www.destinazores.com\/wp-content\/uploads\/2018\/06\/Ch\u00e1-Gorreana-5.jpg","width":2048,"height":1536,"caption":"Ch\u00e1 Gorreana"},{"@type":"BreadcrumbList","@id":"https:\/\/www.destinazores.com\/pt-pt\/atividade-economica\/#breadcrumb","itemListElement":[{"@type":"ListItem","position":1,"name":"In\u00edcio","item":"https:\/\/www.destinazores.com\/en\/"},{"@type":"ListItem","position":2,"name":"Atividade Econ\u00f3mica"}]},{"@type":"WebSite","@id":"https:\/\/www.destinazores.com\/en\/#website","url":"https:\/\/www.destinazores.com\/en\/","name":"Destinazores","description":"Um Para\u00edso Natural","publisher":{"@id":"https:\/\/www.destinazores.com\/en\/#organization"},"potentialAction":[{"@type":"SearchAction","target":{"@type":"EntryPoint","urlTemplate":"https:\/\/www.destinazores.com\/en\/?s={search_term_string}"},"query-input":{"@type":"PropertyValueSpecification","valueRequired":true,"valueName":"search_term_string"}}],"inLanguage":"pt-PT"},{"@type":"Organization","@id":"https:\/\/www.destinazores.com\/en\/#organization","name":"LGM - Gest\u00e3o de Suportes Publicit\u00e1rios","url":"https:\/\/www.destinazores.com\/en\/","logo":{"@type":"ImageObject","inLanguage":"pt-PT","@id":"https:\/\/www.destinazores.com\/en\/#\/schema\/logo\/image\/","url":"https:\/\/www.destinazores.com\/wp-content\/uploads\/2018\/04\/cropped-favicon.png","contentUrl":"https:\/\/www.destinazores.com\/wp-content\/uploads\/2018\/04\/cropped-favicon.png","width":512,"height":512,"caption":"LGM - Gest\u00e3o de Suportes Publicit\u00e1rios"},"image":{"@id":"https:\/\/www.destinazores.com\/en\/#\/schema\/logo\/image\/"},"sameAs":["https:\/\/www.facebook.com\/destinazores","https:\/\/www.instagram.com\/destinazoresguide\/"]}]}},"_links":{"self":[{"href":"https:\/\/www.destinazores.com\/pt-pt\/wp-json\/wp\/v2\/pages\/883","targetHints":{"allow":["GET"]}}],"collection":[{"href":"https:\/\/www.destinazores.com\/pt-pt\/wp-json\/wp\/v2\/pages"}],"about":[{"href":"https:\/\/www.destinazores.com\/pt-pt\/wp-json\/wp\/v2\/types\/page"}],"author":[{"embeddable":true,"href":"https:\/\/www.destinazores.com\/pt-pt\/wp-json\/wp\/v2\/users\/1"}],"replies":[{"embeddable":true,"href":"https:\/\/www.destinazores.com\/pt-pt\/wp-json\/wp\/v2\/comments?post=883"}],"version-history":[{"count":1,"href":"https:\/\/www.destinazores.com\/pt-pt\/wp-json\/wp\/v2\/pages\/883\/revisions"}],"predecessor-version":[{"id":3540,"href":"https:\/\/www.destinazores.com\/pt-pt\/wp-json\/wp\/v2\/pages\/883\/revisions\/3540"}],"wp:featuredmedia":[{"embeddable":true,"href":"https:\/\/www.destinazores.com\/pt-pt\/wp-json\/wp\/v2\/media\/6053"}],"wp:attachment":[{"href":"https:\/\/www.destinazores.com\/pt-pt\/wp-json\/wp\/v2\/media?parent=883"}],"curies":[{"name":"wp","href":"https:\/\/api.w.org\/{rel}","templated":true}]}}