{"id":885,"date":"2017-12-10T11:34:52","date_gmt":"2017-12-10T11:34:52","guid":{"rendered":"https:\/\/www.destinazores.com\/?page_id=885"},"modified":"2025-04-23T14:59:48","modified_gmt":"2025-04-23T14:59:48","slug":"geomorfologia","status":"publish","type":"page","link":"https:\/\/www.destinazores.com\/pt-pt\/geomorfologia\/","title":{"rendered":"Geomorfologia"},"content":{"rendered":"<p>Repartida a sua superf\u00edcie por nove ilhas di\u00adferentes, cada qual apresenta caracter\u00edsticas naturais muito pr\u00f3prias que a distingue das res\u00adtantes, mas que, no seu conjunto, se comple\u00admentam e contribuem para colocar o Arquip\u00e9la\u00adgo num dos lugares cimeiros da escala tur\u00edstica nacional e mesmo internacional.&nbsp;<\/p>\n<p>Desde a mais alta eleva\u00e7\u00e3o de Portugal, a Montanha do Pico com 2.351m de altitude si\u00adtuada na ilha do mesmo nome, \u00e0s costas de corte variado beijadas constantemente pelas \u00e1guas azuis do oceano que as banham, as ilhas encerram dentro de si todo um conjunto de be\u00adleza e mist\u00e9rio que atrai e cativa quem por elas passa, mesmo o observador menos atento.&nbsp;<\/p>\n<p>A paisagem a\u00e7oriana \u00e9 feita de contrastes, onde a harmonia das \u201cterras de p\u00e3o\u201d e a agres\u00adsividade das altivas montanhas atravessadas por profundos vales e ravinas que se aliam por vezes para dar lugar a cen\u00e1rios de rara e ines\u00adquec\u00edvel beleza, onde os fen\u00f3menos de vulca\u00adnismo ainda activo nos transportam \u00e0s \u00e9pocas remotas das grandes erup\u00e7\u00f5es que deram lugar \u00e0 forma\u00e7\u00e3o das primitivas ilhas e onde a po\u00adlicromia da paisagem nos inebria e liberta da tens\u00e3o do dia a dia.&nbsp;<\/p>\n<p>De natureza vulc\u00e2nica, excepto Santa Maria, nas ilhas \u00e9 evidente a ac\u00e7\u00e3o das grandes erup\u00ad\u00e7\u00f5es que lhes deram origem, onde os antigos aparelhos vulc\u00e2nicos apresentam muitas vezes na sua parte central caldeiras de abatimento de consider\u00e1vel di\u00e2metro e profundidade, ocupa\u00addas geralmente por lagoas, constituindo assim forma\u00e7\u00f5es de relevo de extraordin\u00e1ria beleza e grandiosidade, reflectidas nas suas \u00e1guas.&nbsp;<\/p>\n<p>As costas de recorte variado, ora se apresen\u00adtam em extensas ba\u00edas e enseadas que servem n\u00e3o s\u00f3 de abrigo \u00e0 navega\u00e7\u00e3o mar\u00edtima como tamb\u00e9m de convidativas zonas balneares, ora caem abruptamente sobre o mar em aut\u00eanti\u00adcos abismos, ora ainda s\u00e3o ornamentadas por imponentes promont\u00f3rios, quais guardi\u00f5es das ilhas a\u00e7orianas.&nbsp;<\/p>\n<p>Integrando todo o conjunto insular do arqui\u00adp\u00e9lago, numerosos pequenos ilh\u00e9us de variadas formas e tamanhos, acarinhados pelas ilhas que os acolhem, complementam a paisagem e constituem, na maioria, aut\u00eanticos ref\u00fagios de col\u00f3nias de aves, n\u00e3o s\u00f3 migrat\u00f3rias, mas tamb\u00e9m locais, que aproveitam o sossego e iso\u00adlamento para a\u00ed nidificarem.&nbsp;<\/p>\n","protected":false},"excerpt":{"rendered":"<p>Repartida a sua superf\u00edcie por nove ilhas di\u00adferentes, cada qual apresenta caracter\u00edsticas naturais muito pr\u00f3prias que a distingue das res\u00adtantes, mas que, no seu conjunto, se comple\u00admentam e contribuem para colocar o Arquip\u00e9la\u00adgo num dos lugares cimeiros da escala tur\u00edstica nacional e mesmo internacional.&nbsp; Desde a mais alta eleva\u00e7\u00e3o de Portugal, a Montanha do Pico com 2.351m de altitude si\u00adtuada &hellip;<\/p>\n","protected":false},"author":1,"featured_media":0,"parent":0,"menu_order":0,"comment_status":"closed","ping_status":"closed","template":"templates\/page-sidebar-right.php","meta":{"ngg_post_thumbnail":0,"footnotes":""},"class_list":["post-885","page","type-page","status-publish","hentry"],"yoast_head":"<!-- This site is optimized with the Yoast SEO plugin v24.9 - https:\/\/yoast.com\/wordpress\/plugins\/seo\/ -->\n<title>Geomorfologia - Destinazores<\/title>\n<meta name=\"description\" content=\"Explore as paisagens vulc\u00e2nicas dos A\u00e7ores, com suas ilhas de beleza \u00fanica, caldeiras, lagoas, oferecendo uma experi\u00eancia inesquec\u00edvel.\" \/>\n<meta name=\"robots\" content=\"index, follow, max-snippet:-1, max-image-preview:large, max-video-preview:-1\" \/>\n<link rel=\"canonical\" href=\"https:\/\/www.destinazores.com\/pt-pt\/geomorfologia\/\" \/>\n<meta property=\"og:locale\" content=\"pt_PT\" \/>\n<meta property=\"og:type\" content=\"article\" \/>\n<meta property=\"og:title\" content=\"Geomorfologia - Destinazores\" \/>\n<meta property=\"og:description\" content=\"Explore as paisagens vulc\u00e2nicas dos A\u00e7ores, com suas ilhas de beleza \u00fanica, caldeiras, lagoas, oferecendo uma experi\u00eancia inesquec\u00edvel.\" \/>\n<meta property=\"og:url\" content=\"https:\/\/www.destinazores.com\/pt-pt\/geomorfologia\/\" \/>\n<meta property=\"og:site_name\" content=\"Destinazores\" \/>\n<meta property=\"article:publisher\" content=\"https:\/\/www.facebook.com\/destinazores\" \/>\n<meta property=\"article:modified_time\" content=\"2025-04-23T14:59:48+00:00\" \/>\n<meta property=\"og:image\" content=\"https:\/\/www.destinazores.com\/wp-content\/uploads\/2022\/11\/64.jpg\" \/>\n\t<meta property=\"og:image:width\" content=\"1080\" \/>\n\t<meta property=\"og:image:height\" content=\"1080\" \/>\n\t<meta property=\"og:image:type\" content=\"image\/jpeg\" \/>\n<meta name=\"twitter:card\" content=\"summary_large_image\" \/>\n<meta name=\"twitter:label1\" content=\"Tempo estimado de leitura\" \/>\n\t<meta name=\"twitter:data1\" content=\"2 minutos\" \/>\n<script type=\"application\/ld+json\" class=\"yoast-schema-graph\">{\"@context\":\"https:\/\/schema.org\",\"@graph\":[{\"@type\":\"WebPage\",\"@id\":\"https:\/\/www.destinazores.com\/pt-pt\/geomorfologia\/\",\"url\":\"https:\/\/www.destinazores.com\/pt-pt\/geomorfologia\/\",\"name\":\"Geomorfologia - Destinazores\",\"isPartOf\":{\"@id\":\"https:\/\/www.destinazores.com\/en\/#website\"},\"datePublished\":\"2017-12-10T11:34:52+00:00\",\"dateModified\":\"2025-04-23T14:59:48+00:00\",\"description\":\"Explore as paisagens vulc\u00e2nicas dos A\u00e7ores, com suas ilhas de beleza \u00fanica, caldeiras, lagoas, oferecendo uma experi\u00eancia inesquec\u00edvel.\",\"breadcrumb\":{\"@id\":\"https:\/\/www.destinazores.com\/pt-pt\/geomorfologia\/#breadcrumb\"},\"inLanguage\":\"pt-PT\",\"potentialAction\":[{\"@type\":\"ReadAction\",\"target\":[\"https:\/\/www.destinazores.com\/pt-pt\/geomorfologia\/\"]}]},{\"@type\":\"BreadcrumbList\",\"@id\":\"https:\/\/www.destinazores.com\/pt-pt\/geomorfologia\/#breadcrumb\",\"itemListElement\":[{\"@type\":\"ListItem\",\"position\":1,\"name\":\"In\u00edcio\",\"item\":\"https:\/\/www.destinazores.com\/en\/\"},{\"@type\":\"ListItem\",\"position\":2,\"name\":\"Geomorfologia\"}]},{\"@type\":\"WebSite\",\"@id\":\"https:\/\/www.destinazores.com\/en\/#website\",\"url\":\"https:\/\/www.destinazores.com\/en\/\",\"name\":\"Destinazores\",\"description\":\"Um Para\u00edso Natural\",\"publisher\":{\"@id\":\"https:\/\/www.destinazores.com\/en\/#organization\"},\"potentialAction\":[{\"@type\":\"SearchAction\",\"target\":{\"@type\":\"EntryPoint\",\"urlTemplate\":\"https:\/\/www.destinazores.com\/en\/?s={search_term_string}\"},\"query-input\":{\"@type\":\"PropertyValueSpecification\",\"valueRequired\":true,\"valueName\":\"search_term_string\"}}],\"inLanguage\":\"pt-PT\"},{\"@type\":\"Organization\",\"@id\":\"https:\/\/www.destinazores.com\/en\/#organization\",\"name\":\"LGM - Gest\u00e3o de Suportes Publicit\u00e1rios\",\"url\":\"https:\/\/www.destinazores.com\/en\/\",\"logo\":{\"@type\":\"ImageObject\",\"inLanguage\":\"pt-PT\",\"@id\":\"https:\/\/www.destinazores.com\/en\/#\/schema\/logo\/image\/\",\"url\":\"https:\/\/www.destinazores.com\/wp-content\/uploads\/2018\/04\/cropped-favicon.png\",\"contentUrl\":\"https:\/\/www.destinazores.com\/wp-content\/uploads\/2018\/04\/cropped-favicon.png\",\"width\":512,\"height\":512,\"caption\":\"LGM - Gest\u00e3o de Suportes Publicit\u00e1rios\"},\"image\":{\"@id\":\"https:\/\/www.destinazores.com\/en\/#\/schema\/logo\/image\/\"},\"sameAs\":[\"https:\/\/www.facebook.com\/destinazores\",\"https:\/\/www.instagram.com\/destinazoresguide\/\"]}]}<\/script>\n<!-- \/ Yoast SEO plugin. -->","yoast_head_json":{"title":"Geomorfologia - Destinazores","description":"Explore as paisagens vulc\u00e2nicas dos A\u00e7ores, com suas ilhas de beleza \u00fanica, caldeiras, lagoas, oferecendo uma experi\u00eancia inesquec\u00edvel.","robots":{"index":"index","follow":"follow","max-snippet":"max-snippet:-1","max-image-preview":"max-image-preview:large","max-video-preview":"max-video-preview:-1"},"canonical":"https:\/\/www.destinazores.com\/pt-pt\/geomorfologia\/","og_locale":"pt_PT","og_type":"article","og_title":"Geomorfologia - Destinazores","og_description":"Explore as paisagens vulc\u00e2nicas dos A\u00e7ores, com suas ilhas de beleza \u00fanica, caldeiras, lagoas, oferecendo uma experi\u00eancia inesquec\u00edvel.","og_url":"https:\/\/www.destinazores.com\/pt-pt\/geomorfologia\/","og_site_name":"Destinazores","article_publisher":"https:\/\/www.facebook.com\/destinazores","article_modified_time":"2025-04-23T14:59:48+00:00","og_image":[{"width":1080,"height":1080,"url":"https:\/\/www.destinazores.com\/wp-content\/uploads\/2022\/11\/64.jpg","type":"image\/jpeg"}],"twitter_card":"summary_large_image","twitter_misc":{"Tempo estimado de leitura":"2 minutos"},"schema":{"@context":"https:\/\/schema.org","@graph":[{"@type":"WebPage","@id":"https:\/\/www.destinazores.com\/pt-pt\/geomorfologia\/","url":"https:\/\/www.destinazores.com\/pt-pt\/geomorfologia\/","name":"Geomorfologia - Destinazores","isPartOf":{"@id":"https:\/\/www.destinazores.com\/en\/#website"},"datePublished":"2017-12-10T11:34:52+00:00","dateModified":"2025-04-23T14:59:48+00:00","description":"Explore as paisagens vulc\u00e2nicas dos A\u00e7ores, com suas ilhas de beleza \u00fanica, caldeiras, lagoas, oferecendo uma experi\u00eancia inesquec\u00edvel.","breadcrumb":{"@id":"https:\/\/www.destinazores.com\/pt-pt\/geomorfologia\/#breadcrumb"},"inLanguage":"pt-PT","potentialAction":[{"@type":"ReadAction","target":["https:\/\/www.destinazores.com\/pt-pt\/geomorfologia\/"]}]},{"@type":"BreadcrumbList","@id":"https:\/\/www.destinazores.com\/pt-pt\/geomorfologia\/#breadcrumb","itemListElement":[{"@type":"ListItem","position":1,"name":"In\u00edcio","item":"https:\/\/www.destinazores.com\/en\/"},{"@type":"ListItem","position":2,"name":"Geomorfologia"}]},{"@type":"WebSite","@id":"https:\/\/www.destinazores.com\/en\/#website","url":"https:\/\/www.destinazores.com\/en\/","name":"Destinazores","description":"Um Para\u00edso Natural","publisher":{"@id":"https:\/\/www.destinazores.com\/en\/#organization"},"potentialAction":[{"@type":"SearchAction","target":{"@type":"EntryPoint","urlTemplate":"https:\/\/www.destinazores.com\/en\/?s={search_term_string}"},"query-input":{"@type":"PropertyValueSpecification","valueRequired":true,"valueName":"search_term_string"}}],"inLanguage":"pt-PT"},{"@type":"Organization","@id":"https:\/\/www.destinazores.com\/en\/#organization","name":"LGM - Gest\u00e3o de Suportes Publicit\u00e1rios","url":"https:\/\/www.destinazores.com\/en\/","logo":{"@type":"ImageObject","inLanguage":"pt-PT","@id":"https:\/\/www.destinazores.com\/en\/#\/schema\/logo\/image\/","url":"https:\/\/www.destinazores.com\/wp-content\/uploads\/2018\/04\/cropped-favicon.png","contentUrl":"https:\/\/www.destinazores.com\/wp-content\/uploads\/2018\/04\/cropped-favicon.png","width":512,"height":512,"caption":"LGM - Gest\u00e3o de Suportes Publicit\u00e1rios"},"image":{"@id":"https:\/\/www.destinazores.com\/en\/#\/schema\/logo\/image\/"},"sameAs":["https:\/\/www.facebook.com\/destinazores","https:\/\/www.instagram.com\/destinazoresguide\/"]}]}},"_links":{"self":[{"href":"https:\/\/www.destinazores.com\/pt-pt\/wp-json\/wp\/v2\/pages\/885","targetHints":{"allow":["GET"]}}],"collection":[{"href":"https:\/\/www.destinazores.com\/pt-pt\/wp-json\/wp\/v2\/pages"}],"about":[{"href":"https:\/\/www.destinazores.com\/pt-pt\/wp-json\/wp\/v2\/types\/page"}],"author":[{"embeddable":true,"href":"https:\/\/www.destinazores.com\/pt-pt\/wp-json\/wp\/v2\/users\/1"}],"replies":[{"embeddable":true,"href":"https:\/\/www.destinazores.com\/pt-pt\/wp-json\/wp\/v2\/comments?post=885"}],"version-history":[{"count":1,"href":"https:\/\/www.destinazores.com\/pt-pt\/wp-json\/wp\/v2\/pages\/885\/revisions"}],"predecessor-version":[{"id":4778,"href":"https:\/\/www.destinazores.com\/pt-pt\/wp-json\/wp\/v2\/pages\/885\/revisions\/4778"}],"wp:attachment":[{"href":"https:\/\/www.destinazores.com\/pt-pt\/wp-json\/wp\/v2\/media?parent=885"}],"curies":[{"name":"wp","href":"https:\/\/api.w.org\/{rel}","templated":true}]}}