{"id":891,"date":"2017-12-10T11:35:32","date_gmt":"2017-12-10T11:35:32","guid":{"rendered":"https:\/\/www.destinazores.com\/?page_id=891"},"modified":"2025-04-23T14:53:48","modified_gmt":"2025-04-23T14:53:48","slug":"flora","status":"publish","type":"page","link":"https:\/\/www.destinazores.com\/pt-pt\/flora\/","title":{"rendered":"Flora"},"content":{"rendered":"<div id=\"attachment_9174\" style=\"width: 428px\" class=\"wp-caption alignleft\"><img fetchpriority=\"high\" decoding=\"async\" aria-describedby=\"caption-attachment-9174\" class=\"wp-image-9174\" src=\"https:\/\/www.destinazores.com\/wp-content\/uploads\/2018\/11\/Hort\u00eancias-3.jpg\" alt=\"Hort\u00eancias\" width=\"418\" height=\"330\" srcset=\"https:\/\/www.destinazores.com\/wp-content\/uploads\/2018\/11\/Hort\u00eancias-3.jpg 2048w, https:\/\/www.destinazores.com\/wp-content\/uploads\/2018\/11\/Hort\u00eancias-3-300x237.jpg 300w, https:\/\/www.destinazores.com\/wp-content\/uploads\/2018\/11\/Hort\u00eancias-3-768x607.jpg 768w, https:\/\/www.destinazores.com\/wp-content\/uploads\/2018\/11\/Hort\u00eancias-3-1024x809.jpg 1024w, https:\/\/www.destinazores.com\/wp-content\/uploads\/2018\/11\/Hort\u00eancias-3-1200x948.jpg 1200w, https:\/\/www.destinazores.com\/wp-content\/uploads\/2018\/11\/Hort\u00eancias-3-1367x1080.jpg 1367w\" sizes=\"(max-width: 418px) 100vw, 418px\" \/><p id=\"caption-attachment-9174\" class=\"wp-caption-text\">Hort\u00eancia<\/p><\/div>\n<h5>O solo a\u00e7oriano, ora deixa transparecer toda a sua fertilidade na planura dos seus verdejantes campos cultivados ladeados por sebes naturais de coloridas flores, ora mostra a sua inaptid\u00e3o agr\u00edcola atrav\u00e9s, n\u00e3o s\u00f3 do acentuado declive e da inacessibilidade das suas \u00e1reas mais re\u00adc\u00f4nditas, mas sobretudo pela exibi\u00e7\u00e3o de uma vegeta\u00e7\u00e3o natural composta de numerosas es\u00adp\u00e9cies end\u00e9micas de alto valor bot\u00e2nico e cien\u00adt\u00edfico, que conferem \u00e0 paisagem uma invulgar beleza paisag\u00edstica e constituem um incalcul\u00e1\u00advel esp\u00f3lio do patrim\u00f3nio natural da Regi\u00e3o.<\/h5>\n<h5>Composta por cerca de 56 esp\u00e9cies ind\u00edge\u00adnas, a vegeta\u00e7\u00e3o end\u00e9mica dos A\u00e7ores \u00e9 consi\u00adderada uma das mais interessantes da Europa, dela podendo destacar-se o caracter\u00edstico ce\u00addro-do-mato, os sempre bonitos azevinho e folhado, as t\u00edpicas queir\u00f3 e urze, a elegante uva-da-serra, o vistoso trovis\u00adco-macho, o pau-branco, a ginja-do-mato, etc..<\/h5>\n<hr>\n<h5>Coabitando com estas esp\u00e9cies nos locais mais in\u00f3spidos das ilhas, as esp\u00e9cies da flora da Macaron\u00e9sia contribuem ainda mais para o enriquecimento bot\u00e2nico-cient\u00edfico e, por con\u00adsequ\u00eancia, paisag\u00edstico da Regi\u00e3o, sobressain\u00addo dentre elas o Vinh\u00e1tico (Persea indica), o Tamujo (Myrsine africana), o Sanguinho (Fran\u00adgula azorica), o Louro (Laurus azorica), etc..<\/h5>\n<hr>\n<div id=\"attachment_9181\" style=\"width: 430px\" class=\"wp-caption alignleft\"><img decoding=\"async\" aria-describedby=\"caption-attachment-9181\" class=\"wp-image-9181\" src=\"https:\/\/www.destinazores.com\/wp-content\/uploads\/2018\/11\/Pico-Bartolomeu-2-Compactado.jpg\" alt=\"Pico Bartolomeu\" width=\"420\" height=\"227\" srcset=\"https:\/\/www.destinazores.com\/wp-content\/uploads\/2018\/11\/Pico-Bartolomeu-2-Compactado.jpg 1545w, https:\/\/www.destinazores.com\/wp-content\/uploads\/2018\/11\/Pico-Bartolomeu-2-Compactado-300x162.jpg 300w, https:\/\/www.destinazores.com\/wp-content\/uploads\/2018\/11\/Pico-Bartolomeu-2-Compactado-768x414.jpg 768w, https:\/\/www.destinazores.com\/wp-content\/uploads\/2018\/11\/Pico-Bartolomeu-2-Compactado-1024x552.jpg 1024w, https:\/\/www.destinazores.com\/wp-content\/uploads\/2018\/11\/Pico-Bartolomeu-2-Compactado-1200x647.jpg 1200w\" sizes=\"(max-width: 420px) 100vw, 420px\" \/><p id=\"caption-attachment-9181\" class=\"wp-caption-text\">Pico Bartolomeu<\/p><\/div>\n<h5>Al\u00e9m destas, outras esp\u00e9cies vegetais intro\u00adduzidas h\u00e1 muitos anos, quer com fins de apro\u00adveitamento comercial, quer com fins puramente ornamentais, completam e diversificam o pano\u00adrama vegetal da paisagem a\u00e7oriana, sendo de real\u00e7ar a exist\u00eancia da Criptom\u00e9ria japonica, introduzida na Regi\u00e3o h\u00e1 cerca de 100 anos, como a principal e mais importante ess\u00eancia florestal destinada \u00e0 produ\u00e7\u00e3o de madeira, n\u00e3o s\u00f3 para abastecimento do mercado regional, como tamb\u00e9m destinada \u00e0 exporta\u00e7\u00e3o. A Ac\u00e1\u00adcia (Acacia melanoxylon), \u00e9 outra das esp\u00e9cies florestais fortemente implantada na Regi\u00e3o e a segunda produtora de madeira, a qual \u00e9 muito apreciada e usada na constru\u00e7\u00e3o civil.<\/h5>\n<hr>\n<h5>A n\u00edvel de ornamentais, uma grande varieda\u00adde de esp\u00e9cies que v\u00e3o desde os sub-arbustos \u00e0s \u00e1rvores de grande porte, a maioria delas introduzidas e algumas de grande valor bot\u00e2\u00adnico, embelezam os nossos jardins e estradas e, servindo de sebes de abrigo ou divis\u00f3rias de propriedade, conferem aos nossos campos uma alegria extasiante pela frescura e colorido das suas folhas e p\u00e9talas, como s\u00e3o exemplo disso os \u201cmuros naturais\u201d da popular Hort\u00eansia (Hy\u00addrangea macrophylla), as agrad\u00e1veis e pitores\u00adcas alamedas de Az\u00e1leas (Rhododendron indi\u00adcum) e as elegantes sebes de vistosas Cam\u00e9lias (Camellia japonica).<\/h5>\n<h5>A Conteira ou Roca-de-Velha (Hedychium gardnerianum), os Agapantos (Agapantus prae\u00adcox), as Beladonas (Brunsvigia rosea), os Jar\u00adros (Zantedeschia aethiopica), e muitas outras ornamentais, completam o policromado pano\u00adrama flor\u00edstico da paisagem a\u00e7oriana.<\/h5>\n","protected":false},"excerpt":{"rendered":"<p>O solo a\u00e7oriano, ora deixa transparecer toda a sua fertilidade na planura dos seus verdejantes campos cultivados ladeados por sebes naturais de coloridas flores, ora mostra a sua inaptid\u00e3o agr\u00edcola atrav\u00e9s, n\u00e3o s\u00f3 do acentuado declive e da inacessibilidade das suas \u00e1reas mais re\u00adc\u00f4nditas, mas sobretudo pela exibi\u00e7\u00e3o de uma vegeta\u00e7\u00e3o natural composta de numerosas es\u00adp\u00e9cies end\u00e9micas de alto valor &hellip;<\/p>\n","protected":false},"author":1,"featured_media":9170,"parent":0,"menu_order":0,"comment_status":"closed","ping_status":"closed","template":"templates\/page-sidebar-right.php","meta":{"ngg_post_thumbnail":0,"footnotes":""},"class_list":["post-891","page","type-page","status-publish","has-post-thumbnail","hentry"],"yoast_head":"<!-- This site is optimized with the Yoast SEO plugin v24.9 - https:\/\/yoast.com\/wordpress\/plugins\/seo\/ -->\n<title>Flora - Destinazores<\/title>\n<meta name=\"description\" content=\"Flora a\u00e7oriana: cedro\u2011do\u2011mato, louro e hort\u00eansias azuis pintam as ilhas com 56 esp\u00e9cies end\u00e9micas e jardins de cam\u00e9lias e criptom\u00e9rias.\" \/>\n<meta name=\"robots\" content=\"index, follow, max-snippet:-1, max-image-preview:large, max-video-preview:-1\" \/>\n<link rel=\"canonical\" href=\"https:\/\/www.destinazores.com\/pt-pt\/flora\/\" \/>\n<meta property=\"og:locale\" content=\"pt_PT\" \/>\n<meta property=\"og:type\" content=\"article\" \/>\n<meta property=\"og:title\" content=\"Flora - Destinazores\" \/>\n<meta property=\"og:description\" content=\"Flora a\u00e7oriana: cedro\u2011do\u2011mato, louro e hort\u00eansias azuis pintam as ilhas com 56 esp\u00e9cies end\u00e9micas e jardins de cam\u00e9lias e criptom\u00e9rias.\" \/>\n<meta property=\"og:url\" content=\"https:\/\/www.destinazores.com\/pt-pt\/flora\/\" \/>\n<meta property=\"og:site_name\" content=\"Destinazores\" \/>\n<meta property=\"article:publisher\" content=\"https:\/\/www.facebook.com\/destinazores\" \/>\n<meta property=\"article:modified_time\" content=\"2025-04-23T14:53:48+00:00\" \/>\n<meta property=\"og:image\" content=\"https:\/\/www.destinazores.com\/wp-content\/uploads\/2018\/11\/Flora-1-Compactado.jpg\" \/>\n\t<meta property=\"og:image:width\" content=\"1536\" \/>\n\t<meta property=\"og:image:height\" content=\"1025\" \/>\n\t<meta property=\"og:image:type\" content=\"image\/jpeg\" \/>\n<meta name=\"twitter:card\" content=\"summary_large_image\" \/>\n<meta name=\"twitter:label1\" content=\"Tempo estimado de leitura\" \/>\n\t<meta name=\"twitter:data1\" content=\"3 minutos\" \/>\n<script type=\"application\/ld+json\" class=\"yoast-schema-graph\">{\"@context\":\"https:\/\/schema.org\",\"@graph\":[{\"@type\":\"WebPage\",\"@id\":\"https:\/\/www.destinazores.com\/pt-pt\/flora\/\",\"url\":\"https:\/\/www.destinazores.com\/pt-pt\/flora\/\",\"name\":\"Flora - Destinazores\",\"isPartOf\":{\"@id\":\"https:\/\/www.destinazores.com\/en\/#website\"},\"primaryImageOfPage\":{\"@id\":\"https:\/\/www.destinazores.com\/pt-pt\/flora\/#primaryimage\"},\"image\":{\"@id\":\"https:\/\/www.destinazores.com\/pt-pt\/flora\/#primaryimage\"},\"thumbnailUrl\":\"https:\/\/www.destinazores.com\/wp-content\/uploads\/2018\/11\/Flora-1-Compactado.jpg\",\"datePublished\":\"2017-12-10T11:35:32+00:00\",\"dateModified\":\"2025-04-23T14:53:48+00:00\",\"description\":\"Flora a\u00e7oriana: cedro\u2011do\u2011mato, louro e hort\u00eansias azuis pintam as ilhas com 56 esp\u00e9cies end\u00e9micas e jardins de cam\u00e9lias e criptom\u00e9rias.\",\"breadcrumb\":{\"@id\":\"https:\/\/www.destinazores.com\/pt-pt\/flora\/#breadcrumb\"},\"inLanguage\":\"pt-PT\",\"potentialAction\":[{\"@type\":\"ReadAction\",\"target\":[\"https:\/\/www.destinazores.com\/pt-pt\/flora\/\"]}]},{\"@type\":\"ImageObject\",\"inLanguage\":\"pt-PT\",\"@id\":\"https:\/\/www.destinazores.com\/pt-pt\/flora\/#primaryimage\",\"url\":\"https:\/\/www.destinazores.com\/wp-content\/uploads\/2018\/11\/Flora-1-Compactado.jpg\",\"contentUrl\":\"https:\/\/www.destinazores.com\/wp-content\/uploads\/2018\/11\/Flora-1-Compactado.jpg\",\"width\":1536,\"height\":1025,\"caption\":\"Flora\"},{\"@type\":\"BreadcrumbList\",\"@id\":\"https:\/\/www.destinazores.com\/pt-pt\/flora\/#breadcrumb\",\"itemListElement\":[{\"@type\":\"ListItem\",\"position\":1,\"name\":\"In\u00edcio\",\"item\":\"https:\/\/www.destinazores.com\/en\/\"},{\"@type\":\"ListItem\",\"position\":2,\"name\":\"Flora\"}]},{\"@type\":\"WebSite\",\"@id\":\"https:\/\/www.destinazores.com\/en\/#website\",\"url\":\"https:\/\/www.destinazores.com\/en\/\",\"name\":\"Destinazores\",\"description\":\"Um Para\u00edso Natural\",\"publisher\":{\"@id\":\"https:\/\/www.destinazores.com\/en\/#organization\"},\"potentialAction\":[{\"@type\":\"SearchAction\",\"target\":{\"@type\":\"EntryPoint\",\"urlTemplate\":\"https:\/\/www.destinazores.com\/en\/?s={search_term_string}\"},\"query-input\":{\"@type\":\"PropertyValueSpecification\",\"valueRequired\":true,\"valueName\":\"search_term_string\"}}],\"inLanguage\":\"pt-PT\"},{\"@type\":\"Organization\",\"@id\":\"https:\/\/www.destinazores.com\/en\/#organization\",\"name\":\"LGM - Gest\u00e3o de Suportes Publicit\u00e1rios\",\"url\":\"https:\/\/www.destinazores.com\/en\/\",\"logo\":{\"@type\":\"ImageObject\",\"inLanguage\":\"pt-PT\",\"@id\":\"https:\/\/www.destinazores.com\/en\/#\/schema\/logo\/image\/\",\"url\":\"https:\/\/www.destinazores.com\/wp-content\/uploads\/2018\/04\/cropped-favicon.png\",\"contentUrl\":\"https:\/\/www.destinazores.com\/wp-content\/uploads\/2018\/04\/cropped-favicon.png\",\"width\":512,\"height\":512,\"caption\":\"LGM - Gest\u00e3o de Suportes Publicit\u00e1rios\"},\"image\":{\"@id\":\"https:\/\/www.destinazores.com\/en\/#\/schema\/logo\/image\/\"},\"sameAs\":[\"https:\/\/www.facebook.com\/destinazores\",\"https:\/\/www.instagram.com\/destinazoresguide\/\"]}]}<\/script>\n<!-- \/ Yoast SEO plugin. -->","yoast_head_json":{"title":"Flora - Destinazores","description":"Flora a\u00e7oriana: cedro\u2011do\u2011mato, louro e hort\u00eansias azuis pintam as ilhas com 56 esp\u00e9cies end\u00e9micas e jardins de cam\u00e9lias e criptom\u00e9rias.","robots":{"index":"index","follow":"follow","max-snippet":"max-snippet:-1","max-image-preview":"max-image-preview:large","max-video-preview":"max-video-preview:-1"},"canonical":"https:\/\/www.destinazores.com\/pt-pt\/flora\/","og_locale":"pt_PT","og_type":"article","og_title":"Flora - Destinazores","og_description":"Flora a\u00e7oriana: cedro\u2011do\u2011mato, louro e hort\u00eansias azuis pintam as ilhas com 56 esp\u00e9cies end\u00e9micas e jardins de cam\u00e9lias e criptom\u00e9rias.","og_url":"https:\/\/www.destinazores.com\/pt-pt\/flora\/","og_site_name":"Destinazores","article_publisher":"https:\/\/www.facebook.com\/destinazores","article_modified_time":"2025-04-23T14:53:48+00:00","og_image":[{"width":1536,"height":1025,"url":"https:\/\/www.destinazores.com\/wp-content\/uploads\/2018\/11\/Flora-1-Compactado.jpg","type":"image\/jpeg"}],"twitter_card":"summary_large_image","twitter_misc":{"Tempo estimado de leitura":"3 minutos"},"schema":{"@context":"https:\/\/schema.org","@graph":[{"@type":"WebPage","@id":"https:\/\/www.destinazores.com\/pt-pt\/flora\/","url":"https:\/\/www.destinazores.com\/pt-pt\/flora\/","name":"Flora - Destinazores","isPartOf":{"@id":"https:\/\/www.destinazores.com\/en\/#website"},"primaryImageOfPage":{"@id":"https:\/\/www.destinazores.com\/pt-pt\/flora\/#primaryimage"},"image":{"@id":"https:\/\/www.destinazores.com\/pt-pt\/flora\/#primaryimage"},"thumbnailUrl":"https:\/\/www.destinazores.com\/wp-content\/uploads\/2018\/11\/Flora-1-Compactado.jpg","datePublished":"2017-12-10T11:35:32+00:00","dateModified":"2025-04-23T14:53:48+00:00","description":"Flora a\u00e7oriana: cedro\u2011do\u2011mato, louro e hort\u00eansias azuis pintam as ilhas com 56 esp\u00e9cies end\u00e9micas e jardins de cam\u00e9lias e criptom\u00e9rias.","breadcrumb":{"@id":"https:\/\/www.destinazores.com\/pt-pt\/flora\/#breadcrumb"},"inLanguage":"pt-PT","potentialAction":[{"@type":"ReadAction","target":["https:\/\/www.destinazores.com\/pt-pt\/flora\/"]}]},{"@type":"ImageObject","inLanguage":"pt-PT","@id":"https:\/\/www.destinazores.com\/pt-pt\/flora\/#primaryimage","url":"https:\/\/www.destinazores.com\/wp-content\/uploads\/2018\/11\/Flora-1-Compactado.jpg","contentUrl":"https:\/\/www.destinazores.com\/wp-content\/uploads\/2018\/11\/Flora-1-Compactado.jpg","width":1536,"height":1025,"caption":"Flora"},{"@type":"BreadcrumbList","@id":"https:\/\/www.destinazores.com\/pt-pt\/flora\/#breadcrumb","itemListElement":[{"@type":"ListItem","position":1,"name":"In\u00edcio","item":"https:\/\/www.destinazores.com\/en\/"},{"@type":"ListItem","position":2,"name":"Flora"}]},{"@type":"WebSite","@id":"https:\/\/www.destinazores.com\/en\/#website","url":"https:\/\/www.destinazores.com\/en\/","name":"Destinazores","description":"Um Para\u00edso Natural","publisher":{"@id":"https:\/\/www.destinazores.com\/en\/#organization"},"potentialAction":[{"@type":"SearchAction","target":{"@type":"EntryPoint","urlTemplate":"https:\/\/www.destinazores.com\/en\/?s={search_term_string}"},"query-input":{"@type":"PropertyValueSpecification","valueRequired":true,"valueName":"search_term_string"}}],"inLanguage":"pt-PT"},{"@type":"Organization","@id":"https:\/\/www.destinazores.com\/en\/#organization","name":"LGM - Gest\u00e3o de Suportes Publicit\u00e1rios","url":"https:\/\/www.destinazores.com\/en\/","logo":{"@type":"ImageObject","inLanguage":"pt-PT","@id":"https:\/\/www.destinazores.com\/en\/#\/schema\/logo\/image\/","url":"https:\/\/www.destinazores.com\/wp-content\/uploads\/2018\/04\/cropped-favicon.png","contentUrl":"https:\/\/www.destinazores.com\/wp-content\/uploads\/2018\/04\/cropped-favicon.png","width":512,"height":512,"caption":"LGM - Gest\u00e3o de Suportes Publicit\u00e1rios"},"image":{"@id":"https:\/\/www.destinazores.com\/en\/#\/schema\/logo\/image\/"},"sameAs":["https:\/\/www.facebook.com\/destinazores","https:\/\/www.instagram.com\/destinazoresguide\/"]}]}},"_links":{"self":[{"href":"https:\/\/www.destinazores.com\/pt-pt\/wp-json\/wp\/v2\/pages\/891","targetHints":{"allow":["GET"]}}],"collection":[{"href":"https:\/\/www.destinazores.com\/pt-pt\/wp-json\/wp\/v2\/pages"}],"about":[{"href":"https:\/\/www.destinazores.com\/pt-pt\/wp-json\/wp\/v2\/types\/page"}],"author":[{"embeddable":true,"href":"https:\/\/www.destinazores.com\/pt-pt\/wp-json\/wp\/v2\/users\/1"}],"replies":[{"embeddable":true,"href":"https:\/\/www.destinazores.com\/pt-pt\/wp-json\/wp\/v2\/comments?post=891"}],"version-history":[{"count":15,"href":"https:\/\/www.destinazores.com\/pt-pt\/wp-json\/wp\/v2\/pages\/891\/revisions"}],"predecessor-version":[{"id":15488,"href":"https:\/\/www.destinazores.com\/pt-pt\/wp-json\/wp\/v2\/pages\/891\/revisions\/15488"}],"wp:featuredmedia":[{"embeddable":true,"href":"https:\/\/www.destinazores.com\/pt-pt\/wp-json\/wp\/v2\/media\/9170"}],"wp:attachment":[{"href":"https:\/\/www.destinazores.com\/pt-pt\/wp-json\/wp\/v2\/media?parent=891"}],"curies":[{"name":"wp","href":"https:\/\/api.w.org\/{rel}","templated":true}]}}