{"id":893,"date":"2017-12-10T11:39:16","date_gmt":"2017-12-10T11:39:16","guid":{"rendered":"https:\/\/www.destinazores.com\/?page_id=893"},"modified":"2025-04-23T14:49:58","modified_gmt":"2025-04-23T14:49:58","slug":"entretenimento","status":"publish","type":"page","link":"https:\/\/www.destinazores.com\/pt-pt\/entretenimento\/","title":{"rendered":"Entretenimento"},"content":{"rendered":"<p><img fetchpriority=\"high\" decoding=\"async\" class=\"size-medium wp-image-1436 alignleft\" src=\"https:\/\/www.destinazores.com\/wp-content\/uploads\/2017\/12\/f1-1-300x225.jpg\" alt=\"\" width=\"300\" height=\"225\">V\u00e1rias alternativas de longos passeios atrav\u00e9s de floridos caminhos, frescas veredas e verdejantes campos, subindo montes e descendo vales, transmitem ao passeante uma agrad\u00e1vel sensa\u00e7\u00e3o de absoluta tranquilidade, ao mesmo tempo que, passo a passo, v\u00e3o proporcionando emocionantes quadros dos locais mais rec\u00f4nditos da paisagem a\u00e7oriana, aliados ao prazer de um direto e sempre saud\u00e1vel contacto com a Natureza.<\/p>\n<p>&nbsp;<\/p>\n<p>&nbsp;<\/p>\n<h3>O clima ameno das ilhas em estreita liga\u00e7\u00e3o com o seu ambiente natural, proporcionam \u00f3timas condi\u00e7\u00f5es para a pr\u00e1tica do desporto ao ar livre, tais como o golfe, t\u00e9nis, ca\u00e7a e pesca em \u00e1guas interiores.<\/h3>\n<p>&nbsp;<\/p>\n<p><img decoding=\"async\" class=\"alignleft wp-image-1427 size-medium\" src=\"https:\/\/www.destinazores.com\/wp-content\/uploads\/2017\/12\/acores-300x169.jpg\" alt=\"\" width=\"300\" height=\"169\">Os A\u00e7ores t\u00eam \u00f3timas condi\u00e7\u00f5es para a pr\u00e1tica de Parapente, especialmente nos meses de ver\u00e3o. Atualmente esta modalidade \u00e9 praticada em quase todas as ilhas do Arquip\u00e9lago. Em v\u00e1rias ilhas existem zonas de voo que se tornaram locais de visita obrigat\u00f3ria para todos os que se interessam por esta atividade. No m\u00eas de Agosto realiza-se o Encontro Internacional de Parapente dos A\u00e7ores, promovido pelo Aero Clube da Horta.<\/p>\n<p>&nbsp;<\/p>\n<p>Refor\u00e7ando ainda mais essas condi\u00e7\u00f5es, o mar azul cristal que banha a costa das ilhas a\u00e7orianas \u00e9 calmo e de temperatura amena convidativa \u00e0 pr\u00e1tica de diferentes desportos n\u00e1uticos, como por exemplo, o \u201cSurf\u201d, o \u201cWindsurf\u201d, Iatismo, Remo, Vela e Nata\u00e7\u00e3o, al\u00e9m de que \u00e9 extremamente rico em variedades pisc\u00edcolas, que permitem aos amadores da pesca de linha e de mar alto excelentes capturas, proporcionando mesmo, algumas delas, recordes europeus ou mundiais, sobretudo no tri\u00e2ngulo compreendido entre as ilhas Faial, Pico e S\u00e3o Jorge e respetivos canais.<\/p>\n<p>Neste aspeto, note-se que na Regi\u00e3o existem embarca\u00e7\u00f5es de aluguer pr\u00f3prias e com pessoal apto a conduzir o amante da pesca desportiva de alto mar aos locais mais indicados para o efeito.<\/p>\n<p><img decoding=\"async\" class=\"alignleft wp-image-1430 size-medium\" src=\"https:\/\/www.destinazores.com\/wp-content\/uploads\/2017\/12\/w1-300x200.jpg\" alt=\"\" width=\"300\" height=\"200\">Para os apaixonados das observa\u00e7\u00f5es e explora\u00e7\u00f5es subaqu\u00e1ticas, os mares dos A\u00e7ores oferecem extraordin\u00e1rios fundos multicolores de grande riqueza, n\u00e3o s\u00f3 visual, como tamb\u00e9m em vida animal e vegetal marinhas. Contrastando com o alcantilado litoral das ilhas, algumas acolhedoras praias e piscinas naturais abertas ao mar s\u00e3o ponto de lazer e conv\u00edvio, sobretudo durante a \u00e9poca balnear.<\/p>\n<p>&nbsp;<\/p>\n<p>&nbsp;<\/p>\n<p><img loading=\"lazy\" decoding=\"async\" class=\"size-medium wp-image-1433 alignleft\" src=\"https:\/\/www.destinazores.com\/wp-content\/uploads\/2017\/12\/g1-300x150.jpg\" alt=\"\" width=\"300\" height=\"150\">Nos campos desportivo e recreativo, poder-se-\u00e3o indicar algumas das op\u00e7\u00f5es. Nos A\u00e7ores existem presentemente tr\u00eas campos de golfe, um na Terceira e dois em S\u00e3o Miguel, estando em constru\u00e7\u00e3o um na Ilha do Faial e em fase de projeto o da Ilha de Santa Maria.<\/p>\n","protected":false},"excerpt":{"rendered":"<p>V\u00e1rias alternativas de longos passeios atrav\u00e9s de floridos caminhos, frescas veredas e verdejantes campos, subindo montes e descendo vales, transmitem ao passeante uma agrad\u00e1vel sensa\u00e7\u00e3o de absoluta tranquilidade, ao mesmo tempo que, passo a passo, v\u00e3o proporcionando emocionantes quadros dos locais mais rec\u00f4nditos da paisagem a\u00e7oriana, aliados ao prazer de um direto e sempre saud\u00e1vel contacto com a Natureza. &nbsp; &hellip;<\/p>\n","protected":false},"author":1,"featured_media":7644,"parent":0,"menu_order":0,"comment_status":"closed","ping_status":"closed","template":"templates\/page-sidebar-right.php","meta":{"ngg_post_thumbnail":0,"footnotes":""},"class_list":["post-893","page","type-page","status-publish","has-post-thumbnail","hentry"],"yoast_head":"<!-- This site is optimized with the Yoast SEO plugin v24.9 - https:\/\/yoast.com\/wordpress\/plugins\/seo\/ -->\n<title>Entretenimento - Destinazores<\/title>\n<meta name=\"description\" content=\"Entretenimento nos A\u00e7ores: trilhos, parapente, surf, golfe e pesca de alto\u2011mar em cen\u00e1rios naturais \u00fanicos. Viva aventura o ano todo!\" \/>\n<meta name=\"robots\" content=\"index, follow, max-snippet:-1, max-image-preview:large, max-video-preview:-1\" \/>\n<link rel=\"canonical\" href=\"https:\/\/www.destinazores.com\/pt-pt\/entretenimento\/\" \/>\n<meta property=\"og:locale\" content=\"pt_PT\" \/>\n<meta property=\"og:type\" content=\"article\" \/>\n<meta property=\"og:title\" content=\"Entretenimento - Destinazores\" \/>\n<meta property=\"og:description\" content=\"Entretenimento nos A\u00e7ores: trilhos, parapente, surf, golfe e pesca de alto\u2011mar em cen\u00e1rios naturais \u00fanicos. Viva aventura o ano todo!\" \/>\n<meta property=\"og:url\" content=\"https:\/\/www.destinazores.com\/pt-pt\/entretenimento\/\" \/>\n<meta property=\"og:site_name\" content=\"Destinazores\" \/>\n<meta property=\"article:publisher\" content=\"https:\/\/www.facebook.com\/destinazores\" \/>\n<meta property=\"article:modified_time\" content=\"2025-04-23T14:49:58+00:00\" \/>\n<meta property=\"og:image\" content=\"https:\/\/www.destinazores.com\/wp-content\/uploads\/2018\/09\/Surf-2.jpg\" \/>\n\t<meta property=\"og:image:width\" content=\"2048\" \/>\n\t<meta property=\"og:image:height\" content=\"1145\" \/>\n\t<meta property=\"og:image:type\" content=\"image\/jpeg\" \/>\n<meta name=\"twitter:card\" content=\"summary_large_image\" \/>\n<meta name=\"twitter:label1\" content=\"Tempo estimado de leitura\" \/>\n\t<meta name=\"twitter:data1\" content=\"4 minutos\" \/>\n<script type=\"application\/ld+json\" class=\"yoast-schema-graph\">{\"@context\":\"https:\/\/schema.org\",\"@graph\":[{\"@type\":\"WebPage\",\"@id\":\"https:\/\/www.destinazores.com\/pt-pt\/entretenimento\/\",\"url\":\"https:\/\/www.destinazores.com\/pt-pt\/entretenimento\/\",\"name\":\"Entretenimento - Destinazores\",\"isPartOf\":{\"@id\":\"https:\/\/www.destinazores.com\/en\/#website\"},\"primaryImageOfPage\":{\"@id\":\"https:\/\/www.destinazores.com\/pt-pt\/entretenimento\/#primaryimage\"},\"image\":{\"@id\":\"https:\/\/www.destinazores.com\/pt-pt\/entretenimento\/#primaryimage\"},\"thumbnailUrl\":\"https:\/\/www.destinazores.com\/wp-content\/uploads\/2018\/09\/Surf-2.jpg\",\"datePublished\":\"2017-12-10T11:39:16+00:00\",\"dateModified\":\"2025-04-23T14:49:58+00:00\",\"description\":\"Entretenimento nos A\u00e7ores: trilhos, parapente, surf, golfe e pesca de alto\u2011mar em cen\u00e1rios naturais \u00fanicos. Viva aventura o ano todo!\",\"breadcrumb\":{\"@id\":\"https:\/\/www.destinazores.com\/pt-pt\/entretenimento\/#breadcrumb\"},\"inLanguage\":\"pt-PT\",\"potentialAction\":[{\"@type\":\"ReadAction\",\"target\":[\"https:\/\/www.destinazores.com\/pt-pt\/entretenimento\/\"]}]},{\"@type\":\"ImageObject\",\"inLanguage\":\"pt-PT\",\"@id\":\"https:\/\/www.destinazores.com\/pt-pt\/entretenimento\/#primaryimage\",\"url\":\"https:\/\/www.destinazores.com\/wp-content\/uploads\/2018\/09\/Surf-2.jpg\",\"contentUrl\":\"https:\/\/www.destinazores.com\/wp-content\/uploads\/2018\/09\/Surf-2.jpg\",\"width\":2048,\"height\":1145,\"caption\":\"Surf\"},{\"@type\":\"BreadcrumbList\",\"@id\":\"https:\/\/www.destinazores.com\/pt-pt\/entretenimento\/#breadcrumb\",\"itemListElement\":[{\"@type\":\"ListItem\",\"position\":1,\"name\":\"In\u00edcio\",\"item\":\"https:\/\/www.destinazores.com\/en\/\"},{\"@type\":\"ListItem\",\"position\":2,\"name\":\"Entretenimento\"}]},{\"@type\":\"WebSite\",\"@id\":\"https:\/\/www.destinazores.com\/en\/#website\",\"url\":\"https:\/\/www.destinazores.com\/en\/\",\"name\":\"Destinazores\",\"description\":\"Um Para\u00edso Natural\",\"publisher\":{\"@id\":\"https:\/\/www.destinazores.com\/en\/#organization\"},\"potentialAction\":[{\"@type\":\"SearchAction\",\"target\":{\"@type\":\"EntryPoint\",\"urlTemplate\":\"https:\/\/www.destinazores.com\/en\/?s={search_term_string}\"},\"query-input\":{\"@type\":\"PropertyValueSpecification\",\"valueRequired\":true,\"valueName\":\"search_term_string\"}}],\"inLanguage\":\"pt-PT\"},{\"@type\":\"Organization\",\"@id\":\"https:\/\/www.destinazores.com\/en\/#organization\",\"name\":\"LGM - Gest\u00e3o de Suportes Publicit\u00e1rios\",\"url\":\"https:\/\/www.destinazores.com\/en\/\",\"logo\":{\"@type\":\"ImageObject\",\"inLanguage\":\"pt-PT\",\"@id\":\"https:\/\/www.destinazores.com\/en\/#\/schema\/logo\/image\/\",\"url\":\"https:\/\/www.destinazores.com\/wp-content\/uploads\/2018\/04\/cropped-favicon.png\",\"contentUrl\":\"https:\/\/www.destinazores.com\/wp-content\/uploads\/2018\/04\/cropped-favicon.png\",\"width\":512,\"height\":512,\"caption\":\"LGM - Gest\u00e3o de Suportes Publicit\u00e1rios\"},\"image\":{\"@id\":\"https:\/\/www.destinazores.com\/en\/#\/schema\/logo\/image\/\"},\"sameAs\":[\"https:\/\/www.facebook.com\/destinazores\",\"https:\/\/www.instagram.com\/destinazoresguide\/\"]}]}<\/script>\n<!-- \/ Yoast SEO plugin. -->","yoast_head_json":{"title":"Entretenimento - Destinazores","description":"Entretenimento nos A\u00e7ores: trilhos, parapente, surf, golfe e pesca de alto\u2011mar em cen\u00e1rios naturais \u00fanicos. Viva aventura o ano todo!","robots":{"index":"index","follow":"follow","max-snippet":"max-snippet:-1","max-image-preview":"max-image-preview:large","max-video-preview":"max-video-preview:-1"},"canonical":"https:\/\/www.destinazores.com\/pt-pt\/entretenimento\/","og_locale":"pt_PT","og_type":"article","og_title":"Entretenimento - Destinazores","og_description":"Entretenimento nos A\u00e7ores: trilhos, parapente, surf, golfe e pesca de alto\u2011mar em cen\u00e1rios naturais \u00fanicos. Viva aventura o ano todo!","og_url":"https:\/\/www.destinazores.com\/pt-pt\/entretenimento\/","og_site_name":"Destinazores","article_publisher":"https:\/\/www.facebook.com\/destinazores","article_modified_time":"2025-04-23T14:49:58+00:00","og_image":[{"width":2048,"height":1145,"url":"https:\/\/www.destinazores.com\/wp-content\/uploads\/2018\/09\/Surf-2.jpg","type":"image\/jpeg"}],"twitter_card":"summary_large_image","twitter_misc":{"Tempo estimado de leitura":"4 minutos"},"schema":{"@context":"https:\/\/schema.org","@graph":[{"@type":"WebPage","@id":"https:\/\/www.destinazores.com\/pt-pt\/entretenimento\/","url":"https:\/\/www.destinazores.com\/pt-pt\/entretenimento\/","name":"Entretenimento - Destinazores","isPartOf":{"@id":"https:\/\/www.destinazores.com\/en\/#website"},"primaryImageOfPage":{"@id":"https:\/\/www.destinazores.com\/pt-pt\/entretenimento\/#primaryimage"},"image":{"@id":"https:\/\/www.destinazores.com\/pt-pt\/entretenimento\/#primaryimage"},"thumbnailUrl":"https:\/\/www.destinazores.com\/wp-content\/uploads\/2018\/09\/Surf-2.jpg","datePublished":"2017-12-10T11:39:16+00:00","dateModified":"2025-04-23T14:49:58+00:00","description":"Entretenimento nos A\u00e7ores: trilhos, parapente, surf, golfe e pesca de alto\u2011mar em cen\u00e1rios naturais \u00fanicos. Viva aventura o ano todo!","breadcrumb":{"@id":"https:\/\/www.destinazores.com\/pt-pt\/entretenimento\/#breadcrumb"},"inLanguage":"pt-PT","potentialAction":[{"@type":"ReadAction","target":["https:\/\/www.destinazores.com\/pt-pt\/entretenimento\/"]}]},{"@type":"ImageObject","inLanguage":"pt-PT","@id":"https:\/\/www.destinazores.com\/pt-pt\/entretenimento\/#primaryimage","url":"https:\/\/www.destinazores.com\/wp-content\/uploads\/2018\/09\/Surf-2.jpg","contentUrl":"https:\/\/www.destinazores.com\/wp-content\/uploads\/2018\/09\/Surf-2.jpg","width":2048,"height":1145,"caption":"Surf"},{"@type":"BreadcrumbList","@id":"https:\/\/www.destinazores.com\/pt-pt\/entretenimento\/#breadcrumb","itemListElement":[{"@type":"ListItem","position":1,"name":"In\u00edcio","item":"https:\/\/www.destinazores.com\/en\/"},{"@type":"ListItem","position":2,"name":"Entretenimento"}]},{"@type":"WebSite","@id":"https:\/\/www.destinazores.com\/en\/#website","url":"https:\/\/www.destinazores.com\/en\/","name":"Destinazores","description":"Um Para\u00edso Natural","publisher":{"@id":"https:\/\/www.destinazores.com\/en\/#organization"},"potentialAction":[{"@type":"SearchAction","target":{"@type":"EntryPoint","urlTemplate":"https:\/\/www.destinazores.com\/en\/?s={search_term_string}"},"query-input":{"@type":"PropertyValueSpecification","valueRequired":true,"valueName":"search_term_string"}}],"inLanguage":"pt-PT"},{"@type":"Organization","@id":"https:\/\/www.destinazores.com\/en\/#organization","name":"LGM - Gest\u00e3o de Suportes Publicit\u00e1rios","url":"https:\/\/www.destinazores.com\/en\/","logo":{"@type":"ImageObject","inLanguage":"pt-PT","@id":"https:\/\/www.destinazores.com\/en\/#\/schema\/logo\/image\/","url":"https:\/\/www.destinazores.com\/wp-content\/uploads\/2018\/04\/cropped-favicon.png","contentUrl":"https:\/\/www.destinazores.com\/wp-content\/uploads\/2018\/04\/cropped-favicon.png","width":512,"height":512,"caption":"LGM - Gest\u00e3o de Suportes Publicit\u00e1rios"},"image":{"@id":"https:\/\/www.destinazores.com\/en\/#\/schema\/logo\/image\/"},"sameAs":["https:\/\/www.facebook.com\/destinazores","https:\/\/www.instagram.com\/destinazoresguide\/"]}]}},"_links":{"self":[{"href":"https:\/\/www.destinazores.com\/pt-pt\/wp-json\/wp\/v2\/pages\/893","targetHints":{"allow":["GET"]}}],"collection":[{"href":"https:\/\/www.destinazores.com\/pt-pt\/wp-json\/wp\/v2\/pages"}],"about":[{"href":"https:\/\/www.destinazores.com\/pt-pt\/wp-json\/wp\/v2\/types\/page"}],"author":[{"embeddable":true,"href":"https:\/\/www.destinazores.com\/pt-pt\/wp-json\/wp\/v2\/users\/1"}],"replies":[{"embeddable":true,"href":"https:\/\/www.destinazores.com\/pt-pt\/wp-json\/wp\/v2\/comments?post=893"}],"version-history":[{"count":5,"href":"https:\/\/www.destinazores.com\/pt-pt\/wp-json\/wp\/v2\/pages\/893\/revisions"}],"predecessor-version":[{"id":6291,"href":"https:\/\/www.destinazores.com\/pt-pt\/wp-json\/wp\/v2\/pages\/893\/revisions\/6291"}],"wp:featuredmedia":[{"embeddable":true,"href":"https:\/\/www.destinazores.com\/pt-pt\/wp-json\/wp\/v2\/media\/7644"}],"wp:attachment":[{"href":"https:\/\/www.destinazores.com\/pt-pt\/wp-json\/wp\/v2\/media?parent=893"}],"curies":[{"name":"wp","href":"https:\/\/api.w.org\/{rel}","templated":true}]}}