{"id":902,"date":"2017-12-10T11:40:21","date_gmt":"2017-12-10T11:40:21","guid":{"rendered":"https:\/\/www.destinazores.com\/?page_id=902"},"modified":"2025-10-22T15:43:42","modified_gmt":"2025-10-22T15:43:42","slug":"arte-popular","status":"publish","type":"page","link":"https:\/\/www.destinazores.com\/pt-pt\/arte-popular\/","title":{"rendered":"Arte Popular"},"content":{"rendered":"<p><img fetchpriority=\"high\" decoding=\"async\" class=\"size-medium wp-image-3744 alignleft\" src=\"https:\/\/www.destinazores.com\/wp-content\/uploads\/2018\/04\/arte-popular-225x300.jpg\" alt=\"\" width=\"225\" height=\"300\" srcset=\"https:\/\/www.destinazores.com\/wp-content\/uploads\/2018\/04\/arte-popular-225x300.jpg 225w, https:\/\/www.destinazores.com\/wp-content\/uploads\/2018\/04\/arte-popular-600x800.jpg 600w, https:\/\/www.destinazores.com\/wp-content\/uploads\/2018\/04\/arte-popular.jpg 645w\" sizes=\"(max-width: 225px) 100vw, 225px\" \/>Desde sempre que o isolamento das ilhas obrigou os seus habitantes a lan\u00e7arem m\u00e3o \u00e0quilo que a terra lhes dava, como forma de superarem algumas das suas dificuldades do quotidiano.&nbsp;<\/p>\n<p>Com a natural evolu\u00e7\u00e3o dos tempos de que resultou, logicamente, uma grande abertura da Regi\u00e3o para o exterior, que a aproximou signi\u00adficativamente do resto da Europa e do mundo, muito do que outrora constitu\u00eda uma necessida\u00adde das suas gentes, representa hoje o rico arte\u00adsanato a\u00e7oriano, retratado em interessantes tra\u00adbalhos de cer\u00e2mica, madeira, tecelagem, vimes e bordados \u201conde o sector dos texteis-lar repre\u00adsentou 3,4% das exporta\u00e7\u00f5es da Regi\u00e3o Aut\u00f3\u00adnoma dos A\u00e7ores entre 1993\/95. As Empresas respons\u00e1veis pelo sector possuem um produto de qualidade que se adequa \u00e0s tend\u00eancias cada vez mais exigentes do mercado\u201d, tendo o Bor\u00addado dos A\u00e7ores j\u00e1 recebido a denomina\u00e7\u00e3o de Produto de Origem de Qualidade Certificada.&nbsp;<\/p>\n<p>Das m\u00e3os habilidosas dos artes\u00e3os nascem not\u00e1veis pe\u00e7as de materiais, formas e cores diversas, que fazem do artesanato dos A\u00e7ores um rico conjunto de aut\u00eanticas obras de arte, da arte engenhosamente imaginada pelos seus art\u00edfices.&nbsp;<\/p>\n<p>S\u00e3o disso exemplo as graciosas e delicadas flores feitas com escamas de peixe, de papel, de penas ou de pano, ou os coloridos capachos de folha de milho e espadana, que em S\u00e3o Mi\u00adguel se podem encontrar. Not\u00e1veis tamb\u00e9m s\u00e3o as trempes, as peneiras e as bandeiras borda\u00addas do Divino Espirito Santo feitas na Ribeira Grande.<\/p>\n<p>De igual modo, as magn\u00edficas e art\u00edsticas flo\u00adres e outros interessantes trabalhos em mi\u00f4lo de figueira ou de hort\u00eancia, caracter\u00edsticas das ilhas do Faial e Flores, s\u00e3o dignas pe\u00e7as do seu artesanato.&nbsp;<\/p>\n<p>No campo da cer\u00e2mica, belas pe\u00e7as pintadas \u00e0 m\u00e3o, da r\u00fastica e muito apreciada lou\u00e7a da Lagoa e de Vila Franca do Campo, em S\u00e3o Mi\u00adguel, bem como curiosos exemplares das ola\u00adrias mariense e terceirenses e os vasos, bules e canecas da Graciosa, despertam sem d\u00favida a aten\u00e7\u00e3o de quem delas se acerca.&nbsp;<\/p>\n<p>No ramo da tecelagem, bordados e rendas, desde as quentes camisolas de l\u00e3 de ovelha fei\u00adtas manualmente em Santa Maria, \u00e0 confec\u00e7\u00e3o, em velhos teares manuais, de colchas e mantas com bonitas combina\u00e7\u00f5es de cores em quadra\u00addos, losangos ou estrias, nas v\u00e1rias ilhas, talvez mere\u00e7am uma refer\u00eancia especial, as conhecidas \u201ccolchas de ponto alto\u201d ou \u201cmantas de S\u00e3o Jor\u00adge\u201d e as rendas de croch\u00e9 \u201cacaseado\u201d ou \u201ccroch\u00e9 de arte\u201d do Faial, al\u00e9m dos sempre cobi\u00e7ados bordados manuais em pano de linho, branco, cru e vermelho da Ilha Terceira. \u201cAs h\u00e1beis m\u00e3os das mulheres A\u00e7oreanas sempre bordaram e fizeram rendas. Talvez melhor que nenhuma outra ma\u00adnifesta\u00e7\u00e3o artesanal, os bordados personificam, na sua pureza, suavidade de cores, harmonia, perfei\u00e7\u00e3o e tranquila transpar\u00eancia, a maneira de ser das Ilhas \u2013 o que lhes confere redobrados motivos de interesse e beleza.\u201d&nbsp;<\/p>\n<p>Interessantes trabalhos em vimes, desde peque\u00adnos cestos a elegantes mob\u00edlias, sobretudo para casas de veraneio, a utiliza\u00e7\u00e3o do ferro e da ma\u00addeira em objectos de uso di\u00e1rio nos trabalhos do campo e na faina piscat\u00f3ria e da palha de trigo como mat\u00e9ria-prima para o fabrico de objectos de uso corrente, ou ainda trabalhos em lata reprodu\u00adzindo art\u00edsticas pe\u00e7as que t\u00eam sido j\u00e1 motivo para apreciadas e concorridas exposi\u00e7\u00f5es, sobretudo na ilha Terceira, completam, em termos gerais, o curioso panorama artesanal a\u00e7oreano.&nbsp;<\/p>\n<p>&nbsp;<\/p>\n","protected":false},"excerpt":{"rendered":"<p>Desde sempre que o isolamento das ilhas obrigou os seus habitantes a lan\u00e7arem m\u00e3o \u00e0quilo que a terra lhes dava, como forma de superarem algumas das suas dificuldades do quotidiano.&nbsp; Com a natural evolu\u00e7\u00e3o dos tempos de que resultou, logicamente, uma grande abertura da Regi\u00e3o para o exterior, que a aproximou signi\u00adficativamente do resto da Europa e do mundo, muito &hellip;<\/p>\n","protected":false},"author":1,"featured_media":0,"parent":0,"menu_order":0,"comment_status":"closed","ping_status":"closed","template":"templates\/page-sidebar-right.php","meta":{"ngg_post_thumbnail":0,"footnotes":""},"class_list":["post-902","page","type-page","status-publish","hentry"],"yoast_head":"<!-- This site is optimized with the Yoast SEO plugin v24.9 - https:\/\/yoast.com\/wordpress\/plugins\/seo\/ -->\n<title>Arte Popular - Destinazores<\/title>\n<meta name=\"description\" content=\"Descubra a Arte Popular a\u00e7oriana\u202f\u2013 cer\u00e2mica, bordados, tecelagem, vimes e flores artesanais que refletem a alma das ilhas.\" \/>\n<meta name=\"robots\" content=\"index, follow, max-snippet:-1, max-image-preview:large, max-video-preview:-1\" \/>\n<link rel=\"canonical\" href=\"https:\/\/www.destinazores.com\/pt-pt\/arte-popular\/\" \/>\n<meta property=\"og:locale\" content=\"pt_PT\" \/>\n<meta property=\"og:type\" content=\"article\" \/>\n<meta property=\"og:title\" content=\"Arte Popular - Destinazores\" \/>\n<meta property=\"og:description\" content=\"Descubra a Arte Popular a\u00e7oriana\u202f\u2013 cer\u00e2mica, bordados, tecelagem, vimes e flores artesanais que refletem a alma das ilhas.\" \/>\n<meta property=\"og:url\" content=\"https:\/\/www.destinazores.com\/pt-pt\/arte-popular\/\" \/>\n<meta property=\"og:site_name\" content=\"Destinazores\" \/>\n<meta property=\"article:publisher\" content=\"https:\/\/www.facebook.com\/destinazores\" \/>\n<meta property=\"article:modified_time\" content=\"2025-10-22T15:43:42+00:00\" \/>\n<meta property=\"og:image\" content=\"https:\/\/www.destinazores.com\/wp-content\/uploads\/2018\/04\/arte-popular.jpg\" \/>\n\t<meta property=\"og:image:width\" content=\"645\" \/>\n\t<meta property=\"og:image:height\" content=\"860\" \/>\n\t<meta property=\"og:image:type\" content=\"image\/jpeg\" \/>\n<meta name=\"twitter:card\" content=\"summary_large_image\" \/>\n<meta name=\"twitter:label1\" content=\"Tempo estimado de leitura\" \/>\n\t<meta name=\"twitter:data1\" content=\"4 minutos\" \/>\n<script type=\"application\/ld+json\" class=\"yoast-schema-graph\">{\"@context\":\"https:\/\/schema.org\",\"@graph\":[{\"@type\":\"WebPage\",\"@id\":\"https:\/\/www.destinazores.com\/pt-pt\/arte-popular\/\",\"url\":\"https:\/\/www.destinazores.com\/pt-pt\/arte-popular\/\",\"name\":\"Arte Popular - Destinazores\",\"isPartOf\":{\"@id\":\"https:\/\/www.destinazores.com\/en\/#website\"},\"primaryImageOfPage\":{\"@id\":\"https:\/\/www.destinazores.com\/pt-pt\/arte-popular\/#primaryimage\"},\"image\":{\"@id\":\"https:\/\/www.destinazores.com\/pt-pt\/arte-popular\/#primaryimage\"},\"thumbnailUrl\":\"https:\/\/www.destinazores.com\/wp-content\/uploads\/2018\/04\/arte-popular-225x300.jpg\",\"datePublished\":\"2017-12-10T11:40:21+00:00\",\"dateModified\":\"2025-10-22T15:43:42+00:00\",\"description\":\"Descubra a Arte Popular a\u00e7oriana\u202f\u2013 cer\u00e2mica, bordados, tecelagem, vimes e flores artesanais que refletem a alma das ilhas.\",\"breadcrumb\":{\"@id\":\"https:\/\/www.destinazores.com\/pt-pt\/arte-popular\/#breadcrumb\"},\"inLanguage\":\"pt-PT\",\"potentialAction\":[{\"@type\":\"ReadAction\",\"target\":[\"https:\/\/www.destinazores.com\/pt-pt\/arte-popular\/\"]}]},{\"@type\":\"ImageObject\",\"inLanguage\":\"pt-PT\",\"@id\":\"https:\/\/www.destinazores.com\/pt-pt\/arte-popular\/#primaryimage\",\"url\":\"https:\/\/www.destinazores.com\/wp-content\/uploads\/2018\/04\/arte-popular-225x300.jpg\",\"contentUrl\":\"https:\/\/www.destinazores.com\/wp-content\/uploads\/2018\/04\/arte-popular-225x300.jpg\"},{\"@type\":\"BreadcrumbList\",\"@id\":\"https:\/\/www.destinazores.com\/pt-pt\/arte-popular\/#breadcrumb\",\"itemListElement\":[{\"@type\":\"ListItem\",\"position\":1,\"name\":\"In\u00edcio\",\"item\":\"https:\/\/www.destinazores.com\/en\/\"},{\"@type\":\"ListItem\",\"position\":2,\"name\":\"Arte Popular\"}]},{\"@type\":\"WebSite\",\"@id\":\"https:\/\/www.destinazores.com\/en\/#website\",\"url\":\"https:\/\/www.destinazores.com\/en\/\",\"name\":\"Destinazores\",\"description\":\"Um Para\u00edso Natural\",\"publisher\":{\"@id\":\"https:\/\/www.destinazores.com\/en\/#organization\"},\"potentialAction\":[{\"@type\":\"SearchAction\",\"target\":{\"@type\":\"EntryPoint\",\"urlTemplate\":\"https:\/\/www.destinazores.com\/en\/?s={search_term_string}\"},\"query-input\":{\"@type\":\"PropertyValueSpecification\",\"valueRequired\":true,\"valueName\":\"search_term_string\"}}],\"inLanguage\":\"pt-PT\"},{\"@type\":\"Organization\",\"@id\":\"https:\/\/www.destinazores.com\/en\/#organization\",\"name\":\"LGM - Gest\u00e3o de Suportes Publicit\u00e1rios\",\"url\":\"https:\/\/www.destinazores.com\/en\/\",\"logo\":{\"@type\":\"ImageObject\",\"inLanguage\":\"pt-PT\",\"@id\":\"https:\/\/www.destinazores.com\/en\/#\/schema\/logo\/image\/\",\"url\":\"https:\/\/www.destinazores.com\/wp-content\/uploads\/2018\/04\/cropped-favicon.png\",\"contentUrl\":\"https:\/\/www.destinazores.com\/wp-content\/uploads\/2018\/04\/cropped-favicon.png\",\"width\":512,\"height\":512,\"caption\":\"LGM - Gest\u00e3o de Suportes Publicit\u00e1rios\"},\"image\":{\"@id\":\"https:\/\/www.destinazores.com\/en\/#\/schema\/logo\/image\/\"},\"sameAs\":[\"https:\/\/www.facebook.com\/destinazores\",\"https:\/\/www.instagram.com\/destinazoresguide\/\"]}]}<\/script>\n<!-- \/ Yoast SEO plugin. -->","yoast_head_json":{"title":"Arte Popular - Destinazores","description":"Descubra a Arte Popular a\u00e7oriana\u202f\u2013 cer\u00e2mica, bordados, tecelagem, vimes e flores artesanais que refletem a alma das ilhas.","robots":{"index":"index","follow":"follow","max-snippet":"max-snippet:-1","max-image-preview":"max-image-preview:large","max-video-preview":"max-video-preview:-1"},"canonical":"https:\/\/www.destinazores.com\/pt-pt\/arte-popular\/","og_locale":"pt_PT","og_type":"article","og_title":"Arte Popular - Destinazores","og_description":"Descubra a Arte Popular a\u00e7oriana\u202f\u2013 cer\u00e2mica, bordados, tecelagem, vimes e flores artesanais que refletem a alma das ilhas.","og_url":"https:\/\/www.destinazores.com\/pt-pt\/arte-popular\/","og_site_name":"Destinazores","article_publisher":"https:\/\/www.facebook.com\/destinazores","article_modified_time":"2025-10-22T15:43:42+00:00","og_image":[{"width":645,"height":860,"url":"https:\/\/www.destinazores.com\/wp-content\/uploads\/2018\/04\/arte-popular.jpg","type":"image\/jpeg"}],"twitter_card":"summary_large_image","twitter_misc":{"Tempo estimado de leitura":"4 minutos"},"schema":{"@context":"https:\/\/schema.org","@graph":[{"@type":"WebPage","@id":"https:\/\/www.destinazores.com\/pt-pt\/arte-popular\/","url":"https:\/\/www.destinazores.com\/pt-pt\/arte-popular\/","name":"Arte Popular - Destinazores","isPartOf":{"@id":"https:\/\/www.destinazores.com\/en\/#website"},"primaryImageOfPage":{"@id":"https:\/\/www.destinazores.com\/pt-pt\/arte-popular\/#primaryimage"},"image":{"@id":"https:\/\/www.destinazores.com\/pt-pt\/arte-popular\/#primaryimage"},"thumbnailUrl":"https:\/\/www.destinazores.com\/wp-content\/uploads\/2018\/04\/arte-popular-225x300.jpg","datePublished":"2017-12-10T11:40:21+00:00","dateModified":"2025-10-22T15:43:42+00:00","description":"Descubra a Arte Popular a\u00e7oriana\u202f\u2013 cer\u00e2mica, bordados, tecelagem, vimes e flores artesanais que refletem a alma das ilhas.","breadcrumb":{"@id":"https:\/\/www.destinazores.com\/pt-pt\/arte-popular\/#breadcrumb"},"inLanguage":"pt-PT","potentialAction":[{"@type":"ReadAction","target":["https:\/\/www.destinazores.com\/pt-pt\/arte-popular\/"]}]},{"@type":"ImageObject","inLanguage":"pt-PT","@id":"https:\/\/www.destinazores.com\/pt-pt\/arte-popular\/#primaryimage","url":"https:\/\/www.destinazores.com\/wp-content\/uploads\/2018\/04\/arte-popular-225x300.jpg","contentUrl":"https:\/\/www.destinazores.com\/wp-content\/uploads\/2018\/04\/arte-popular-225x300.jpg"},{"@type":"BreadcrumbList","@id":"https:\/\/www.destinazores.com\/pt-pt\/arte-popular\/#breadcrumb","itemListElement":[{"@type":"ListItem","position":1,"name":"In\u00edcio","item":"https:\/\/www.destinazores.com\/en\/"},{"@type":"ListItem","position":2,"name":"Arte Popular"}]},{"@type":"WebSite","@id":"https:\/\/www.destinazores.com\/en\/#website","url":"https:\/\/www.destinazores.com\/en\/","name":"Destinazores","description":"Um Para\u00edso Natural","publisher":{"@id":"https:\/\/www.destinazores.com\/en\/#organization"},"potentialAction":[{"@type":"SearchAction","target":{"@type":"EntryPoint","urlTemplate":"https:\/\/www.destinazores.com\/en\/?s={search_term_string}"},"query-input":{"@type":"PropertyValueSpecification","valueRequired":true,"valueName":"search_term_string"}}],"inLanguage":"pt-PT"},{"@type":"Organization","@id":"https:\/\/www.destinazores.com\/en\/#organization","name":"LGM - Gest\u00e3o de Suportes Publicit\u00e1rios","url":"https:\/\/www.destinazores.com\/en\/","logo":{"@type":"ImageObject","inLanguage":"pt-PT","@id":"https:\/\/www.destinazores.com\/en\/#\/schema\/logo\/image\/","url":"https:\/\/www.destinazores.com\/wp-content\/uploads\/2018\/04\/cropped-favicon.png","contentUrl":"https:\/\/www.destinazores.com\/wp-content\/uploads\/2018\/04\/cropped-favicon.png","width":512,"height":512,"caption":"LGM - Gest\u00e3o de Suportes Publicit\u00e1rios"},"image":{"@id":"https:\/\/www.destinazores.com\/en\/#\/schema\/logo\/image\/"},"sameAs":["https:\/\/www.facebook.com\/destinazores","https:\/\/www.instagram.com\/destinazoresguide\/"]}]}},"_links":{"self":[{"href":"https:\/\/www.destinazores.com\/pt-pt\/wp-json\/wp\/v2\/pages\/902","targetHints":{"allow":["GET"]}}],"collection":[{"href":"https:\/\/www.destinazores.com\/pt-pt\/wp-json\/wp\/v2\/pages"}],"about":[{"href":"https:\/\/www.destinazores.com\/pt-pt\/wp-json\/wp\/v2\/types\/page"}],"author":[{"embeddable":true,"href":"https:\/\/www.destinazores.com\/pt-pt\/wp-json\/wp\/v2\/users\/1"}],"replies":[{"embeddable":true,"href":"https:\/\/www.destinazores.com\/pt-pt\/wp-json\/wp\/v2\/comments?post=902"}],"version-history":[{"count":3,"href":"https:\/\/www.destinazores.com\/pt-pt\/wp-json\/wp\/v2\/pages\/902\/revisions"}],"predecessor-version":[{"id":12486,"href":"https:\/\/www.destinazores.com\/pt-pt\/wp-json\/wp\/v2\/pages\/902\/revisions\/12486"}],"wp:attachment":[{"href":"https:\/\/www.destinazores.com\/pt-pt\/wp-json\/wp\/v2\/media?parent=902"}],"curies":[{"name":"wp","href":"https:\/\/api.w.org\/{rel}","templated":true}]}}