{"id":906,"date":"2017-12-10T11:40:54","date_gmt":"2017-12-10T11:40:54","guid":{"rendered":"https:\/\/www.destinazores.com\/?page_id=906"},"modified":"2025-04-23T15:01:13","modified_gmt":"2025-04-23T15:01:13","slug":"golfe","status":"publish","type":"page","link":"https:\/\/www.destinazores.com\/pt-pt\/golfe\/","title":{"rendered":"Golfe"},"content":{"rendered":"<p><img fetchpriority=\"high\" decoding=\"async\" class=\"size-medium wp-image-3769 alignleft\" src=\"https:\/\/www.destinazores.com\/wp-content\/uploads\/2018\/04\/golfe-300x225.jpg\" alt=\"\" width=\"300\" height=\"225\" srcset=\"https:\/\/www.destinazores.com\/wp-content\/uploads\/2018\/04\/golfe-300x225.jpg 300w, https:\/\/www.destinazores.com\/wp-content\/uploads\/2018\/04\/golfe-600x450.jpg 600w, https:\/\/www.destinazores.com\/wp-content\/uploads\/2018\/04\/golfe.jpg 645w\" sizes=\"(max-width: 300px) 100vw, 300px\" \/>Nos A\u00e7ores existem presentemente tr\u00eas campos de golfe, um na Terceira e dois em S.Miguel, estando em constru\u00e7\u00e3o um na Ilha do Pico e em fase de projecto o da Ilha do Faial.<\/p>\n<p>O mais recente localiza-se na zona da Batalha, ilha de S.Miguel, na Costa Norte, a dez minutos da cidade de Ponta Delgada. Tem 27 buracos, com longos fairways e excelentes greens. A sua localiza\u00e7\u00e3o permite disfrutar uma magn\u00edfica paisagem de toda a Costa Norte da ilha, com o azul do Atl\u00e2ntico a contrastar com o verde das pastagens. Ao longo dos 27 buracos, \u00e9 poss\u00edvel admirar \u00e2ngulos diferentes de paisagem. Os \u00faltimos 9 buracos, completos em 2003, o tornou num dos maiores campos de golfe de Portugal. Existe um Clubhouse com \u00e1rea coberta de 3.000 metros quadrados com Bar, Restaurante privado, Bar p\u00fablico, Restaurante p\u00fablico de luxo, Sala de Reuni\u00f5es para 300 pessoas, Pro-Shop e quarto TV\/Video.<\/p>\n<p>O Campo de Golf das Furnas \u00e9 a menina dos olhos dos golfistas a\u00e7orianos e de todos os que admiram a imensa paisagem verdejante, rodeada de bonitas criptom\u00e9rias, e onde se respira o ar mais calmante \u00e0 face da terra. O Campo de Golfe das Furnas come\u00e7ou com 9 buracos, mais tarde foi ampliado para 18, sendo os primeiros desenhados por Mackenzie Ross e os restantes pela empresa Cameron and Powell. Existe tamb\u00e9m um Club-house com bar, Restaurante, Pro-Shop com sala de TV\/Video, 2 Putting Greens e Practice Tee e Chipping Area.<\/p>\n<p>O Campo do Clube de Golf da Ilha Terceira tem boas infraestruturas nomeadamente, campos de T\u00e9nis, Club House e Storage. Possui ainda Bar e Restaurante e uma muito procurada loja de Golfe com produtos variados, importados dos Estados Unidos.<\/p>\n","protected":false},"excerpt":{"rendered":"<p>Nos A\u00e7ores existem presentemente tr\u00eas campos de golfe, um na Terceira e dois em S.Miguel, estando em constru\u00e7\u00e3o um na Ilha do Pico e em fase de projecto o da Ilha do Faial. O mais recente localiza-se na zona da Batalha, ilha de S.Miguel, na Costa Norte, a dez minutos da cidade de Ponta Delgada. Tem 27 buracos, com longos &hellip;<\/p>\n","protected":false},"author":1,"featured_media":4825,"parent":0,"menu_order":0,"comment_status":"closed","ping_status":"closed","template":"templates\/page-sidebar-right.php","meta":{"ngg_post_thumbnail":0,"footnotes":""},"class_list":["post-906","page","type-page","status-publish","has-post-thumbnail","hentry"],"yoast_head":"<!-- This site is optimized with the Yoast SEO plugin v24.9 - https:\/\/yoast.com\/wordpress\/plugins\/seo\/ -->\n<title>Golfe - Destinazores<\/title>\n<meta name=\"description\" content=\"Explore os campos de golfe dos A\u00e7ores, incluindo o moderno campo de 27 buracos em S\u00e3o Miguel e o ic\u00f4nico Campo das Furnas.\" \/>\n<meta name=\"robots\" content=\"index, follow, max-snippet:-1, max-image-preview:large, max-video-preview:-1\" \/>\n<link rel=\"canonical\" href=\"https:\/\/www.destinazores.com\/pt-pt\/golfe\/\" \/>\n<meta property=\"og:locale\" content=\"pt_PT\" \/>\n<meta property=\"og:type\" content=\"article\" \/>\n<meta property=\"og:title\" content=\"Golfe - Destinazores\" \/>\n<meta property=\"og:description\" content=\"Explore os campos de golfe dos A\u00e7ores, incluindo o moderno campo de 27 buracos em S\u00e3o Miguel e o ic\u00f4nico Campo das Furnas.\" \/>\n<meta property=\"og:url\" content=\"https:\/\/www.destinazores.com\/pt-pt\/golfe\/\" \/>\n<meta property=\"og:site_name\" content=\"Destinazores\" \/>\n<meta property=\"article:publisher\" content=\"https:\/\/www.facebook.com\/destinazores\" \/>\n<meta property=\"article:modified_time\" content=\"2025-04-23T15:01:13+00:00\" \/>\n<meta property=\"og:image\" content=\"https:\/\/www.destinazores.com\/wp-content\/uploads\/2018\/04\/golfe-1.jpg\" \/>\n\t<meta property=\"og:image:width\" content=\"2136\" \/>\n\t<meta property=\"og:image:height\" content=\"1177\" \/>\n\t<meta property=\"og:image:type\" content=\"image\/jpeg\" \/>\n<meta name=\"twitter:card\" content=\"summary_large_image\" \/>\n<meta name=\"twitter:label1\" content=\"Tempo estimado de leitura\" \/>\n\t<meta name=\"twitter:data1\" content=\"2 minutos\" \/>\n<script type=\"application\/ld+json\" class=\"yoast-schema-graph\">{\"@context\":\"https:\/\/schema.org\",\"@graph\":[{\"@type\":\"WebPage\",\"@id\":\"https:\/\/www.destinazores.com\/pt-pt\/golfe\/\",\"url\":\"https:\/\/www.destinazores.com\/pt-pt\/golfe\/\",\"name\":\"Golfe - Destinazores\",\"isPartOf\":{\"@id\":\"https:\/\/www.destinazores.com\/en\/#website\"},\"primaryImageOfPage\":{\"@id\":\"https:\/\/www.destinazores.com\/pt-pt\/golfe\/#primaryimage\"},\"image\":{\"@id\":\"https:\/\/www.destinazores.com\/pt-pt\/golfe\/#primaryimage\"},\"thumbnailUrl\":\"https:\/\/www.destinazores.com\/wp-content\/uploads\/2018\/04\/golfe-1.jpg\",\"datePublished\":\"2017-12-10T11:40:54+00:00\",\"dateModified\":\"2025-04-23T15:01:13+00:00\",\"description\":\"Explore os campos de golfe dos A\u00e7ores, incluindo o moderno campo de 27 buracos em S\u00e3o Miguel e o ic\u00f4nico Campo das Furnas.\",\"breadcrumb\":{\"@id\":\"https:\/\/www.destinazores.com\/pt-pt\/golfe\/#breadcrumb\"},\"inLanguage\":\"pt-PT\",\"potentialAction\":[{\"@type\":\"ReadAction\",\"target\":[\"https:\/\/www.destinazores.com\/pt-pt\/golfe\/\"]}]},{\"@type\":\"ImageObject\",\"inLanguage\":\"pt-PT\",\"@id\":\"https:\/\/www.destinazores.com\/pt-pt\/golfe\/#primaryimage\",\"url\":\"https:\/\/www.destinazores.com\/wp-content\/uploads\/2018\/04\/golfe-1.jpg\",\"contentUrl\":\"https:\/\/www.destinazores.com\/wp-content\/uploads\/2018\/04\/golfe-1.jpg\",\"width\":2136,\"height\":1177},{\"@type\":\"BreadcrumbList\",\"@id\":\"https:\/\/www.destinazores.com\/pt-pt\/golfe\/#breadcrumb\",\"itemListElement\":[{\"@type\":\"ListItem\",\"position\":1,\"name\":\"In\u00edcio\",\"item\":\"https:\/\/www.destinazores.com\/en\/\"},{\"@type\":\"ListItem\",\"position\":2,\"name\":\"Golfe\"}]},{\"@type\":\"WebSite\",\"@id\":\"https:\/\/www.destinazores.com\/en\/#website\",\"url\":\"https:\/\/www.destinazores.com\/en\/\",\"name\":\"Destinazores\",\"description\":\"Um Para\u00edso Natural\",\"publisher\":{\"@id\":\"https:\/\/www.destinazores.com\/en\/#organization\"},\"potentialAction\":[{\"@type\":\"SearchAction\",\"target\":{\"@type\":\"EntryPoint\",\"urlTemplate\":\"https:\/\/www.destinazores.com\/en\/?s={search_term_string}\"},\"query-input\":{\"@type\":\"PropertyValueSpecification\",\"valueRequired\":true,\"valueName\":\"search_term_string\"}}],\"inLanguage\":\"pt-PT\"},{\"@type\":\"Organization\",\"@id\":\"https:\/\/www.destinazores.com\/en\/#organization\",\"name\":\"LGM - Gest\u00e3o de Suportes Publicit\u00e1rios\",\"url\":\"https:\/\/www.destinazores.com\/en\/\",\"logo\":{\"@type\":\"ImageObject\",\"inLanguage\":\"pt-PT\",\"@id\":\"https:\/\/www.destinazores.com\/en\/#\/schema\/logo\/image\/\",\"url\":\"https:\/\/www.destinazores.com\/wp-content\/uploads\/2018\/04\/cropped-favicon.png\",\"contentUrl\":\"https:\/\/www.destinazores.com\/wp-content\/uploads\/2018\/04\/cropped-favicon.png\",\"width\":512,\"height\":512,\"caption\":\"LGM - Gest\u00e3o de Suportes Publicit\u00e1rios\"},\"image\":{\"@id\":\"https:\/\/www.destinazores.com\/en\/#\/schema\/logo\/image\/\"},\"sameAs\":[\"https:\/\/www.facebook.com\/destinazores\",\"https:\/\/www.instagram.com\/destinazoresguide\/\"]}]}<\/script>\n<!-- \/ Yoast SEO plugin. -->","yoast_head_json":{"title":"Golfe - Destinazores","description":"Explore os campos de golfe dos A\u00e7ores, incluindo o moderno campo de 27 buracos em S\u00e3o Miguel e o ic\u00f4nico Campo das Furnas.","robots":{"index":"index","follow":"follow","max-snippet":"max-snippet:-1","max-image-preview":"max-image-preview:large","max-video-preview":"max-video-preview:-1"},"canonical":"https:\/\/www.destinazores.com\/pt-pt\/golfe\/","og_locale":"pt_PT","og_type":"article","og_title":"Golfe - Destinazores","og_description":"Explore os campos de golfe dos A\u00e7ores, incluindo o moderno campo de 27 buracos em S\u00e3o Miguel e o ic\u00f4nico Campo das Furnas.","og_url":"https:\/\/www.destinazores.com\/pt-pt\/golfe\/","og_site_name":"Destinazores","article_publisher":"https:\/\/www.facebook.com\/destinazores","article_modified_time":"2025-04-23T15:01:13+00:00","og_image":[{"width":2136,"height":1177,"url":"https:\/\/www.destinazores.com\/wp-content\/uploads\/2018\/04\/golfe-1.jpg","type":"image\/jpeg"}],"twitter_card":"summary_large_image","twitter_misc":{"Tempo estimado de leitura":"2 minutos"},"schema":{"@context":"https:\/\/schema.org","@graph":[{"@type":"WebPage","@id":"https:\/\/www.destinazores.com\/pt-pt\/golfe\/","url":"https:\/\/www.destinazores.com\/pt-pt\/golfe\/","name":"Golfe - Destinazores","isPartOf":{"@id":"https:\/\/www.destinazores.com\/en\/#website"},"primaryImageOfPage":{"@id":"https:\/\/www.destinazores.com\/pt-pt\/golfe\/#primaryimage"},"image":{"@id":"https:\/\/www.destinazores.com\/pt-pt\/golfe\/#primaryimage"},"thumbnailUrl":"https:\/\/www.destinazores.com\/wp-content\/uploads\/2018\/04\/golfe-1.jpg","datePublished":"2017-12-10T11:40:54+00:00","dateModified":"2025-04-23T15:01:13+00:00","description":"Explore os campos de golfe dos A\u00e7ores, incluindo o moderno campo de 27 buracos em S\u00e3o Miguel e o ic\u00f4nico Campo das Furnas.","breadcrumb":{"@id":"https:\/\/www.destinazores.com\/pt-pt\/golfe\/#breadcrumb"},"inLanguage":"pt-PT","potentialAction":[{"@type":"ReadAction","target":["https:\/\/www.destinazores.com\/pt-pt\/golfe\/"]}]},{"@type":"ImageObject","inLanguage":"pt-PT","@id":"https:\/\/www.destinazores.com\/pt-pt\/golfe\/#primaryimage","url":"https:\/\/www.destinazores.com\/wp-content\/uploads\/2018\/04\/golfe-1.jpg","contentUrl":"https:\/\/www.destinazores.com\/wp-content\/uploads\/2018\/04\/golfe-1.jpg","width":2136,"height":1177},{"@type":"BreadcrumbList","@id":"https:\/\/www.destinazores.com\/pt-pt\/golfe\/#breadcrumb","itemListElement":[{"@type":"ListItem","position":1,"name":"In\u00edcio","item":"https:\/\/www.destinazores.com\/en\/"},{"@type":"ListItem","position":2,"name":"Golfe"}]},{"@type":"WebSite","@id":"https:\/\/www.destinazores.com\/en\/#website","url":"https:\/\/www.destinazores.com\/en\/","name":"Destinazores","description":"Um Para\u00edso Natural","publisher":{"@id":"https:\/\/www.destinazores.com\/en\/#organization"},"potentialAction":[{"@type":"SearchAction","target":{"@type":"EntryPoint","urlTemplate":"https:\/\/www.destinazores.com\/en\/?s={search_term_string}"},"query-input":{"@type":"PropertyValueSpecification","valueRequired":true,"valueName":"search_term_string"}}],"inLanguage":"pt-PT"},{"@type":"Organization","@id":"https:\/\/www.destinazores.com\/en\/#organization","name":"LGM - Gest\u00e3o de Suportes Publicit\u00e1rios","url":"https:\/\/www.destinazores.com\/en\/","logo":{"@type":"ImageObject","inLanguage":"pt-PT","@id":"https:\/\/www.destinazores.com\/en\/#\/schema\/logo\/image\/","url":"https:\/\/www.destinazores.com\/wp-content\/uploads\/2018\/04\/cropped-favicon.png","contentUrl":"https:\/\/www.destinazores.com\/wp-content\/uploads\/2018\/04\/cropped-favicon.png","width":512,"height":512,"caption":"LGM - Gest\u00e3o de Suportes Publicit\u00e1rios"},"image":{"@id":"https:\/\/www.destinazores.com\/en\/#\/schema\/logo\/image\/"},"sameAs":["https:\/\/www.facebook.com\/destinazores","https:\/\/www.instagram.com\/destinazoresguide\/"]}]}},"_links":{"self":[{"href":"https:\/\/www.destinazores.com\/pt-pt\/wp-json\/wp\/v2\/pages\/906","targetHints":{"allow":["GET"]}}],"collection":[{"href":"https:\/\/www.destinazores.com\/pt-pt\/wp-json\/wp\/v2\/pages"}],"about":[{"href":"https:\/\/www.destinazores.com\/pt-pt\/wp-json\/wp\/v2\/types\/page"}],"author":[{"embeddable":true,"href":"https:\/\/www.destinazores.com\/pt-pt\/wp-json\/wp\/v2\/users\/1"}],"replies":[{"embeddable":true,"href":"https:\/\/www.destinazores.com\/pt-pt\/wp-json\/wp\/v2\/comments?post=906"}],"version-history":[{"count":1,"href":"https:\/\/www.destinazores.com\/pt-pt\/wp-json\/wp\/v2\/pages\/906\/revisions"}],"predecessor-version":[{"id":3772,"href":"https:\/\/www.destinazores.com\/pt-pt\/wp-json\/wp\/v2\/pages\/906\/revisions\/3772"}],"wp:featuredmedia":[{"embeddable":true,"href":"https:\/\/www.destinazores.com\/pt-pt\/wp-json\/wp\/v2\/media\/4825"}],"wp:attachment":[{"href":"https:\/\/www.destinazores.com\/pt-pt\/wp-json\/wp\/v2\/media?parent=906"}],"curies":[{"name":"wp","href":"https:\/\/api.w.org\/{rel}","templated":true}]}}